{"id":713955,"date":"2025-08-27T17:13:27","date_gmt":"2025-08-27T14:13:27","guid":{"rendered":"https:\/\/roveyayinevi.com.tr\/index.php\/urun\/nostalji-insan-ne-zaman-evindedir-odysseus-aeneas-arendt\/"},"modified":"2026-04-16T02:22:24","modified_gmt":"2026-04-15T23:22:24","slug":"nostalji-insan-ne-zaman-evindedir-odysseus-aeneas-arendt","status":"publish","type":"product","link":"https:\/\/roveyayinevi.com.tr\/index.php\/urun\/nostalji-insan-ne-zaman-evindedir-odysseus-aeneas-arendt\/","title":{"rendered":"Nostalji:  \u0130nsan Ne Zaman Evindedir? &#8211; Odysseus, Aeneas, Arendt"},"content":{"rendered":"<p>\u201cOdysseus\u2019un sonunda \u2018evinde\u2019 oldu\u011funa dair o son derece sembolik i\u015faret, sadece kar\u0131s\u0131yla payla\u015ft\u0131\u011f\u0131 bir s\u0131rd\u0131r, etraf\u0131na evini in\u015fa etti\u011fi zeytin a\u011fac\u0131ndan kendi elleriyle oydu\u011fu k\u00f6kle\u015fmi\u015f yata\u011f\u0131d\u0131r. K\u00f6k salmak ve k\u00f6k\u00fcnden s\u00f6k\u00fclmek: \u0130\u015fte nostalji budur.\u201d Frans\u0131z Akademisi \u00fcyesi, felsefeci ve dilbilimci Barbara Cassin incelikli ve ustal\u0131kl\u0131 bir felsefi ak\u0131l y\u00fcr\u00fctmeyle k\u00f6k salman\u0131n ve k\u00f6ks\u00fczl\u00fc\u011f\u00fcn, ait olman\u0131n ve yersiz olman\u0131n, k\u00fcresel dilde kaybolman\u0131n ve kendi dilinde ya\u015faman\u0131n mitik ve politik ve\u00e7heleri \u00fczerine d\u00fc\u015f\u00fcn\u00fcyor. Homeros\u2019un kahraman\u0131 Odysseus\u2019dan, Vergilius\u2019un kahraman\u0131 Aeneas&#8217;tan, modern \u00e7a\u011f\u0131n trajik y\u0131llar\u0131nda Almanya&#8217;dan ka\u00e7an Hannah Arendt&#8217;ten dem vurarak yolcunun, s\u00fcrg\u00fcn\u00fcn, m\u00fcltecinin k\u0131sacas\u0131 insan\u0131n kendini nerede evinde hissedece\u011fini, nerede nostaljiye kap\u0131laca\u011f\u0131n\u0131 sorguluyor. \u201cK\u00f6k beslemek yerine ba\u015fka yeri, kendini kapatmayan, farkl\u0131 \u2018benzerler\u2019 i\u00e7eren bir d\u00fcnya beslemeyi tercih ederim. \u00d6yleyse insan ne zaman evindedir? Yak\u0131nlar\u0131, dili ve dilleriyle birlikte kabul edildi\u011fi zaman.\u201d <\/p>\n","protected":false},"excerpt":{"rendered":"<p>\u201cOdysseus\u2019un sonunda \u2018evinde\u2019 oldu\u011funa dair o son derece sembolik i\u015faret, sadece kar\u0131s\u0131yla payla\u015ft\u0131\u011f\u0131 bir s\u0131rd\u0131r, etraf\u0131na evini in\u015fa etti\u011fi zeytin a\u011fac\u0131ndan kendi elleriyle oydu\u011fu k\u00f6kle\u015fmi\u015f yata\u011f\u0131d\u0131r.<span class=\"excerpt-hellip\"> [\u2026]<\/span><\/p>\n","protected":false},"featured_media":0,"template":"","meta":{"_monsterinsights_skip_tracking":false,"_monsterinsights_sitenote_active":false,"_monsterinsights_sitenote_note":"","_monsterinsights_sitenote_category":0},"product_brand":[],"product_cat":[12777,12291],"product_tag":[],"class_list":{"0":"post-713955","1":"product","2":"type-product","3":"status-publish","5":"product_cat-deneme","6":"product_cat-edebiyat","7":"pa_cilt-ciltsiz","8":"pa_tur-kitap","9":"pa_yayinevi-kolektif-kitap","10":"pa_yazar-barbara-cassin","12":"first","13":"instock","14":"sale","15":"shipping-taxable","16":"purchasable","17":"product-type-simple"},"_links":{"self":[{"href":"https:\/\/roveyayinevi.com.tr\/index.php\/wp-json\/wp\/v2\/product\/713955","targetHints":{"allow":["GET"]}}],"collection":[{"href":"https:\/\/roveyayinevi.com.tr\/index.php\/wp-json\/wp\/v2\/product"}],"about":[{"href":"https:\/\/roveyayinevi.com.tr\/index.php\/wp-json\/wp\/v2\/types\/product"}],"wp:attachment":[{"href":"https:\/\/roveyayinevi.com.tr\/index.php\/wp-json\/wp\/v2\/media?parent=713955"}],"wp:term":[{"taxonomy":"product_brand","embeddable":true,"href":"https:\/\/roveyayinevi.com.tr\/index.php\/wp-json\/wp\/v2\/product_brand?post=713955"},{"taxonomy":"product_cat","embeddable":true,"href":"https:\/\/roveyayinevi.com.tr\/index.php\/wp-json\/wp\/v2\/product_cat?post=713955"},{"taxonomy":"product_tag","embeddable":true,"href":"https:\/\/roveyayinevi.com.tr\/index.php\/wp-json\/wp\/v2\/product_tag?post=713955"}],"curies":[{"name":"wp","href":"https:\/\/api.w.org\/{rel}","templated":true}]}}