{"id":713954,"date":"2025-08-27T17:13:26","date_gmt":"2025-08-27T14:13:26","guid":{"rendered":"https:\/\/roveyayinevi.com.tr\/index.php\/urun\/dunya-artik-daha-guzel\/"},"modified":"2026-04-16T02:22:24","modified_gmt":"2026-04-15T23:22:24","slug":"dunya-artik-daha-guzel","status":"publish","type":"product","link":"https:\/\/roveyayinevi.com.tr\/index.php\/urun\/dunya-artik-daha-guzel\/","title":{"rendered":"D\u00fcnya Art\u0131k Daha G\u00fczel"},"content":{"rendered":"<p>Tekboynuzlar\u0131 nas\u0131l bilirsiniz? Cansu ve Akcan\u2019\u0131n k\u0131talar\u0131 a\u015fan maceras\u0131! Bast\u0131klar\u0131 yerde \u00e7i\u00e7ekler a\u00e7\u0131yor, a\u011fa\u00e7lar meyve vermek i\u00e7in birbiriyle yar\u0131\u015f\u0131yor; dokunduklar\u0131 herkes mutlulu\u011fa bo\u011fuluyor, yery\u00fcz\u00fc cennete d\u00f6n\u00fc\u015f\u00fcyor&#8230; Bir zamanlar d\u00fcnyan\u0131n her yerindeydiler ama \u015fimdi birbirine \u00e7ok uzak co\u011frafyalarda yapayaln\u0131z ya\u015f\u0131yorlar. Cansu ve Akcan, d\u00fcnya \u00fczerinde kalan son tekboynuzlar. Bir araya gelebilmeleri, Cansu\u2019nun, k\u00fc\u00e7\u00fck Ay\u00e7a ve Elif\u2019in yard\u0131m\u0131yla yapaca\u011f\u0131 tehlikeli ve uzun yolculu\u011fa ba\u011fl\u0131. \u00c7aylak \u00c7ayla, Leylek Leyle, Ay\u0131 Ay\u0131ko ve di\u011fer dostlar\u0131 da, Akcan\u2019\u0131n ya\u015fad\u0131\u011f\u0131 gizli vadiye ula\u015fmaya \u00e7al\u0131\u015fan Cansu\u2019nun maceras\u0131na ortak oluyorlar. Hayal g\u00fcc\u00fcn\u00fcn s\u0131n\u0131rlar\u0131n\u0131 zorlayan ser\u00fcven dolu \u00f6yk\u00fclerle \u00e7ocuklar\u0131n d\u00fcnyas\u0131na renk katan Bilgin Adal\u0131, yine gizemli bir d\u00fcnyaya \u00e7a\u011f\u0131r\u0131yor \u00e7ocuklar\u0131: Dostlu\u011fun ve sevginin engelleri yok eden, mesafeleri k\u0131saltan, k\u0131talar\u0131 a\u015fan g\u00fcc\u00fcn\u00fc anlat\u0131yor. Daha g\u00fczel bir d\u00fcnya i\u00e7in&#8230; <\/p>\n","protected":false},"excerpt":{"rendered":"<p>Tekboynuzlar\u0131 nas\u0131l bilirsiniz? Cansu ve Akcan\u2019\u0131n k\u0131talar\u0131 a\u015fan maceras\u0131! Bast\u0131klar\u0131 yerde \u00e7i\u00e7ekler a\u00e7\u0131yor, a\u011fa\u00e7lar meyve vermek i\u00e7in birbiriyle yar\u0131\u015f\u0131yor; dokunduklar\u0131 herkes mutlulu\u011fa bo\u011fuluyor, yery\u00fcz\u00fc cennete d\u00f6n\u00fc\u015f\u00fcyor&#8230;<span class=\"excerpt-hellip\"> [\u2026]<\/span><\/p>\n","protected":false},"featured_media":0,"template":"","meta":{"_monsterinsights_skip_tracking":false,"_monsterinsights_sitenote_active":false,"_monsterinsights_sitenote_note":"","_monsterinsights_sitenote_category":0},"product_brand":[],"product_cat":[12274,12284],"product_tag":[],"class_list":{"0":"post-713954","1":"product","2":"type-product","3":"status-publish","5":"product_cat-cocuk-ve-genclik-kitaplari","6":"product_cat-hikayeler","7":"pa_cilt-ciltsiz","8":"pa_tur-kitap","9":"pa_yayinevi-yapi-kredi-yayinlari","10":"pa_yazar-bilgin-adali","12":"first","13":"instock","14":"sale","15":"shipping-taxable","16":"purchasable","17":"product-type-simple"},"_links":{"self":[{"href":"https:\/\/roveyayinevi.com.tr\/index.php\/wp-json\/wp\/v2\/product\/713954","targetHints":{"allow":["GET"]}}],"collection":[{"href":"https:\/\/roveyayinevi.com.tr\/index.php\/wp-json\/wp\/v2\/product"}],"about":[{"href":"https:\/\/roveyayinevi.com.tr\/index.php\/wp-json\/wp\/v2\/types\/product"}],"wp:attachment":[{"href":"https:\/\/roveyayinevi.com.tr\/index.php\/wp-json\/wp\/v2\/media?parent=713954"}],"wp:term":[{"taxonomy":"product_brand","embeddable":true,"href":"https:\/\/roveyayinevi.com.tr\/index.php\/wp-json\/wp\/v2\/product_brand?post=713954"},{"taxonomy":"product_cat","embeddable":true,"href":"https:\/\/roveyayinevi.com.tr\/index.php\/wp-json\/wp\/v2\/product_cat?post=713954"},{"taxonomy":"product_tag","embeddable":true,"href":"https:\/\/roveyayinevi.com.tr\/index.php\/wp-json\/wp\/v2\/product_tag?post=713954"}],"curies":[{"name":"wp","href":"https:\/\/api.w.org\/{rel}","templated":true}]}}