{"id":713953,"date":"2025-08-27T17:13:26","date_gmt":"2025-08-27T14:13:26","guid":{"rendered":"https:\/\/roveyayinevi.com.tr\/index.php\/urun\/osmanlinin-hazaninda-gazel-dokumu-modern-turk-siirini-ararken\/"},"modified":"2026-04-16T02:22:24","modified_gmt":"2026-04-15T23:22:24","slug":"osmanlinin-hazaninda-gazel-dokumu-modern-turk-siirini-ararken","status":"publish","type":"product","link":"https:\/\/roveyayinevi.com.tr\/index.php\/urun\/osmanlinin-hazaninda-gazel-dokumu-modern-turk-siirini-ararken\/","title":{"rendered":"Osmanl\u0131\u2019n\u0131n Hazan\u0131nda Gazel D\u00f6k\u00fcm\u00fc Modern T\u00fcrk \u015eiirini Ararken"},"content":{"rendered":"<p>M. Kayahan \u00d6zg\u00fcl\u2019\u00fcn, D\u00eevan Yolu\u2019ndan Pera\u2019ya Sel\u00e2metle kitab\u0131n\u0131n ard\u0131ndan \u201cModern T\u00fcrk \u015eiirini Ararken\u201d alt ba\u015fl\u0131\u011f\u0131yla haz\u0131rlad\u0131\u011f\u0131 se\u00e7ki kitab\u0131 Osmanl\u0131\u2019n\u0131n Haz\u00e2n\u0131nda Gazel D\u00f6k\u00fcm\u00fcde Yap\u0131 Kredi Yay\u0131nlar\u0131 taraf\u0131ndan yay\u0131mland\u0131. Osmanl\u0131\u2019n\u0131n Haz\u00e2n\u0131nda Gazel D\u00f6k\u00fcm\u00fc, M. Kayahan \u00d6zg\u00fcl\u2019\u00fcn kl\u00e2s\u0131k Osmanl\u0131 \u015fiirinden yeni T\u00fcrk \u015fiirine ge\u00e7i\u015f s\u00fcrecini anlatan D\u00eevan Yolu\u2019ndan Pera\u2019ya Sel\u00e2metlekitab\u0131n\u0131n ikinci cildi niteli\u011finde bir \u015fiir se\u00e7kisi. M. Kayahan \u00d6zg\u00fcl, elinizdeki \u201cm\u00fcntehab\u00e2t\u201dta \u00e7o\u011funlu\u011fu on sekizinci ve on dokuzuncu as\u0131rda ya\u015fam\u0131\u015f 333 edipte modern \u015fiirin emarelerini tespit ediyor. Ba\u015fka bir ifadeyle, \u015fiirimizde yenile\u015fme e\u011filimi g\u00f6steren metinleri bir araya getiriyor. M. Kayahan \u00d6zg\u00fcl kitab\u0131n\u0131n sunu\u015funda \u015funlar\u0131 dile getiriyor: Osmanl\u0131 \u00e7\u0131nar\u0131 as\u0131rlar boyu, evvelbahardan ba\u015fka mevsim tan\u0131madan geli\u015fti. XVIII. as\u0131rda Bat\u0131\u2019dan gelen \u00e2n\u00ee bir so\u011fuk hava dalgas\u0131yle titremeye ba\u015flay\u0131ncaya kadar da vakt-i haz\u00e2n\u0131n varl\u0131\u011f\u0131n\u0131 hi\u00e7 hat\u0131rlamad\u0131. Te\u015frin aylar\u0131n\u0131n mahzun havas\u0131 \u00e7\u0131nara yaramad\u0131; yapraklar\u0131 birer iki\u015fer sararma\u011fa, d\u00f6k\u00fclme\u011fe ba\u015flad\u0131. Koca \u00e7\u0131nar, kuruyup gazel olan her yaprakla ha\u015fmetinden, h\u00fcviyetinden, esteti\u011finden bir par\u00e7a daha soyundu. Art\u0131k topra\u011f\u0131 kaplayan \u00f6l\u00fc yapraklar aras\u0131nda nak\u015f\u0131n, m\u00fbs\u0131k\u00eenin, mimar\u00eenin oldu\u011fu kadar, \u015fiirin de muhterem ve muhte\u015fem naa\u015flar\u0131 yatmaktayd\u0131. Elinizdeki kitap, bu sonbahar \u015fehitleri aras\u0131nda dola\u015f\u0131rken toparland\u0131. Ara s\u0131ra yad\u0131rgad\u0131\u011f\u0131n\u0131z \u00f6rneklerle kar\u015f\u0131la\u015f\u0131rsan\u0131z bilin ki, onlar gazeller aras\u0131ndan f\u0131\u015fk\u0131ran ve geli\u015fmek i\u00e7in te\u015fr\u00eenin nemli havas\u0131n\u0131 en m\u00fcsait ortam bilen kanl\u0131ca mantarlar\u0131d\u0131r; bug\u00fcnki modern \u015fiirin habercileridir. <\/p>\n","protected":false},"excerpt":{"rendered":"<p>M. Kayahan \u00d6zg\u00fcl\u2019\u00fcn, D\u00eevan Yolu\u2019ndan Pera\u2019ya Sel\u00e2metle kitab\u0131n\u0131n ard\u0131ndan \u201cModern T\u00fcrk \u015eiirini Ararken\u201d alt ba\u015fl\u0131\u011f\u0131yla haz\u0131rlad\u0131\u011f\u0131 se\u00e7ki kitab\u0131 Osmanl\u0131\u2019n\u0131n Haz\u00e2n\u0131nda Gazel D\u00f6k\u00fcm\u00fcde Yap\u0131 Kredi Yay\u0131nlar\u0131 taraf\u0131ndan<span class=\"excerpt-hellip\"> [\u2026]<\/span><\/p>\n","protected":false},"featured_media":0,"template":"","meta":{"_monsterinsights_skip_tracking":false,"_monsterinsights_sitenote_active":false,"_monsterinsights_sitenote_note":"","_monsterinsights_sitenote_category":0},"product_brand":[],"product_cat":[12777,12291],"product_tag":[],"class_list":{"0":"post-713953","1":"product","2":"type-product","3":"status-publish","5":"product_cat-deneme","6":"product_cat-edebiyat","7":"pa_cilt-ciltsiz","8":"pa_tur-kitap","9":"pa_yayinevi-yapi-kredi-yayinlari","10":"pa_yazar-m-kayahan-ozgul","12":"first","13":"instock","14":"sale","15":"shipping-taxable","16":"purchasable","17":"product-type-simple"},"_links":{"self":[{"href":"https:\/\/roveyayinevi.com.tr\/index.php\/wp-json\/wp\/v2\/product\/713953","targetHints":{"allow":["GET"]}}],"collection":[{"href":"https:\/\/roveyayinevi.com.tr\/index.php\/wp-json\/wp\/v2\/product"}],"about":[{"href":"https:\/\/roveyayinevi.com.tr\/index.php\/wp-json\/wp\/v2\/types\/product"}],"wp:attachment":[{"href":"https:\/\/roveyayinevi.com.tr\/index.php\/wp-json\/wp\/v2\/media?parent=713953"}],"wp:term":[{"taxonomy":"product_brand","embeddable":true,"href":"https:\/\/roveyayinevi.com.tr\/index.php\/wp-json\/wp\/v2\/product_brand?post=713953"},{"taxonomy":"product_cat","embeddable":true,"href":"https:\/\/roveyayinevi.com.tr\/index.php\/wp-json\/wp\/v2\/product_cat?post=713953"},{"taxonomy":"product_tag","embeddable":true,"href":"https:\/\/roveyayinevi.com.tr\/index.php\/wp-json\/wp\/v2\/product_tag?post=713953"}],"curies":[{"name":"wp","href":"https:\/\/api.w.org\/{rel}","templated":true}]}}