{"id":713952,"date":"2025-08-27T17:13:25","date_gmt":"2025-08-27T14:13:25","guid":{"rendered":"https:\/\/roveyayinevi.com.tr\/index.php\/urun\/babalar-analar-ve-ogullar-cevdet-bey-ve-ogullari-sessiz-ev-kirmizi-sacli-kadin\/"},"modified":"2026-04-16T02:22:24","modified_gmt":"2026-04-15T23:22:24","slug":"babalar-analar-ve-ogullar-cevdet-bey-ve-ogullari-sessiz-ev-kirmizi-sacli-kadin","status":"publish","type":"product","link":"https:\/\/roveyayinevi.com.tr\/index.php\/urun\/babalar-analar-ve-ogullar-cevdet-bey-ve-ogullari-sessiz-ev-kirmizi-sacli-kadin\/","title":{"rendered":"Babalar, Analar ve O\u011fullar &#8211; Cevdet Bey ve O\u011fullar\u0131  Sessiz Ev \u2013 K\u0131rm\u0131z\u0131 Sa\u00e7l\u0131 Kad\u0131n"},"content":{"rendered":"<p>Orhan Pamuk K\u00fclliyat\u0131n\u0131n ilk cildi Delta\u2019da Edebiyat\u0131n klasik ve \u015fimdiden klasikle\u015fmi\u015f adlar\u0131n\u0131n k\u00fclliyatlar\u0131n\u0131 okurla tek ya da birka\u00e7 ciltte bulu\u015fturan Yap\u0131 Kredi Yay\u0131nlar\u0131\u2019n\u0131n Delta dizisi Orhan Pamuk k\u00fclliyat\u0131n\u0131n ilk cildiyle okur \u00f6n\u00fcnde. Turgenyev\u2019in edebiyatta ku\u015faklararas\u0131 ili\u015fkileri i\u015fleyi\u015fe yepyeni bir boyut kazand\u0131ran roman\u0131 Babalar ve O\u011fullar\u0131 ad\u0131yla da selamlayan Babalar, Analar ve O\u011fullar cildinde Pamuk\u2019un aile ve ku\u015faklararas\u0131 ili\u015fkiler konular\u0131n\u0131 T\u00fcrkiye tarihi ile i\u00e7 i\u00e7e ele alan ilk iki roman\u0131 Cevdet Bey ve O\u011fullar\u0131 ve Sessiz Ev\u2019in yan\u0131 s\u0131ra konunun bir ilk a\u015fk deneyimi \u00e7er\u00e7evesinde Bat\u0131-Do\u011fu k\u00fclt\u00fcr tarihlerinin psikolojik kuyular\u0131na dek inen ve sat\u0131\u015f rekorlar\u0131 k\u0131ran son roman\u0131 K\u0131rm\u0131z\u0131 Sa\u00e7l\u0131 Kad\u0131n da yer al\u0131yor. Ayr\u0131ca Babalar, Analar ve O\u011fullar cildi hem yeni hem de Pamuk romanlar\u0131n\u0131 yeniden okuyacak merakl\u0131 okurlar\u0131 i\u00e7in t\u00fcm romanlar\u0131n Dizin maddeleriyle farkl\u0131 bir okuma deneyimi ve kolayl\u0131k sa\u011flaman\u0131n yan\u0131 s\u0131ra, ilk iki roman\u0131n sonunda Pamuk\u2019la yap\u0131lm\u0131\u015f s\u00f6yle\u015filerden daha \u00f6nceki kitaplar\u0131nda yer alan se\u00e7ilmi\u015f b\u00f6l\u00fcmlere de yer veriyor. Cildin bu a\u00e7\u0131dan okur i\u00e7in en \u00f6nemli kazan\u0131m\u0131ysa, Pamuk\u2019un kendisine K\u0131rm\u0131z\u0131 Sa\u00e7l\u0131 Kad\u0131n \u00e7er\u00e7evesinde bas\u0131nda en \u00e7ok sorulan sorulara verdi\u011fi cevaplara ekledikleriyle olu\u015fturdu\u011fu kapsaml\u0131 Sons\u00f6z-s\u00f6yle\u015fi\u2026 <\/p>\n","protected":false},"excerpt":{"rendered":"<p>Orhan Pamuk K\u00fclliyat\u0131n\u0131n ilk cildi Delta\u2019da Edebiyat\u0131n klasik ve \u015fimdiden klasikle\u015fmi\u015f adlar\u0131n\u0131n k\u00fclliyatlar\u0131n\u0131 okurla tek ya da birka\u00e7 ciltte bulu\u015fturan Yap\u0131 Kredi Yay\u0131nlar\u0131\u2019n\u0131n Delta dizisi Orhan<span class=\"excerpt-hellip\"> [\u2026]<\/span><\/p>\n","protected":false},"featured_media":0,"template":"","meta":{"_monsterinsights_skip_tracking":false,"_monsterinsights_sitenote_active":false,"_monsterinsights_sitenote_note":"","_monsterinsights_sitenote_category":0},"product_brand":[],"product_cat":[12291,12292],"product_tag":[],"class_list":{"0":"post-713952","1":"product","2":"type-product","3":"status-publish","5":"product_cat-edebiyat","6":"product_cat-turk-edebiyati","7":"pa_cilt-ciltli","8":"pa_tur-kitap","9":"pa_yayinevi-yapi-kredi-yayinlari","10":"pa_yazar-orhan-pamuk","12":"first","13":"instock","14":"sale","15":"shipping-taxable","16":"purchasable","17":"product-type-simple"},"_links":{"self":[{"href":"https:\/\/roveyayinevi.com.tr\/index.php\/wp-json\/wp\/v2\/product\/713952","targetHints":{"allow":["GET"]}}],"collection":[{"href":"https:\/\/roveyayinevi.com.tr\/index.php\/wp-json\/wp\/v2\/product"}],"about":[{"href":"https:\/\/roveyayinevi.com.tr\/index.php\/wp-json\/wp\/v2\/types\/product"}],"wp:attachment":[{"href":"https:\/\/roveyayinevi.com.tr\/index.php\/wp-json\/wp\/v2\/media?parent=713952"}],"wp:term":[{"taxonomy":"product_brand","embeddable":true,"href":"https:\/\/roveyayinevi.com.tr\/index.php\/wp-json\/wp\/v2\/product_brand?post=713952"},{"taxonomy":"product_cat","embeddable":true,"href":"https:\/\/roveyayinevi.com.tr\/index.php\/wp-json\/wp\/v2\/product_cat?post=713952"},{"taxonomy":"product_tag","embeddable":true,"href":"https:\/\/roveyayinevi.com.tr\/index.php\/wp-json\/wp\/v2\/product_tag?post=713952"}],"curies":[{"name":"wp","href":"https:\/\/api.w.org\/{rel}","templated":true}]}}