{"id":713951,"date":"2025-08-27T17:13:25","date_gmt":"2025-08-27T14:13:25","guid":{"rendered":"https:\/\/roveyayinevi.com.tr\/index.php\/urun\/pireli-bale-ayakkabilari\/"},"modified":"2026-04-16T02:22:24","modified_gmt":"2026-04-15T23:22:24","slug":"pireli-bale-ayakkabilari","status":"publish","type":"product","link":"https:\/\/roveyayinevi.com.tr\/index.php\/urun\/pireli-bale-ayakkabilari\/","title":{"rendered":"Pireli Bale Ayakkab\u0131lar\u0131"},"content":{"rendered":"<p>Tek bir yanl\u0131\u015f anlama hepsinin hayat\u0131n\u0131 de\u011fi\u015ftirecekti. Peri tozu almak i\u00e7in Sihirli Tozlar d\u00fckk\u00e2n\u0131n\u0131 arayan Kiraz, pirelerle konu\u015ftu\u011fundan ve pire tozu sipari\u015f etti\u011finden habersizdi. B\u00fct\u00fcn iste\u011fi, \u015fu s\u0131ralar tekrar dans etmek i\u00e7in deste\u011fe ihtiya\u00e7 duyan arkada\u015f\u0131 R\u00fczg\u00e2r\u2019a yard\u0131m etmekti. Pire Pule ile Puleks, kocaman kalpleriyle Kiraz ve R\u00fczg\u00e2r\u2019\u0131n yan\u0131nda olmaya haz\u0131rd\u0131. \u0130ki minik pire, nas\u0131l bir maceraya at\u0131ld\u0131klar\u0131n\u0131n fark\u0131nda bile de\u011fildi\u2026 Dostluk, cesaret ve umut \u00fczerine y\u00fcrekleri \u0131s\u0131tan s\u0131cac\u0131k bir \u00f6yk\u00fc. <\/p>\n","protected":false},"excerpt":{"rendered":"<p>Tek bir yanl\u0131\u015f anlama hepsinin hayat\u0131n\u0131 de\u011fi\u015ftirecekti. Peri tozu almak i\u00e7in Sihirli Tozlar d\u00fckk\u00e2n\u0131n\u0131 arayan Kiraz, pirelerle konu\u015ftu\u011fundan ve pire tozu sipari\u015f etti\u011finden habersizdi. B\u00fct\u00fcn iste\u011fi,<span class=\"excerpt-hellip\"> [\u2026]<\/span><\/p>\n","protected":false},"featured_media":0,"template":"","meta":{"_monsterinsights_skip_tracking":false,"_monsterinsights_sitenote_active":false,"_monsterinsights_sitenote_note":"","_monsterinsights_sitenote_category":0},"product_brand":[],"product_cat":[12275,12274],"product_tag":[],"class_list":{"0":"post-713951","1":"product","2":"type-product","3":"status-publish","5":"product_cat-6-12-yas-kitaplari","6":"product_cat-cocuk-ve-genclik-kitaplari","7":"pa_cilt-ciltsiz","8":"pa_tur-kitap","9":"pa_yayinevi-dogan-egmont-yayincilik","10":"pa_yazar-ozlem-icer","12":"first","13":"instock","14":"sale","15":"shipping-taxable","16":"purchasable","17":"product-type-simple"},"_links":{"self":[{"href":"https:\/\/roveyayinevi.com.tr\/index.php\/wp-json\/wp\/v2\/product\/713951","targetHints":{"allow":["GET"]}}],"collection":[{"href":"https:\/\/roveyayinevi.com.tr\/index.php\/wp-json\/wp\/v2\/product"}],"about":[{"href":"https:\/\/roveyayinevi.com.tr\/index.php\/wp-json\/wp\/v2\/types\/product"}],"wp:attachment":[{"href":"https:\/\/roveyayinevi.com.tr\/index.php\/wp-json\/wp\/v2\/media?parent=713951"}],"wp:term":[{"taxonomy":"product_brand","embeddable":true,"href":"https:\/\/roveyayinevi.com.tr\/index.php\/wp-json\/wp\/v2\/product_brand?post=713951"},{"taxonomy":"product_cat","embeddable":true,"href":"https:\/\/roveyayinevi.com.tr\/index.php\/wp-json\/wp\/v2\/product_cat?post=713951"},{"taxonomy":"product_tag","embeddable":true,"href":"https:\/\/roveyayinevi.com.tr\/index.php\/wp-json\/wp\/v2\/product_tag?post=713951"}],"curies":[{"name":"wp","href":"https:\/\/api.w.org\/{rel}","templated":true}]}}