{"id":713950,"date":"2025-08-27T17:13:24","date_gmt":"2025-08-27T14:13:24","guid":{"rendered":"https:\/\/roveyayinevi.com.tr\/index.php\/urun\/blokzincir-kripto-paralar-bitcoin-satoshi-dunyayi-degistiriyor\/"},"modified":"2026-04-16T02:22:23","modified_gmt":"2026-04-15T23:22:23","slug":"blokzincir-kripto-paralar-bitcoin-satoshi-dunyayi-degistiriyor","status":"publish","type":"product","link":"https:\/\/roveyayinevi.com.tr\/index.php\/urun\/blokzincir-kripto-paralar-bitcoin-satoshi-dunyayi-degistiriyor\/","title":{"rendered":"Blokzincir &#8211; Kripto Paralar &#8211; Bitcoin : Satoshi D\u00fcnyay\u0131 De\u011fi\u015ftiriyor"},"content":{"rendered":"<p>\u201cErkin \u015eahin\u00f6z ve Dr. Vedat G\u00fcven, objektif yakla\u015f\u0131mlar\u0131yla, konuyu en ba\u015f\u0131ndan ele al\u0131p son derecede anla\u015f\u0131l\u0131r bir \u00e7er\u00e7eve i\u00e7ine oturtarak incelemi\u015f ve de\u011ferlendirmi\u015fler. Bu konuda bir\u00e7ok yaz\u0131 ve inceleme okudum, bu kadar kapsaml\u0131 ve anla\u015f\u0131l\u0131r olan\u0131n\u0131 ilk kez g\u00f6r\u00fcyorum.\u201d Dr. Mahfi E\u011filmez \u201cPek \u00e7ok insan kripto paralar\u0131n geli\u015fimi i\u00e7in kar\u015f\u0131l\u0131ks\u0131z \u00e7al\u0131\u015f\u0131yor, felsefi g\u00f6r\u00fc\u015fler ortaya koyuyor. Sevgili Erkin \u015eahin\u00f6z ve Vedat G\u00fcven sadece bu tart\u0131\u015fmaya kat\u0131lmakla kalm\u0131yor sizin de kat\u0131labilmeniz i\u00e7in gerekli alt yap\u0131y\u0131 sa\u011fl\u0131yor.\u201d \u015eantManukyan   \u201cKripto paralar kurals\u0131z ve kar\u015f\u0131l\u0131ks\u0131z para basmak yerine kurall\u0131 para politikalar\u0131 ile emperyal g\u00fc\u00e7lerin elini zorla\u015ft\u0131r\u0131yor. Sonu\u00e7ta efendi-k\u00f6le geleneksel mimarisinden g\u00fcc\u00fcn topluluk \u00fcyelerine da\u011f\u0131t\u0131ld\u0131\u011f\u0131 yeni mimariye ge\u00e7iliyor. G\u00fc\u00e7l\u00fc bir toplumsal ve ekonomik de\u011fi\u015fimin arifesinde oldu\u011fumuz bug\u00fcnlerde blok zinciri ve kriptolar konusunda d\u00fcnyaya \u0131\u015f\u0131k veren ve verecek t\u00fcm \u00e7al\u0131\u015fmalar\u0131 insanl\u0131\u011f\u0131n geli\u015fimi ad\u0131na k\u0131ymetli buluyorum ve bu \u00e7al\u0131\u015fma i\u00e7in titiz emeklerini esirgemeyen Vedat ve Erkin karde\u015flerimi kutluyorum.\u201d Behzat Y\u0131ld\u0131r\u0131mer Son d\u00f6nemin en s\u0131cak konular\u0131ndan biri hi\u00e7 \u015f\u00fcphesiz kripto paralar. Kripto paralar Bitcoin&#8217;le beraber sanki bir anda hayat\u0131m\u0131za girdi ve birden yat\u0131r\u0131m arac\u0131 haline geldi. Peki, Bitcoin ve di\u011fer kripto paralar sadece birer yat\u0131r\u0131m arac\u0131 m\u0131d\u0131r?  Dr. Vedat G\u00fcven ile Erkin \u015eahin\u00f6z bu meseleyi b\u00fct\u00fcn y\u00f6nleriyle, \u00f6zellikle de kripto paralar\u0131n arkas\u0131ndaki teknoloji olan Blokzincir teknolojisini merkeze koyarak ele al\u0131yor; Bitcoin&#8217;in mucidi SatoshiNakamoto&#8217;nun d\u00fcnyay\u0131 nas\u0131l, ne a\u00e7\u0131dan de\u011fi\u015ftirdi\u011fine dair a\u00e7\u0131klay\u0131c\u0131 bilgiler veriyorlar. Kitapta kripto paralar ile Blokzincir&#8217;in ne oldu\u011fu, ilk ortaya \u00e7\u0131kt\u0131klar\u0131 zamandan bug\u00fcne seyirlerinin anlat\u0131lmas\u0131n\u0131n yan\u0131nda gelecekte bizi nelerin bekledi\u011fine de de\u011finiliyor. G\u00fcven ve \u015eahin\u00f6z&#8217;e g\u00f6re Bitcoin sadece bir ba\u015flang\u0131\u00e7. \u0130leride \u00f6zel olarak para sistemlerinde, genel olarak da ya\u015famlar\u0131m\u0131zda Blokzincir uygulamas\u0131 sayesinde \u00e7ok k\u00f6kl\u00fc de\u011fi\u015fimler ya\u015fayaca\u011f\u0131z. Bitcoin yat\u0131r\u0131mc\u0131lar\u0131n\u0131 gayet yak\u0131ndan ilgilendiren Bitcoin ve kripto paralar\u0131n resmi yasal ve hukuki boyutunun ele al\u0131nd\u0131\u011f\u0131 son b\u00f6l\u00fcm ise kitab\u0131n en orijinal y\u00f6nlerinden birini sunuyor. Blokzincir &#8211; Kripto Paralar &#8211; Bitcoin: Satoshi D\u00fcnyay\u0131 De\u011fi\u015ftiriyor, hem ezberleri bozan hem de k\u0131lavuz niteli\u011finde bir kitap. <\/p>\n","protected":false},"excerpt":{"rendered":"<p>\u201cErkin \u015eahin\u00f6z ve Dr. Vedat G\u00fcven, objektif yakla\u015f\u0131mlar\u0131yla, konuyu en ba\u015f\u0131ndan ele al\u0131p son derecede anla\u015f\u0131l\u0131r bir \u00e7er\u00e7eve i\u00e7ine oturtarak incelemi\u015f ve de\u011ferlendirmi\u015fler. Bu konuda bir\u00e7ok<span class=\"excerpt-hellip\"> [\u2026]<\/span><\/p>\n","protected":false},"featured_media":0,"template":"","meta":{"_monsterinsights_skip_tracking":false,"_monsterinsights_sitenote_active":false,"_monsterinsights_sitenote_note":"","_monsterinsights_sitenote_category":0},"product_brand":[],"product_cat":[13043,17647],"product_tag":[],"class_list":{"0":"post-713950","1":"product","2":"type-product","3":"status-publish","5":"product_cat-ekonomi","6":"product_cat-is-dunyasi","7":"pa_cilt-ciltsiz","8":"pa_tur-kitap","9":"pa_yayinevi-kronik-kitap","10":"pa_yazar-vedat-guven-erkin-sahingoz","12":"first","13":"instock","14":"sale","15":"shipping-taxable","16":"purchasable","17":"product-type-simple"},"_links":{"self":[{"href":"https:\/\/roveyayinevi.com.tr\/index.php\/wp-json\/wp\/v2\/product\/713950","targetHints":{"allow":["GET"]}}],"collection":[{"href":"https:\/\/roveyayinevi.com.tr\/index.php\/wp-json\/wp\/v2\/product"}],"about":[{"href":"https:\/\/roveyayinevi.com.tr\/index.php\/wp-json\/wp\/v2\/types\/product"}],"wp:attachment":[{"href":"https:\/\/roveyayinevi.com.tr\/index.php\/wp-json\/wp\/v2\/media?parent=713950"}],"wp:term":[{"taxonomy":"product_brand","embeddable":true,"href":"https:\/\/roveyayinevi.com.tr\/index.php\/wp-json\/wp\/v2\/product_brand?post=713950"},{"taxonomy":"product_cat","embeddable":true,"href":"https:\/\/roveyayinevi.com.tr\/index.php\/wp-json\/wp\/v2\/product_cat?post=713950"},{"taxonomy":"product_tag","embeddable":true,"href":"https:\/\/roveyayinevi.com.tr\/index.php\/wp-json\/wp\/v2\/product_tag?post=713950"}],"curies":[{"name":"wp","href":"https:\/\/api.w.org\/{rel}","templated":true}]}}