{"id":713947,"date":"2025-08-27T17:13:22","date_gmt":"2025-08-27T14:13:22","guid":{"rendered":"https:\/\/roveyayinevi.com.tr\/index.php\/urun\/buyuk-savasin-kara-kutusu-ii-abdulhamidden-i-dunya-savasina-osmanli-silah-pazarinin-perde-arkasi\/"},"modified":"2026-04-16T02:22:23","modified_gmt":"2026-04-15T23:22:23","slug":"buyuk-savasin-kara-kutusu-ii-abdulhamidden-i-dunya-savasina-osmanli-silah-pazarinin-perde-arkasi","status":"publish","type":"product","link":"https:\/\/roveyayinevi.com.tr\/index.php\/urun\/buyuk-savasin-kara-kutusu-ii-abdulhamidden-i-dunya-savasina-osmanli-silah-pazarinin-perde-arkasi\/","title":{"rendered":"B\u00fcy\u00fck Sava\u015f\u0131n Kara Kutusu &#8211; II. Abd\u00fclhamid\u2019den I. D\u00fcnya Sava\u015f\u0131\u2019na Osmanl\u0131 Silah Pazar\u0131n\u0131n Perde Arkas\u0131"},"content":{"rendered":"<p>\u201cNaci Yorulmaz\u2019\u0131n kaleme ald\u0131\u011f\u0131 ve daha \u00f6nce \u0130ngilizcesini okudu\u011fum B\u00fcy\u00fck Sava\u015f\u0131n Kara Kutusu Kronik Kitap taraf\u0131ndan T\u00fcrk\u00e7eye kazand\u0131r\u0131lm\u0131\u015f bulunuyor. Osmanl\u0131 ile Almanya aras\u0131ndaki ili\u015fkilerde ak\u0131llarda en \u00e7ok kalan ki\u015filik Von der Goltz Pa\u015fa ve Osmanl\u0131 ordusunun Rus Harbi\u2019nden (93 Harbi) sonraki reformunda da Alman savunma sanayisinin Osmanl\u0131 silah pazar\u0131ndaki etkisidir. \u00d6nceleri Amerika ile yap\u0131lan yo\u011fun silah ticareti \u00f6zellikle II. Abd\u00fclhamid\u2019den sonra Almanya ile yap\u0131lan silah ticaretine d\u00f6n\u00fc\u015fm\u00fc\u015ft\u00fcr. T\u00fcrk ata\u015femiliterlerinin, \u00f6nceleri Almanya\u2019da e\u011fitim g\u00f6ren subaylar aras\u0131ndan se\u00e7ilmesi ve gelen Alman askeri m\u00fc\u015favirlerin T\u00fcrk ordusunun \u00f6zelliklerini \u00e7ok iyi kavramas\u0131 dolay\u0131s\u0131yla s\u00f6z konusu silah ticaretin geli\u015fti\u011fi s\u0131k dile getirilir. Asl\u0131nda bir ger\u00e7e\u011fi de unutmamak gerekir ki I. D\u00fcnya Harbi\u2019nden evvel silah sanayisi i\u00e7inde Almanya\u2019n\u0131n ve \u00c7ekya\u2019daki tesisler dolay\u0131s\u0131yla Avusturya\u2019n\u0131n da \u00f6zel bir yeri vard\u0131r. \u0130\u015fte kitapta a\u00e7\u0131kl\u0131kla g\u00f6sterildi\u011fi gibi Osmanl\u0131 \u0130mparatorlu\u011fu zamanla bu \u00fclkelerin silah firmalar\u0131n\u0131n rekabet etti\u011fi \u00f6nemli bir pazar haline gelmi\u015ftir. Kitab\u0131nda bu konular\u0131 dikkatli bir \u015fekilde ele al\u0131p inceleyen Naci Yorulmaz\u2019\u0131n bu \u00e7al\u0131\u015fmas\u0131n\u0131n II. Abd\u00fclhamid ve sonras\u0131 d\u00f6neme ilgi duyanlar ile savunma sanayisi ve silah ticareti konular\u0131nda okuma yapmak isteyenler i\u00e7in de olduk\u00e7a yararl\u0131 olaca\u011f\u0131 kan\u0131s\u0131nday\u0131m.\u201d \u0130lber Ortayl\u0131, Galatasaray \u00dcniversitesi Dr. Naci Yorulmaz, Osmanl\u0131ca, \u0130ngilizce ve Almanca kaynaklar\u0131n e\u015fli\u011finde yak\u0131n tarihin daha \u00f6nce ele al\u0131nmam\u0131\u015f bir konusunu, benzersiz bi\u00e7imde ele al\u0131yor. II. Abd\u00fclhamid d\u00f6neminden I. D\u00fcnya Sava\u015f\u0131\u2019na kadar Osmanl\u0131 silah pazar\u0131n\u0131n perde arkas\u0131, Yorulmaz\u2019\u0131n ak\u0131c\u0131 \u00fcslubuyla B\u00fcy\u00fck Sava\u015f\u0131n Kara Kutusu\u2019nda ortaya \u00e7\u0131k\u0131yor. Kitap, Almanya-Osmanl\u0131 silah ticareti \u00f6rne\u011fiyle uluslararas\u0131 silah sat\u0131\u015flar\u0131n\u0131n d\u0131\u015f politika arac\u0131 olarak nas\u0131l kullan\u0131ld\u0131\u011f\u0131n\u0131 d\u00f6rt farkl\u0131 \u00fclkenin zengin ar\u015fiv belgeleriyle a\u00e7\u0131k bir \u015fekilde g\u00f6steriyor. Alman askeri dan\u0131\u015fmanlar\u0131n, d\u0131\u015f temsilciliklerin silah pazar\u0131nda oynad\u0131klar\u0131 etkin rol\u00fc, \u015fahsi diplomasinin hem d\u0131\u015f politika in\u015fa s\u00fcrecindeki hem de silah sat\u0131\u015flar\u0131ndaki belirleyici g\u00fcc\u00fc ve silah sat\u0131\u015flar\u0131n\u0131n politik \u015fantaj malzemesi olarak nas\u0131l kullan\u0131ld\u0131\u011f\u0131 bu kitapta g\u00fcn y\u00fcz\u00fcne \u00e7\u0131k\u0131yor. Osmanl\u0131\u2019y\u0131 Almanya ile ittifak halinde B\u00fcy\u00fck Sava\u015f\u2019a s\u00fcr\u00fckleyen \u00e7ok y\u00f6nl\u00fc s\u00fcreci uluslararas\u0131 silah sat\u0131\u015flar\u0131yla ili\u015fkilendiren Yorulmaz bu konuda \u00f6zg\u00fcn bir yakla\u015f\u0131m\u0131 da tart\u0131\u015fmaya a\u00e7\u0131yor. Sultan II. Abd\u00fclhamid ve sonras\u0131 d\u00f6nemi \u00e7ok farkl\u0131 bir a\u00e7\u0131dan ele alan B\u00fcy\u00fck Sava\u015f\u0131n Kara Kutusu, Osmanl\u0131-Almanya ili\u015fkilerini \u00e7al\u0131\u015facak bir\u00e7ok tarih\u00e7i i\u00e7in \u00f6nemli bir ba\u015fvuru kayna\u011f\u0131 olman\u0131n yan\u0131 s\u0131ra siyasi ve askeri tarih, iktisat tarihi ve uluslararas\u0131 ili\u015fkiler tarihi alanlar\u0131na ilgi duyan herkese hitap eden \u00f6nc\u00fc ve yenilik\u00e7i bir \u00e7al\u0131\u015fma. <\/p>\n","protected":false},"excerpt":{"rendered":"<p>\u201cNaci Yorulmaz\u2019\u0131n kaleme ald\u0131\u011f\u0131 ve daha \u00f6nce \u0130ngilizcesini okudu\u011fum B\u00fcy\u00fck Sava\u015f\u0131n Kara Kutusu Kronik Kitap taraf\u0131ndan T\u00fcrk\u00e7eye kazand\u0131r\u0131lm\u0131\u015f bulunuyor. Osmanl\u0131 ile Almanya aras\u0131ndaki ili\u015fkilerde ak\u0131llarda en<span class=\"excerpt-hellip\"> [\u2026]<\/span><\/p>\n","protected":false},"featured_media":0,"template":"","meta":{"_monsterinsights_skip_tracking":false,"_monsterinsights_sitenote_active":false,"_monsterinsights_sitenote_note":"","_monsterinsights_sitenote_category":0},"product_brand":[],"product_cat":[13517,12304],"product_tag":[],"class_list":{"0":"post-713947","1":"product","2":"type-product","3":"status-publish","5":"product_cat-osmanli-tarihi","6":"product_cat-tarih","7":"pa_cilt-ciltsiz","8":"pa_tur-kitap","9":"pa_yayinevi-kronik-kitap","10":"pa_yazar-naci-yorulmaz","12":"first","13":"instock","14":"sale","15":"shipping-taxable","16":"purchasable","17":"product-type-simple"},"_links":{"self":[{"href":"https:\/\/roveyayinevi.com.tr\/index.php\/wp-json\/wp\/v2\/product\/713947","targetHints":{"allow":["GET"]}}],"collection":[{"href":"https:\/\/roveyayinevi.com.tr\/index.php\/wp-json\/wp\/v2\/product"}],"about":[{"href":"https:\/\/roveyayinevi.com.tr\/index.php\/wp-json\/wp\/v2\/types\/product"}],"wp:attachment":[{"href":"https:\/\/roveyayinevi.com.tr\/index.php\/wp-json\/wp\/v2\/media?parent=713947"}],"wp:term":[{"taxonomy":"product_brand","embeddable":true,"href":"https:\/\/roveyayinevi.com.tr\/index.php\/wp-json\/wp\/v2\/product_brand?post=713947"},{"taxonomy":"product_cat","embeddable":true,"href":"https:\/\/roveyayinevi.com.tr\/index.php\/wp-json\/wp\/v2\/product_cat?post=713947"},{"taxonomy":"product_tag","embeddable":true,"href":"https:\/\/roveyayinevi.com.tr\/index.php\/wp-json\/wp\/v2\/product_tag?post=713947"}],"curies":[{"name":"wp","href":"https:\/\/api.w.org\/{rel}","templated":true}]}}