{"id":713946,"date":"2025-08-27T17:13:22","date_gmt":"2025-08-27T14:13:22","guid":{"rendered":"https:\/\/roveyayinevi.com.tr\/index.php\/urun\/kosulsuz-ebeveynlik-odul-ve-cezalari-terk-edip-sevgi-ve-akilciliga-yonelmek\/"},"modified":"2026-04-16T02:22:23","modified_gmt":"2026-04-15T23:22:23","slug":"kosulsuz-ebeveynlik-odul-ve-cezalari-terk-edip-sevgi-ve-akilciliga-yonelmek","status":"publish","type":"product","link":"https:\/\/roveyayinevi.com.tr\/index.php\/urun\/kosulsuz-ebeveynlik-odul-ve-cezalari-terk-edip-sevgi-ve-akilciliga-yonelmek\/","title":{"rendered":"Ko\u015fulsuz Ebeveynlik : \u00d6d\u00fcl ve Cezalar\u0131 Terk Edip Sevgi ve Ak\u0131lc\u0131l\u0131\u011fa Y\u00f6nelmek"},"content":{"rendered":"<p>&#8220;Ko\u015fulsuz Ebeveynlik, \u00e7ocu\u011funuzla ger\u00e7ekte nas\u0131l bir ili\u015fki istedi\u011finizi, ebeveynlik \u00f6nceliklerinizin neler oldu\u011funu ve eski ku\u015fak ebeveynlerin ya\u011fpt\u0131\u011f\u0131 hatalardan nas\u0131l ka\u00e7\u0131naca\u011f\u0131n\u0131z\u0131 uzun uzun d\u00fc\u015f\u00fcnmenizi sa\u011flayacak.  Bu kitap Alfie Kohn&#8217;un en \u00f6nemli, en ikna edici yap\u0131tlar\u0131ndan biri. \u00c7ocu\u011funuz a\u015fk\u0131na&#8230; okuyun bunu!&#8221;-Ross W. Greene, Ba\u015fa \u00c7\u0131k\u0131lamayan \u00c7ocuklar yazar\u0131\u00c7o\u011fu ebeveyn kitab\u0131 &#8220;\u00c7ocuklara nas\u0131l laf dinletiriz?&#8221; sorusuyla ba\u015flar ve onlar\u0131 itaat ettirmenin yollar\u0131n\u0131 tart\u0131\u015f\u0131r. Alfie Kohn ise tam anlam\u0131yla ezber bozan bu kitapta &#8220;\u00c7ocuklar neye gereksinim duyar ve bu gereksinimleri nas\u0131l kar\u015f\u0131lar\u0131z?&#8221; sorusunu soruyor ve sa\u011fl\u0131kl\u0131 bir psikolojik geli\u015fim yolunda \u00e7ocuklarla birlikte \u00e7al\u0131\u015fmay\u0131 hedefleyen y\u00f6ntemleri a\u00e7\u0131kl\u0131yor.Her \u00e7ocu\u011fun temel gereksinimi, ko\u015fulsuz olarak sevilmek, yetersiz kalsa veya ba\u015far\u0131s\u0131zl\u0131\u011fa u\u011frasa bile oldu\u011fu gibi kabul edilece\u011fini bilmektir. Ama al\u0131\u015f\u0131lm\u0131\u015f ebeveynlik yakla\u015f\u0131mlar\u0131n\u0131n, yani cezalar\u0131n (\u015faplak, yergi, &#8220;mola&#8221; vs.) \u00f6d\u00fcllerin (\u00f6vg\u00fc, olumlu peki\u015ftirme vs.) ve di\u011fer kontrol y\u00f6ntemlerinin \u00e7ocu\u011fa verdi\u011fi mesaj, ancak bizi memnun etmesi veya etkilemesi ko\u015fuluyla sevgi g\u00f6rece\u011fidir.Asl\u0131nda \u00e7o\u011fu ebeveyn bu mesaj\u0131 g\u00f6nderme niyetinde de\u011fildir, ama \u00e7ocu\u011fun zihninde olu\u015fan izlenim tam\u0131 tam\u0131na bu olur. Kohn ise s\u00f6z konusu izlenimi yaratman\u0131n y\u0131k\u0131c\u0131 etkilerini, ince ince \u00e7\u00f6z\u00fcmledi\u011fi b\u00fcy\u00fck bir ara\u015ft\u0131rma birikimiyle \u00f6n\u00fcm\u00fcze koyuyor.Di\u011fer yandan bu kitap yaln\u0131zca disipline y\u00f6nelik bir yap\u0131t de\u011fildir. Yeti\u015fkinlerin \u00e7ocuklara nas\u0131l davrand\u0131\u011f\u0131n\u0131, onlar hakk\u0131nda ne d\u00fc\u015f\u00fcnd\u00fc\u011f\u00fcn\u00fc ve hissetti\u011fini de incelemekte, ebeveynleri \u00e7ocuk yeti\u015ftirmeye dair temel varsay\u0131mlar\u0131 sorgulamaya davet etmektedir. Ayr\u0131ca \u00e7ocuklara yapma tekniklerinin terkedip \u00e7ocuklarla \u00e7al\u0131\u015fma tekniklerine kaymakta, di\u011fer bir deyi\u015fle, sevecen ve sorumlu insanlara d\u00f6n\u00fc\u015fmek i\u00e7in gereksinim duyduklar\u0131 ko\u015fulsuz deste\u011fi \u00e7ocuklara sa\u011flamakta yararlan\u0131lacak ger\u00e7ek\u00e7i stratejiler de sunmaktad\u0131r.Ebeveynli\u011fi bamba\u015fka bir a\u00e7\u0131dan inceleyen bu kitap anne ve babalar\u0131 en y\u00fcce i\u00e7 g\u00fcd\u00fcleriyle yeniden bulu\u015fturacak ve \u00e7ocuklar\u0131na daha da iyi ebeveynlik etme \u00e7abalar\u0131da farkl\u0131 y\u00f6nlerden esinleyecektir.Alfie Kohn e\u011fitim, \u00f6\u011fretim, psikoloji ve ebeveynlik konular\u0131nda anne babalar\u0131n ve e\u011fitimcilerin d\u00fc\u015f\u00fcncelerini bi\u00e7imlendirmi\u015f on \u00fc\u00e7 kitab\u0131n yazar\u0131d\u0131r. Ger\u00e7ek olarak Bostan  b\u00f6lgesinde, sanal olarak ise www.alfiekohn.org adresinde ya\u015famaktad\u0131r. <\/p>\n","protected":false},"excerpt":{"rendered":"<p>&#8220;Ko\u015fulsuz Ebeveynlik, \u00e7ocu\u011funuzla ger\u00e7ekte nas\u0131l bir ili\u015fki istedi\u011finizi, ebeveynlik \u00f6nceliklerinizin neler oldu\u011funu ve eski ku\u015fak ebeveynlerin ya\u011fpt\u0131\u011f\u0131 hatalardan nas\u0131l ka\u00e7\u0131naca\u011f\u0131n\u0131z\u0131 uzun uzun d\u00fc\u015f\u00fcnmenizi sa\u011flayacak. Bu kitap<span class=\"excerpt-hellip\"> [\u2026]<\/span><\/p>\n","protected":false},"featured_media":0,"template":"","meta":{"_monsterinsights_skip_tracking":false,"_monsterinsights_sitenote_active":false,"_monsterinsights_sitenote_note":"","_monsterinsights_sitenote_category":0},"product_brand":[],"product_cat":[17996,12364],"product_tag":[],"class_list":{"0":"post-713946","1":"product","2":"type-product","3":"status-publish","5":"product_cat-ebeveyn-kitaplari","6":"product_cat-genel-konular","7":"pa_cilt-ciltsiz","8":"pa_tur-kitap","9":"pa_yayinevi-gorunmez-adam-yayincilik","10":"pa_yazar-alfie-kohn","12":"first","13":"instock","14":"sale","15":"shipping-taxable","16":"purchasable","17":"product-type-simple"},"_links":{"self":[{"href":"https:\/\/roveyayinevi.com.tr\/index.php\/wp-json\/wp\/v2\/product\/713946","targetHints":{"allow":["GET"]}}],"collection":[{"href":"https:\/\/roveyayinevi.com.tr\/index.php\/wp-json\/wp\/v2\/product"}],"about":[{"href":"https:\/\/roveyayinevi.com.tr\/index.php\/wp-json\/wp\/v2\/types\/product"}],"wp:attachment":[{"href":"https:\/\/roveyayinevi.com.tr\/index.php\/wp-json\/wp\/v2\/media?parent=713946"}],"wp:term":[{"taxonomy":"product_brand","embeddable":true,"href":"https:\/\/roveyayinevi.com.tr\/index.php\/wp-json\/wp\/v2\/product_brand?post=713946"},{"taxonomy":"product_cat","embeddable":true,"href":"https:\/\/roveyayinevi.com.tr\/index.php\/wp-json\/wp\/v2\/product_cat?post=713946"},{"taxonomy":"product_tag","embeddable":true,"href":"https:\/\/roveyayinevi.com.tr\/index.php\/wp-json\/wp\/v2\/product_tag?post=713946"}],"curies":[{"name":"wp","href":"https:\/\/api.w.org\/{rel}","templated":true}]}}