{"id":713944,"date":"2025-08-27T17:13:21","date_gmt":"2025-08-27T14:13:21","guid":{"rendered":"https:\/\/roveyayinevi.com.tr\/index.php\/urun\/yazi-kalir\/"},"modified":"2025-11-22T04:42:56","modified_gmt":"2025-11-22T01:42:56","slug":"yazi-kalir","status":"publish","type":"product","link":"https:\/\/roveyayinevi.com.tr\/index.php\/urun\/yazi-kalir\/","title":{"rendered":"&#8230;Yaz\u0131 Kal\u0131r"},"content":{"rendered":"<p>S\u00f6zden yaz\u0131ya kalanlar Do\u011fan H\u0131zlan\u2019\u0131n edebiyat\u0131m\u0131z\u0131n tan\u0131nm\u0131\u015f isimleriyle yapt\u0131\u011f\u0131 radyo ve televizyon sohbetleri &#8230;Yaz\u0131 Kal\u0131r\u2019da bir araya geliyor. Baz\u0131lar\u0131 art\u0131k aram\u0131zda olmayan yazar ve \u015fair dostlar\u0131, Do\u011fan H\u0131zlan\u2019a kendi hik\u00e2yelerini anlat\u0131yor, ilham ald\u0131klar\u0131 eski ustalar\u0131 a\u00e7\u0131kl\u0131yor, yazd\u0131klar\u0131 kitaplar\u0131 tart\u0131\u015f\u0131yor. &#8230;Yaz\u0131 Kal\u0131r, Do\u011fan H\u0131zlan ile \u201cyol arkada\u015fl\u0131\u011f\u0131\u201d yapan, T\u00fcrk edebiyat\u0131nda iz b\u0131rakm\u0131\u015f isimlerin kitab\u0131. Edebiyat\u0131m\u0131z\u0131n u\u011frad\u0131\u011f\u0131 duraklar\u0131n, edebi ak\u0131mlar\u0131n, ele\u015ftirilerin, de\u011fi\u015fimlerin hik\u00e2yesi. Belgesel niteli\u011findeki kitap an\u0131larda bir gezinti. Yazarlar\u0131 daha iyi tan\u0131mak, eserlerini daha iyi anlamak i\u00e7in bir rehber. Onlar\u0131n sesleri ve s\u00f6zleri kaybolmas\u0131n, u\u00e7up gitmesin, hak etti\u011fi gibi edebiyat tarihindeki yerini als\u0131n diye&#8230; <\/p>\n","protected":false},"excerpt":{"rendered":"<p>S\u00f6zden yaz\u0131ya kalanlar Do\u011fan H\u0131zlan\u2019\u0131n edebiyat\u0131m\u0131z\u0131n tan\u0131nm\u0131\u015f isimleriyle yapt\u0131\u011f\u0131 radyo ve televizyon sohbetleri &#8230;Yaz\u0131 Kal\u0131r\u2019da bir araya geliyor. Baz\u0131lar\u0131 art\u0131k aram\u0131zda olmayan yazar ve \u015fair dostlar\u0131,<span class=\"excerpt-hellip\"> [\u2026]<\/span><\/p>\n","protected":false},"featured_media":0,"template":"","meta":{"_monsterinsights_skip_tracking":false,"_monsterinsights_sitenote_active":false,"_monsterinsights_sitenote_note":"","_monsterinsights_sitenote_category":0},"product_brand":[],"product_cat":[12364,12826],"product_tag":[],"class_list":{"0":"post-713944","1":"product","2":"type-product","3":"status-publish","5":"product_cat-genel-konular","6":"product_cat-soylesi","7":"pa_cilt-ciltsiz","8":"pa_tur-kitap","9":"pa_yayinevi-dogan-kitap","10":"pa_yazar-dogan-hizlan","12":"first","13":"instock","14":"sale","15":"shipping-taxable","16":"purchasable","17":"product-type-simple"},"_links":{"self":[{"href":"https:\/\/roveyayinevi.com.tr\/index.php\/wp-json\/wp\/v2\/product\/713944","targetHints":{"allow":["GET"]}}],"collection":[{"href":"https:\/\/roveyayinevi.com.tr\/index.php\/wp-json\/wp\/v2\/product"}],"about":[{"href":"https:\/\/roveyayinevi.com.tr\/index.php\/wp-json\/wp\/v2\/types\/product"}],"wp:attachment":[{"href":"https:\/\/roveyayinevi.com.tr\/index.php\/wp-json\/wp\/v2\/media?parent=713944"}],"wp:term":[{"taxonomy":"product_brand","embeddable":true,"href":"https:\/\/roveyayinevi.com.tr\/index.php\/wp-json\/wp\/v2\/product_brand?post=713944"},{"taxonomy":"product_cat","embeddable":true,"href":"https:\/\/roveyayinevi.com.tr\/index.php\/wp-json\/wp\/v2\/product_cat?post=713944"},{"taxonomy":"product_tag","embeddable":true,"href":"https:\/\/roveyayinevi.com.tr\/index.php\/wp-json\/wp\/v2\/product_tag?post=713944"}],"curies":[{"name":"wp","href":"https:\/\/api.w.org\/{rel}","templated":true}]}}