{"id":713943,"date":"2025-08-27T17:13:20","date_gmt":"2025-08-27T14:13:20","guid":{"rendered":"https:\/\/roveyayinevi.com.tr\/index.php\/urun\/dorian-grayin-portresi-4\/"},"modified":"2026-02-03T02:35:45","modified_gmt":"2026-02-02T23:35:45","slug":"dorian-grayin-portresi-4","status":"publish","type":"product","link":"https:\/\/roveyayinevi.com.tr\/index.php\/urun\/dorian-grayin-portresi-4\/","title":{"rendered":"Dorian Gray\u2019in Portresi"},"content":{"rendered":"<p>Bir yandan korkun bir yandan  umudun varsa iki kanatl\u0131 olursun,  tek kanatla u\u00e7ulmaz zaten.  Mevl\u00e2n\u00e2 Oscar Wilde\u2019\u0131n \u201cOkuyan herkes ba\u015f karakterde kendi g\u00fcnah\u0131n\u0131 g\u00f6recek,\u201d dedi\u011fi tek roman\u0131 Dorian Gray\u2019in Portresi edebiyat\u0131n ku\u015fkusuz en b\u00fcy\u00fck klasik eserlerinden biri&#8230; Fakat Dorian Gray\u2019in  Portresi\u2019ni bu kadar b\u00fcy\u00fck ve zamans\u0131z k\u0131lan, ahlaka, yarg\u0131lara, g\u00fczelli\u011fe, sanata, gen\u00e7li\u011fe, toplumsal normlara ve korkular\u0131m\u0131za dair s\u00f6yledikleri&#8230; Ressam Basil Hallward\u2019\u0131n g\u00fczelli\u011fiyle b\u00fcy\u00fcleyen gen\u00e7 Dorian Gray\u2019in portresini yapmas\u0131 ve bu portrenin gen\u00e7 adam\u0131n hayat\u0131n\u0131 ele ge\u00e7iri\u015fini anlatan \u201czamans\u0131z\u201d bir ba\u015fyap\u0131t. &#8220;\u2026 Gen\u00e7li\u011finiz s\u00fcrerken tad\u0131n\u0131 \u00e7\u0131kar\u0131n. Can s\u0131k\u0131c\u0131 \u015feyleri dinleyerek, umutsuz ba\u015far\u0131s\u0131zl\u0131klar\u0131 gidermeye \u00e7al\u0131\u015farak ya da hayat\u0131n\u0131z\u0131 cahiller, s\u0131radanlar, baya\u011f\u0131lar i\u00e7in t\u00fcketerek alt\u0131n g\u00fcnlerinizi bo\u015fa  harcamay\u0131n; bunlar \u00e7a\u011f\u0131m\u0131z\u0131n sa\u011fl\u0131ks\u0131z hedefleri, sahte idealleri. Ya\u015fay\u0131n!  \u0130\u00e7inizdeki harika hayat\u0131 ya\u015fay\u0131n! Hi\u00e7bir \u015feyi ziyan etmeyin. Hep yeni heyecanlar aray\u0131n. Hi\u00e7bir \u015feyden korkmay\u0131n\u2026\u201d <\/p>\n","protected":false},"excerpt":{"rendered":"<p>Bir yandan korkun bir yandan umudun varsa iki kanatl\u0131 olursun, tek kanatla u\u00e7ulmaz zaten. Mevl\u00e2n\u00e2 Oscar Wilde\u2019\u0131n \u201cOkuyan herkes ba\u015f karakterde kendi g\u00fcnah\u0131n\u0131 g\u00f6recek,\u201d dedi\u011fi tek<span class=\"excerpt-hellip\"> [\u2026]<\/span><\/p>\n","protected":false},"featured_media":0,"template":"","meta":{"_monsterinsights_skip_tracking":false,"_monsterinsights_sitenote_active":false,"_monsterinsights_sitenote_note":"","_monsterinsights_sitenote_category":0},"product_brand":[],"product_cat":[12291,12711],"product_tag":[],"class_list":{"0":"post-713943","1":"product","2":"type-product","3":"status-publish","5":"product_cat-edebiyat","6":"product_cat-roman-oyku","7":"pa_cilt-ciltli","8":"pa_tur-kitap","9":"pa_yayinevi-dex-yayinevi","10":"pa_yazar-oscar-wilde","12":"first","13":"instock","14":"sale","15":"shipping-taxable","16":"purchasable","17":"product-type-simple"},"_links":{"self":[{"href":"https:\/\/roveyayinevi.com.tr\/index.php\/wp-json\/wp\/v2\/product\/713943","targetHints":{"allow":["GET"]}}],"collection":[{"href":"https:\/\/roveyayinevi.com.tr\/index.php\/wp-json\/wp\/v2\/product"}],"about":[{"href":"https:\/\/roveyayinevi.com.tr\/index.php\/wp-json\/wp\/v2\/types\/product"}],"wp:attachment":[{"href":"https:\/\/roveyayinevi.com.tr\/index.php\/wp-json\/wp\/v2\/media?parent=713943"}],"wp:term":[{"taxonomy":"product_brand","embeddable":true,"href":"https:\/\/roveyayinevi.com.tr\/index.php\/wp-json\/wp\/v2\/product_brand?post=713943"},{"taxonomy":"product_cat","embeddable":true,"href":"https:\/\/roveyayinevi.com.tr\/index.php\/wp-json\/wp\/v2\/product_cat?post=713943"},{"taxonomy":"product_tag","embeddable":true,"href":"https:\/\/roveyayinevi.com.tr\/index.php\/wp-json\/wp\/v2\/product_tag?post=713943"}],"curies":[{"name":"wp","href":"https:\/\/api.w.org\/{rel}","templated":true}]}}