{"id":713942,"date":"2025-08-27T17:13:20","date_gmt":"2025-08-27T14:13:20","guid":{"rendered":"https:\/\/roveyayinevi.com.tr\/index.php\/urun\/ikinci-waliz\/"},"modified":"2026-04-16T02:22:23","modified_gmt":"2026-04-15T23:22:23","slug":"ikinci-waliz","status":"publish","type":"product","link":"https:\/\/roveyayinevi.com.tr\/index.php\/urun\/ikinci-waliz\/","title":{"rendered":"\u0130kinci Waliz"},"content":{"rendered":"<p>Yolumda ilerliyorum. Waliz\u2019im kama\u015f\u0131yor. Karanl\u0131\u011f\u0131n I\u015f\u0131lt\u0131s\u0131 g\u00f6zlerimi al\u0131yor. Bir sevdaya i\u00e7ini d\u00f6kmek olmas\u0131n \u015felale Waliz\u2019in ikincisindeyiz. k\u00fc\u00e7\u00fck \u0130skender\u2019in \u015fiirle, an\u0131larla, d\u00fc\u015f\u00fcncelerle \u00f6rd\u00fc\u011f\u00fc, s\u00fcrd\u00fcrd\u00fc\u011f\u00fc bir g\u00fcnl\u00fck Waliz. S\u0131n\u0131r\u0131, kap\u0131s\u0131 yok. \u015eiirimizin en \u00f6zg\u00fcn kalemlerinden birinin a\u00e7\u0131kl\u0131kla yaz\u0131p okura g\u00f6nderdi\u011fi bir s\u00fcreksiz mektup. Okurlar i\u00e7in de esinleyici, su imgeleriyle dolu bir metin. Devam\u0131 gelece\u011fi i\u00e7in, \u015fimdiden koleksiyonluk bir kitap\u2026 <\/p>\n","protected":false},"excerpt":{"rendered":"<p>Yolumda ilerliyorum. Waliz\u2019im kama\u015f\u0131yor. Karanl\u0131\u011f\u0131n I\u015f\u0131lt\u0131s\u0131 g\u00f6zlerimi al\u0131yor. Bir sevdaya i\u00e7ini d\u00f6kmek olmas\u0131n \u015felale Waliz\u2019in ikincisindeyiz. k\u00fc\u00e7\u00fck \u0130skender\u2019in \u015fiirle, an\u0131larla, d\u00fc\u015f\u00fcncelerle \u00f6rd\u00fc\u011f\u00fc, s\u00fcrd\u00fcrd\u00fc\u011f\u00fc bir g\u00fcnl\u00fck Waliz.<span class=\"excerpt-hellip\"> [\u2026]<\/span><\/p>\n","protected":false},"featured_media":0,"template":"","meta":{"_monsterinsights_skip_tracking":false,"_monsterinsights_sitenote_active":false,"_monsterinsights_sitenote_note":"","_monsterinsights_sitenote_category":0},"product_brand":[],"product_cat":[12291,12509],"product_tag":[],"class_list":{"0":"post-713942","1":"product","2":"type-product","3":"status-publish","5":"product_cat-edebiyat","6":"product_cat-siir","7":"pa_cilt-ciltsiz","8":"pa_tur-kitap","9":"pa_yayinevi-can-yayinlari","10":"pa_yazar-kucuk-iskender","12":"first","13":"instock","14":"sale","15":"shipping-taxable","16":"purchasable","17":"product-type-simple"},"_links":{"self":[{"href":"https:\/\/roveyayinevi.com.tr\/index.php\/wp-json\/wp\/v2\/product\/713942","targetHints":{"allow":["GET"]}}],"collection":[{"href":"https:\/\/roveyayinevi.com.tr\/index.php\/wp-json\/wp\/v2\/product"}],"about":[{"href":"https:\/\/roveyayinevi.com.tr\/index.php\/wp-json\/wp\/v2\/types\/product"}],"wp:attachment":[{"href":"https:\/\/roveyayinevi.com.tr\/index.php\/wp-json\/wp\/v2\/media?parent=713942"}],"wp:term":[{"taxonomy":"product_brand","embeddable":true,"href":"https:\/\/roveyayinevi.com.tr\/index.php\/wp-json\/wp\/v2\/product_brand?post=713942"},{"taxonomy":"product_cat","embeddable":true,"href":"https:\/\/roveyayinevi.com.tr\/index.php\/wp-json\/wp\/v2\/product_cat?post=713942"},{"taxonomy":"product_tag","embeddable":true,"href":"https:\/\/roveyayinevi.com.tr\/index.php\/wp-json\/wp\/v2\/product_tag?post=713942"}],"curies":[{"name":"wp","href":"https:\/\/api.w.org\/{rel}","templated":true}]}}