{"id":713941,"date":"2025-08-27T17:13:19","date_gmt":"2025-08-27T14:13:19","guid":{"rendered":"https:\/\/roveyayinevi.com.tr\/index.php\/urun\/gidiyor-gitti-gitmis\/"},"modified":"2026-04-16T02:22:23","modified_gmt":"2026-04-15T23:22:23","slug":"gidiyor-gitti-gitmis","status":"publish","type":"product","link":"https:\/\/roveyayinevi.com.tr\/index.php\/urun\/gidiyor-gitti-gitmis\/","title":{"rendered":"Gidiyor Gitti Gitmi\u015f"},"content":{"rendered":"<p>\u201cA\u011fustos sonunda bir per\u015fembe g\u00fcn\u00fc on adam, Berlin\u2019deki K\u0131rm\u0131z\u0131 Belediye Binas\u0131\u2019n\u0131n \u00f6n\u00fcnde toplan\u0131yor. A\u00e7l\u0131k grevi yapacaklar\u0131 s\u00f6yleniyor. Tenleri siyah. \u0130ngilizce, \u0130talyanca, Frans\u0131zca konu\u015fuyorlar. Ve burada kimsenin anlamad\u0131\u011f\u0131 baz\u0131 ba\u015fka dilleri. Adamlar ne istiyor?\u201d Emekli profes\u00f6r Richard kendi hayat\u0131na dair sorularla bo\u011fu\u015furken, Berlin\u2019in g\u00f6be\u011finde i\u015fgal eylemi yapan Afrikal\u0131 m\u00fcltecilerle kar\u015f\u0131la\u015f\u0131r ve sorular\u0131n\u0131n yan\u0131tlar\u0131n\u0131 hi\u00e7 kimsenin aramad\u0131\u011f\u0131 bir yerde, bu gen\u00e7 insanlar\u0131n aras\u0131nda aramaya karar verir. Bu, ya\u015fl\u0131 Avrupa\u2019n\u0131n ya\u015fl\u0131 sakinlerinden Richard\u2019\u0131n, bak\u0131\u015flar\u0131n\u0131 ilk kez kendinden ba\u015fka olana \u00e7evirdi\u011fi and\u0131r. D\u00fcnya m\u00fclteci kriziyle sars\u0131l\u0131rken Richard ilk kez kendi k\u00fc\u00e7\u00fck, g\u00fcvenli kozas\u0131ndan d\u0131\u015far\u0131 \u00e7\u0131kar. Jenny Erpenbeck\u2019in son roman\u0131 Gidiyor, Gitti, Gitmi\u015f \u00fclkelerinden ka\u00e7mak zorunda kalanlar\u0131n, \u00f6l\u00fcm\u00fc ve zulm\u00fc savu\u015fturanlar\u0131n sonsuz bekleyi\u015fe mahk\u00fbm edildi\u011fi bir d\u00fcnyadan, bizim d\u00fcnyam\u0131zdan s\u00f6z ediyor. Bakmak ile g\u00f6rmek aras\u0131ndaki ili\u015fkiyle hesapla\u015fan bir roman bu. Bak\u0131p da g\u00f6rmeyenlerin, g\u00f6rmek istemeyenlerin s\u0131\u011fl\u0131\u011f\u0131n\u0131 y\u00fcz\u00fcm\u00fcze vuruyor. Gidiyor, Gitti, Gitmi\u015f insan\u0131n y\u00fczle\u015fmekten ka\u00e7amayaca\u011f\u0131 do\u011fru sorular\u0131 soruyor. <\/p>\n","protected":false},"excerpt":{"rendered":"<p>\u201cA\u011fustos sonunda bir per\u015fembe g\u00fcn\u00fc on adam, Berlin\u2019deki K\u0131rm\u0131z\u0131 Belediye Binas\u0131\u2019n\u0131n \u00f6n\u00fcnde toplan\u0131yor. A\u00e7l\u0131k grevi yapacaklar\u0131 s\u00f6yleniyor. Tenleri siyah. \u0130ngilizce, \u0130talyanca, Frans\u0131zca konu\u015fuyorlar. Ve burada kimsenin<span class=\"excerpt-hellip\"> [\u2026]<\/span><\/p>\n","protected":false},"featured_media":0,"template":"","meta":{"_monsterinsights_skip_tracking":false,"_monsterinsights_sitenote_active":false,"_monsterinsights_sitenote_note":"","_monsterinsights_sitenote_category":0},"product_brand":[],"product_cat":[12291,12711],"product_tag":[],"class_list":{"0":"post-713941","1":"product","2":"type-product","3":"status-publish","5":"product_cat-edebiyat","6":"product_cat-roman-oyku","7":"pa_cilt-ciltsiz","8":"pa_tur-kitap","9":"pa_yayinevi-can-yayinlari","10":"pa_yazar-jenny-erpenbeck","12":"first","13":"instock","14":"sale","15":"shipping-taxable","16":"purchasable","17":"product-type-simple"},"_links":{"self":[{"href":"https:\/\/roveyayinevi.com.tr\/index.php\/wp-json\/wp\/v2\/product\/713941","targetHints":{"allow":["GET"]}}],"collection":[{"href":"https:\/\/roveyayinevi.com.tr\/index.php\/wp-json\/wp\/v2\/product"}],"about":[{"href":"https:\/\/roveyayinevi.com.tr\/index.php\/wp-json\/wp\/v2\/types\/product"}],"wp:attachment":[{"href":"https:\/\/roveyayinevi.com.tr\/index.php\/wp-json\/wp\/v2\/media?parent=713941"}],"wp:term":[{"taxonomy":"product_brand","embeddable":true,"href":"https:\/\/roveyayinevi.com.tr\/index.php\/wp-json\/wp\/v2\/product_brand?post=713941"},{"taxonomy":"product_cat","embeddable":true,"href":"https:\/\/roveyayinevi.com.tr\/index.php\/wp-json\/wp\/v2\/product_cat?post=713941"},{"taxonomy":"product_tag","embeddable":true,"href":"https:\/\/roveyayinevi.com.tr\/index.php\/wp-json\/wp\/v2\/product_tag?post=713941"}],"curies":[{"name":"wp","href":"https:\/\/api.w.org\/{rel}","templated":true}]}}