{"id":713939,"date":"2025-08-27T17:13:18","date_gmt":"2025-08-27T14:13:18","guid":{"rendered":"https:\/\/roveyayinevi.com.tr\/index.php\/urun\/caz-piyano-1\/"},"modified":"2026-04-16T02:22:23","modified_gmt":"2026-04-15T23:22:23","slug":"caz-piyano-1","status":"publish","type":"product","link":"https:\/\/roveyayinevi.com.tr\/index.php\/urun\/caz-piyano-1\/","title":{"rendered":"Caz Piyano &#8211; 1"},"content":{"rendered":"<p>Bu kitap T\u00fcrkiye&#8217;deki piyano \u00f6\u011frencilerini ve \u00f6\u011fretmenlerini \u201ccaz m\u00fczi\u011finin t\u0131n\u0131lar\u0131\u201d ile tan\u0131\u015ft\u0131rmak amac\u0131yla yay\u0131nlanm\u0131\u015ft\u0131r. Orijinali, de\u011fi\u015fik zorluk d\u00fczeylerindeki 4 kitaptan (UK ExamGrades 2-3-4-5) olu\u015fan ve ClassicalJazz, Rags&amp;Blues ad\u0131n\u0131 ta\u015f\u0131yan kitaptaki eserler, klasik m\u00fczi\u011fin en tan\u0131nm\u0131\u015f eserlerinden se\u00e7ilmi\u015f ve caz tarz\u0131nda d\u00fczenlenerek siz de\u011ferli piyanistlerin be\u011fenisine sunulmu\u015ftur. Yay\u0131nevimiz taraf\u0131ndan \u00fclkemizde \u201cCaz Piyano-1\u201d ve \u201cCaz Piyano-2\u201d ad\u0131yla sat\u0131\u015fa sunulan bu kitaplarda Bach, Haydn, Mozart, Beeethoven, Brahms, Schumann, \u00c7aykovski ve daha bir\u00e7ok \u00f6nemli bestecinin bilindik eserlerinin caz d\u00fczenlemelerini bulacak ve bunlar\u0131 b\u00fcy\u00fck bir be\u011feniyle \u00e7alacak\/\u00e7ald\u0131racaks\u0131n\u0131z.  Caz Piyano-1 kitab\u0131; kolay ve orta zorluktaki 19 eserden, Caz Piyano-2 kitab\u0131 ise orta ve ileri d\u00fczeydeki 17 eserden olu\u015fmaktad\u0131r. B\u00fct\u00fcn piyano \u00f6\u011frencilerimizin ve \u00f6\u011fretmenlerimizin keyif almas\u0131 dile\u011fiyle\u2026 <\/p>\n","protected":false},"excerpt":{"rendered":"<p>Bu kitap T\u00fcrkiye&#8217;deki piyano \u00f6\u011frencilerini ve \u00f6\u011fretmenlerini \u201ccaz m\u00fczi\u011finin t\u0131n\u0131lar\u0131\u201d ile tan\u0131\u015ft\u0131rmak amac\u0131yla yay\u0131nlanm\u0131\u015ft\u0131r. Orijinali, de\u011fi\u015fik zorluk d\u00fczeylerindeki 4 kitaptan (UK ExamGrades 2-3-4-5) olu\u015fan ve ClassicalJazz,<span class=\"excerpt-hellip\"> [\u2026]<\/span><\/p>\n","protected":false},"featured_media":0,"template":"","meta":{"_monsterinsights_skip_tracking":false,"_monsterinsights_sitenote_active":false,"_monsterinsights_sitenote_note":"","_monsterinsights_sitenote_category":0},"product_brand":[],"product_cat":[14556,14557],"product_tag":[],"class_list":{"0":"post-713939","1":"product","2":"type-product","3":"status-publish","5":"product_cat-muzik","6":"product_cat-nota-kitaplari","7":"pa_cilt-ciltsiz","8":"pa_tur-kitap","9":"pa_yayinevi-muzik-egitimi-yayinlari","10":"pa_yazar-martha-mier","12":"first","13":"instock","14":"sale","15":"shipping-taxable","16":"purchasable","17":"product-type-simple"},"_links":{"self":[{"href":"https:\/\/roveyayinevi.com.tr\/index.php\/wp-json\/wp\/v2\/product\/713939","targetHints":{"allow":["GET"]}}],"collection":[{"href":"https:\/\/roveyayinevi.com.tr\/index.php\/wp-json\/wp\/v2\/product"}],"about":[{"href":"https:\/\/roveyayinevi.com.tr\/index.php\/wp-json\/wp\/v2\/types\/product"}],"wp:attachment":[{"href":"https:\/\/roveyayinevi.com.tr\/index.php\/wp-json\/wp\/v2\/media?parent=713939"}],"wp:term":[{"taxonomy":"product_brand","embeddable":true,"href":"https:\/\/roveyayinevi.com.tr\/index.php\/wp-json\/wp\/v2\/product_brand?post=713939"},{"taxonomy":"product_cat","embeddable":true,"href":"https:\/\/roveyayinevi.com.tr\/index.php\/wp-json\/wp\/v2\/product_cat?post=713939"},{"taxonomy":"product_tag","embeddable":true,"href":"https:\/\/roveyayinevi.com.tr\/index.php\/wp-json\/wp\/v2\/product_tag?post=713939"}],"curies":[{"name":"wp","href":"https:\/\/api.w.org\/{rel}","templated":true}]}}