{"id":713938,"date":"2025-08-27T17:13:17","date_gmt":"2025-08-27T14:13:17","guid":{"rendered":"https:\/\/roveyayinevi.com.tr\/index.php\/urun\/kara-kurt-katiller-cetesi\/"},"modified":"2026-04-16T02:22:23","modified_gmt":"2026-04-15T23:22:23","slug":"kara-kurt-katiller-cetesi","status":"publish","type":"product","link":"https:\/\/roveyayinevi.com.tr\/index.php\/urun\/kara-kurt-katiller-cetesi\/","title":{"rendered":"Kara Kurt &#8211; Katiller \u00c7etesi"},"content":{"rendered":"<p>\u201cRedmerski yine akl\u0131n\u0131z\u0131 ba\u015f\u0131n\u0131zdan alacak!\u201d \u2013 USA Today \u201cKara Kurt okurlara yine karanl\u0131k ve tutkulu dolu bir macera vadediyor.\u201d \u2013NY Times \u201cRedmerski, Katiller \u00c7etesi\u2019nde \u00e7\u0131tay\u0131 hep \u00e7ok daha y\u00fckse\u011fe koyuyor.\u201d \u2013 Publishers Weekly   Katiller \u00c7etesi\u2019nde heyecan Kara Kurt\u2019la devam ediyor\u2026 Nora\u2019n\u0131n ortaya \u00e7\u0131kard\u0131\u011f\u0131 s\u0131rlar\u0131n ard\u0131ndan, Niklas ve Victor aras\u0131ndaki i\u015f arkada\u015fl\u0131\u011f\u0131 da karde\u015flik de derinden sars\u0131lm\u0131\u015ft\u0131r. Fakat Niklas her \u015feye ra\u011fmen yaln\u0131zca kendisinin ba\u015far\u0131yla yerine getirebilece\u011fi d\u00fc\u015f\u00fcn\u00fclen bir g\u00f6rev i\u00e7in \u0130talya\u2019ya gitmeyi kabul eder. \u00c7\u00fcnk\u00fc bunu karde\u015finin ihanetine kar\u015f\u0131 bir merhamet \u2013ya da bir intikam \u2013 f\u0131rsat\u0131 olarak g\u00f6rmektedir. \u00d6te yandan Niklas\u2019a \u0130talya\u2019da Izabel ve \u00e7etenin yeni \u00fcyesi Nora da e\u015flik edecektir. Gelgelelim \u0130talya\u2019da Birlik\u2019in d\u00fc\u015f\u00fcnd\u00fc\u011f\u00fcnden \u00e7ok daha zorlu bir s\u00fcre\u00e7 ya\u015fanacak ve \u00e7ete \u00fcyeleri hi\u00e7 beklenmedik olaylarla y\u00fczle\u015fip zor kararlar vermeye mahk\u00fbm edileceklerdir. <\/p>\n","protected":false},"excerpt":{"rendered":"<p>\u201cRedmerski yine akl\u0131n\u0131z\u0131 ba\u015f\u0131n\u0131zdan alacak!\u201d \u2013 USA Today \u201cKara Kurt okurlara yine karanl\u0131k ve tutkulu dolu bir macera vadediyor.\u201d \u2013NY Times \u201cRedmerski, Katiller \u00c7etesi\u2019nde \u00e7\u0131tay\u0131 hep<span class=\"excerpt-hellip\"> [\u2026]<\/span><\/p>\n","protected":false},"featured_media":0,"template":"","meta":{"_monsterinsights_skip_tracking":false,"_monsterinsights_sitenote_active":false,"_monsterinsights_sitenote_note":"","_monsterinsights_sitenote_category":0},"product_brand":[],"product_cat":[12291,12711],"product_tag":[],"class_list":{"0":"post-713938","1":"product","2":"type-product","3":"status-publish","5":"product_cat-edebiyat","6":"product_cat-roman-oyku","7":"pa_cilt-ciltsiz","8":"pa_tur-kitap","9":"pa_yayinevi-ephesus-yayinlari","10":"pa_yazar-j-a-redmerski","12":"first","13":"instock","14":"sale","15":"shipping-taxable","16":"purchasable","17":"product-type-simple"},"_links":{"self":[{"href":"https:\/\/roveyayinevi.com.tr\/index.php\/wp-json\/wp\/v2\/product\/713938","targetHints":{"allow":["GET"]}}],"collection":[{"href":"https:\/\/roveyayinevi.com.tr\/index.php\/wp-json\/wp\/v2\/product"}],"about":[{"href":"https:\/\/roveyayinevi.com.tr\/index.php\/wp-json\/wp\/v2\/types\/product"}],"wp:attachment":[{"href":"https:\/\/roveyayinevi.com.tr\/index.php\/wp-json\/wp\/v2\/media?parent=713938"}],"wp:term":[{"taxonomy":"product_brand","embeddable":true,"href":"https:\/\/roveyayinevi.com.tr\/index.php\/wp-json\/wp\/v2\/product_brand?post=713938"},{"taxonomy":"product_cat","embeddable":true,"href":"https:\/\/roveyayinevi.com.tr\/index.php\/wp-json\/wp\/v2\/product_cat?post=713938"},{"taxonomy":"product_tag","embeddable":true,"href":"https:\/\/roveyayinevi.com.tr\/index.php\/wp-json\/wp\/v2\/product_tag?post=713938"}],"curies":[{"name":"wp","href":"https:\/\/api.w.org\/{rel}","templated":true}]}}