{"id":713937,"date":"2025-08-27T17:13:17","date_gmt":"2025-08-27T14:13:17","guid":{"rendered":"https:\/\/roveyayinevi.com.tr\/index.php\/urun\/kotuluk-tohumlari-katiller-cetesi\/"},"modified":"2026-04-16T02:22:23","modified_gmt":"2026-04-15T23:22:23","slug":"kotuluk-tohumlari-katiller-cetesi","status":"publish","type":"product","link":"https:\/\/roveyayinevi.com.tr\/index.php\/urun\/kotuluk-tohumlari-katiller-cetesi\/","title":{"rendered":"K\u00f6t\u00fcl\u00fck Tohumlar\u0131 &#8211; Katiller \u00c7etesi"},"content":{"rendered":"<p>&#8220;K\u00f6t\u00fcl\u00fck Tohumlar\u0131&#8217;yla Redmerski, okurlar\u0131n\u0131 yeniden tad\u0131na doyulmaz, karanl\u0131k bir maceraya \u00e7a\u011f\u0131r\u0131yor.&#8221; -The New York Times &#8220;Redmerski, Katiller \u00c7etesi&#8217;nin bu yeni kitab\u0131nda da hedefi on ikiden vuruyor.&#8221; -USA Today &#8220;K\u00f6t\u00fcl\u00fck Tohumlar\u0131&#8217;nda karanl\u0131k s\u0131rlar tek tek ortaya d\u00f6k\u00fcl\u00fcrken, \u00e7oktan ba\u011f\u0131ml\u0131l\u0131k yapm\u0131\u015f bu seriye okurlar bir kez daha hayran kalacak.&#8221; &#8211; Wall Street Journal  Victor Faust&#8217;un yeni Birlik&#8217;i h\u0131zla b\u00fcy\u00fcmektedir. Fakat \u00e7ete \u00fcyeleri aras\u0131ndaki ili\u015fki, beklenmedik bir d\u00fc\u015fman\u0131n, \u00f6rg\u00fctteki ki\u015filerin sevdi\u011fi insanlar\u0131 ka\u00e7\u0131rmas\u0131yla derinden sars\u0131l\u0131r. D\u00fc\u015fman\u0131n, ka\u00e7\u0131rd\u0131\u011f\u0131 ki\u015fileri serbest b\u0131rakmak i\u00e7in \u00e7etenin karanl\u0131k s\u0131rlar\u0131n\u0131 kendisine itiraf etme ko\u015fulu koymas\u0131yla da i\u015fler iyice kar\u0131\u015f\u0131r.  Oysa Nora ad\u0131nda, gen\u00e7 ve g\u00fczel bir kad\u0131n olan bu son derece tehlikeli d\u00fc\u015fman, \u00e7ete \u00fcyelerinin birbiriyle ilgili bildiklerinden \u00e7ok daha fazla \u015feye vak\u0131ft\u0131r. Gelgelelim \u00f6rg\u00fct\u00fcn elinde bu kad\u0131na dair hi\u00e7bir ipucu yoktur. \u00dcstelik \u00e7ok ge\u00e7meden kad\u0131n\u0131n ger\u00e7ek niyeti t\u00fcm \u00e7\u0131plakl\u0131\u011f\u0131yla ortaya \u00e7\u0131k\u0131p Birlik\u2019i yeni ba\u015flang\u0131\u00e7lar yapmaya zorlayacak ve hatta y\u0131k\u0131ma s\u00fcr\u00fckleyecektir. <\/p>\n","protected":false},"excerpt":{"rendered":"<p>&#8220;K\u00f6t\u00fcl\u00fck Tohumlar\u0131&#8217;yla Redmerski, okurlar\u0131n\u0131 yeniden tad\u0131na doyulmaz, karanl\u0131k bir maceraya \u00e7a\u011f\u0131r\u0131yor.&#8221; -The New York Times &#8220;Redmerski, Katiller \u00c7etesi&#8217;nin bu yeni kitab\u0131nda da hedefi on ikiden vuruyor.&#8221;<span class=\"excerpt-hellip\"> [\u2026]<\/span><\/p>\n","protected":false},"featured_media":0,"template":"","meta":{"_monsterinsights_skip_tracking":false,"_monsterinsights_sitenote_active":false,"_monsterinsights_sitenote_note":"","_monsterinsights_sitenote_category":0},"product_brand":[],"product_cat":[12291,12711],"product_tag":[],"class_list":{"0":"post-713937","1":"product","2":"type-product","3":"status-publish","5":"product_cat-edebiyat","6":"product_cat-roman-oyku","7":"pa_cilt-ciltsiz","8":"pa_tur-kitap","9":"pa_yayinevi-ephesus-yayinlari","10":"pa_yazar-j-a-redmerski","12":"first","13":"instock","14":"sale","15":"shipping-taxable","16":"purchasable","17":"product-type-simple"},"_links":{"self":[{"href":"https:\/\/roveyayinevi.com.tr\/index.php\/wp-json\/wp\/v2\/product\/713937","targetHints":{"allow":["GET"]}}],"collection":[{"href":"https:\/\/roveyayinevi.com.tr\/index.php\/wp-json\/wp\/v2\/product"}],"about":[{"href":"https:\/\/roveyayinevi.com.tr\/index.php\/wp-json\/wp\/v2\/types\/product"}],"wp:attachment":[{"href":"https:\/\/roveyayinevi.com.tr\/index.php\/wp-json\/wp\/v2\/media?parent=713937"}],"wp:term":[{"taxonomy":"product_brand","embeddable":true,"href":"https:\/\/roveyayinevi.com.tr\/index.php\/wp-json\/wp\/v2\/product_brand?post=713937"},{"taxonomy":"product_cat","embeddable":true,"href":"https:\/\/roveyayinevi.com.tr\/index.php\/wp-json\/wp\/v2\/product_cat?post=713937"},{"taxonomy":"product_tag","embeddable":true,"href":"https:\/\/roveyayinevi.com.tr\/index.php\/wp-json\/wp\/v2\/product_tag?post=713937"}],"curies":[{"name":"wp","href":"https:\/\/api.w.org\/{rel}","templated":true}]}}