{"id":713934,"date":"2025-08-27T17:13:15","date_gmt":"2025-08-27T14:13:15","guid":{"rendered":"https:\/\/roveyayinevi.com.tr\/index.php\/urun\/izabel-katiller-cetesi\/"},"modified":"2026-04-16T02:22:23","modified_gmt":"2026-04-15T23:22:23","slug":"izabel-katiller-cetesi","status":"publish","type":"product","link":"https:\/\/roveyayinevi.com.tr\/index.php\/urun\/izabel-katiller-cetesi\/","title":{"rendered":"Izabel &#8211; Katiller \u00c7etesi"},"content":{"rendered":"<p>\u201cSayfalar\u0131 \u00e7evirmekten kendimi alamad\u0131m. Muhte\u015fem!\u201d \u2013 Kelly Mcbride \u201cIzabel\u2019i ilk kitap gibi \u00e7ok sevdim. Biraz kan, biraz g\u00f6zya\u015f\u0131 ve tabii ki bolca aksiyon.\u201d \u2013 Devan Fox \u201cIzabel\u2019de karakterler \u00f6yle g\u00fc\u00e7l\u00fc ve canl\u0131 ki onlarla vakit ge\u00e7irmek insana tarifsiz bir zevk veriyor.\u201d \u2013 Jennifer Kyle Onu esaretten kurtaran katiller \u00e7etesiyle karanl\u0131k bir hayat s\u00fcrmeye kararl\u0131 olan Sarai, ac\u0131mas\u0131z bir sadistten intikam almaya karar verir. Ama Sarai&#8217;\u0131n pervas\u0131z halleri onu asla geri d\u00f6nemeyece\u011fi bir yola s\u00fcrekler.  \u00d6te yandan Arthur Hamburg\u2019un sa\u011f kolu Willem Stephens da Sarai&#8217;\u0131n pe\u015findedir. Fakat Izabel kimli\u011fine b\u00fcr\u00fcnen Sarai&#8217;\u0131n ge\u00e7mek zorunda oldu\u011fu bamba\u015fka bir s\u0131nav vard\u0131r ve bu son s\u0131nav ayn\u0131 zamanda gen\u00e7 k\u0131z\u0131n Victor Faust\u2019a olan g\u00fcvenini de sorgulamas\u0131na neden olacakt\u0131r. Sarai&#8217;\u0131n devam kitab\u0131 olan Izabel okurlar\u0131 yine karanl\u0131k, \u00f6l\u00fcmc\u00fcl ve heyecan dolu bir ser\u00fcvene \u00e7a\u011f\u0131r\u0131yor. <\/p>\n","protected":false},"excerpt":{"rendered":"<p>\u201cSayfalar\u0131 \u00e7evirmekten kendimi alamad\u0131m. Muhte\u015fem!\u201d \u2013 Kelly Mcbride \u201cIzabel\u2019i ilk kitap gibi \u00e7ok sevdim. Biraz kan, biraz g\u00f6zya\u015f\u0131 ve tabii ki bolca aksiyon.\u201d \u2013 Devan Fox<span class=\"excerpt-hellip\"> [\u2026]<\/span><\/p>\n","protected":false},"featured_media":0,"template":"","meta":{"_monsterinsights_skip_tracking":false,"_monsterinsights_sitenote_active":false,"_monsterinsights_sitenote_note":"","_monsterinsights_sitenote_category":0},"product_brand":[],"product_cat":[12291,12711],"product_tag":[],"class_list":{"0":"post-713934","1":"product","2":"type-product","3":"status-publish","5":"product_cat-edebiyat","6":"product_cat-roman-oyku","7":"pa_cilt-ciltsiz","8":"pa_tur-kitap","9":"pa_yayinevi-ephesus-yayinlari","10":"pa_yazar-j-a-redmerski","12":"first","13":"instock","14":"sale","15":"shipping-taxable","16":"purchasable","17":"product-type-simple"},"_links":{"self":[{"href":"https:\/\/roveyayinevi.com.tr\/index.php\/wp-json\/wp\/v2\/product\/713934","targetHints":{"allow":["GET"]}}],"collection":[{"href":"https:\/\/roveyayinevi.com.tr\/index.php\/wp-json\/wp\/v2\/product"}],"about":[{"href":"https:\/\/roveyayinevi.com.tr\/index.php\/wp-json\/wp\/v2\/types\/product"}],"wp:attachment":[{"href":"https:\/\/roveyayinevi.com.tr\/index.php\/wp-json\/wp\/v2\/media?parent=713934"}],"wp:term":[{"taxonomy":"product_brand","embeddable":true,"href":"https:\/\/roveyayinevi.com.tr\/index.php\/wp-json\/wp\/v2\/product_brand?post=713934"},{"taxonomy":"product_cat","embeddable":true,"href":"https:\/\/roveyayinevi.com.tr\/index.php\/wp-json\/wp\/v2\/product_cat?post=713934"},{"taxonomy":"product_tag","embeddable":true,"href":"https:\/\/roveyayinevi.com.tr\/index.php\/wp-json\/wp\/v2\/product_tag?post=713934"}],"curies":[{"name":"wp","href":"https:\/\/api.w.org\/{rel}","templated":true}]}}