{"id":713932,"date":"2025-08-27T17:13:13","date_gmt":"2025-08-27T14:13:13","guid":{"rendered":"https:\/\/roveyayinevi.com.tr\/index.php\/urun\/lydia-katiller-cetesi\/"},"modified":"2026-04-16T02:22:23","modified_gmt":"2026-04-15T23:22:23","slug":"lydia-katiller-cetesi","status":"publish","type":"product","link":"https:\/\/roveyayinevi.com.tr\/index.php\/urun\/lydia-katiller-cetesi\/","title":{"rendered":"Lydia &#8211; Katiller \u00c7etesi"},"content":{"rendered":"<p>&#8220;Okura her \u015fey yeni ba\u015fl\u0131yor dedirtecek, \u015foke edici bir devam kitab\u0131.&#8221; &#8211; USA Today&#8221;Redmerski serinin yeni kitab\u0131nda yine en ba\u015far\u0131l\u0131 oldu\u011fu \u015feyi yap\u0131yor: Ters k\u00f6\u015fe!&#8221; -New York Times &#8220;Lydia t\u00fcm ezberleri bozuyor. A\u011fz\u0131n\u0131z\u0131n a\u00e7\u0131k kalacak!\u201d &#8211; Kirkus Review Katiller \u00c7etesi&#8217;nin t\u00fcm d\u00fcnyada merakla beklenen devam kitab\u0131 Lydia&#8217;da sular durulmuyor. Her ne kadar Izabel ve Naeva, yepyeni kimlikleriyle planlar\u0131n\u0131 ger\u00e7ekle\u015ftirmeye \u00e7al\u0131\u015fsalar da, ikili t\u00fcrl\u00fc badireler y\u00fcz\u00fcnden ayr\u0131 d\u00fc\u015fer ve Naeva\u2019n\u0131n hayat\u0131 tehlikeye girer. Naeva\u2019y\u0131 kurtarabilecek tek ki\u015fi Izabel&#8217;dir ama \u00f6zg\u00fcrl\u00fck i\u00e7in \u00f6denmesi gereken bedel fazlas\u0131yla a\u011f\u0131rd\u0131r ve Izabel&#8217;in Birlik&#8217;ten gizledi\u011fi korkun\u00e7 s\u0131rr\u0131n a\u00e7\u0131\u011fa \u00e7\u0131kmas\u0131 dengelerin de de\u011fi\u015fmesine neden olur. <\/p>\n","protected":false},"excerpt":{"rendered":"<p>&#8220;Okura her \u015fey yeni ba\u015fl\u0131yor dedirtecek, \u015foke edici bir devam kitab\u0131.&#8221; &#8211; USA Today&#8221;Redmerski serinin yeni kitab\u0131nda yine en ba\u015far\u0131l\u0131 oldu\u011fu \u015feyi yap\u0131yor: Ters k\u00f6\u015fe!&#8221; -New<span class=\"excerpt-hellip\"> [\u2026]<\/span><\/p>\n","protected":false},"featured_media":0,"template":"","meta":{"_monsterinsights_skip_tracking":false,"_monsterinsights_sitenote_active":false,"_monsterinsights_sitenote_note":"","_monsterinsights_sitenote_category":0},"product_brand":[],"product_cat":[12291,12711],"product_tag":[],"class_list":{"0":"post-713932","1":"product","2":"type-product","3":"status-publish","5":"product_cat-edebiyat","6":"product_cat-roman-oyku","7":"pa_cilt-ciltsiz","8":"pa_tur-kitap","9":"pa_yayinevi-ephesus-yayinlari","10":"pa_yazar-j-a-redmerski","12":"first","13":"instock","14":"sale","15":"shipping-taxable","16":"purchasable","17":"product-type-simple"},"_links":{"self":[{"href":"https:\/\/roveyayinevi.com.tr\/index.php\/wp-json\/wp\/v2\/product\/713932","targetHints":{"allow":["GET"]}}],"collection":[{"href":"https:\/\/roveyayinevi.com.tr\/index.php\/wp-json\/wp\/v2\/product"}],"about":[{"href":"https:\/\/roveyayinevi.com.tr\/index.php\/wp-json\/wp\/v2\/types\/product"}],"wp:attachment":[{"href":"https:\/\/roveyayinevi.com.tr\/index.php\/wp-json\/wp\/v2\/media?parent=713932"}],"wp:term":[{"taxonomy":"product_brand","embeddable":true,"href":"https:\/\/roveyayinevi.com.tr\/index.php\/wp-json\/wp\/v2\/product_brand?post=713932"},{"taxonomy":"product_cat","embeddable":true,"href":"https:\/\/roveyayinevi.com.tr\/index.php\/wp-json\/wp\/v2\/product_cat?post=713932"},{"taxonomy":"product_tag","embeddable":true,"href":"https:\/\/roveyayinevi.com.tr\/index.php\/wp-json\/wp\/v2\/product_tag?post=713932"}],"curies":[{"name":"wp","href":"https:\/\/api.w.org\/{rel}","templated":true}]}}