{"id":713930,"date":"2025-08-27T17:13:12","date_gmt":"2025-08-27T14:13:12","guid":{"rendered":"https:\/\/roveyayinevi.com.tr\/index.php\/urun\/makroekonomik-istikrar\/"},"modified":"2026-04-16T02:22:23","modified_gmt":"2026-04-15T23:22:23","slug":"makroekonomik-istikrar","status":"publish","type":"product","link":"https:\/\/roveyayinevi.com.tr\/index.php\/urun\/makroekonomik-istikrar\/","title":{"rendered":"Makroekonomik \u0130stikrar"},"content":{"rendered":"<p>Merak uyand\u0131ran bu kitap geleneksel \u00e7er\u00e7evedeki makroekonomik istikrar\u0131n s\u0131n\u0131rl\u0131 kavramsalla\u015ft\u0131rmas\u0131n\u0131n \u00f6tesine ge\u00e7iyor; yap\u0131sal d\u00f6n\u00fc\u015f\u00fcm ve kapsay\u0131c\u0131 kalk\u0131nma aras\u0131ndaki ba\u011f\u0131 ortaya koyuyor. \u00c7al\u0131\u015fma, \u00fc\u00e7 temel konuyu inceliyor: Geleneksel makroekonominin s\u0131n\u0131rlar\u0131, uzun d\u00f6nemde yap\u0131sal d\u00f6n\u00fc\u015f\u00fcm\u00fcn ajandas\u0131, kapasitenin geli\u015fimi, e\u015fitsizlik ve e\u015fitsizli\u011fin makroekonomik sonu\u00e7lar\u0131.Birincisi, IMF taraf\u0131ndan geli\u015fmekte olan \u00fclkelere haz\u0131rlanan makroekonomik politikan\u0131n yap\u0131s\u0131 i\u00e7in tavsiye re\u00e7etelerini tarif ediyor; mali konsolidasyona kar\u015f\u0131 kan\u0131ta dayal\u0131 bir durum de\u011ferlendirmesi yap\u0131yor ve geli\u015fmekte olan \u00fclkelerin ekonomilerini d\u00fc\u015f\u00fck ivmede tutup tutmamas\u0131, b\u00fcy\u00fcmeyi ve istihdam\u0131 art\u0131rmak i\u00e7in tek haneli enflasyon hedeflemesi yap\u0131p yapmamas\u0131 gerekti\u011fini sorguluyor. \u0130kincisi, yap\u0131sal d\u00f6n\u00fc\u015f\u00fcm\u00fcn \u00e7e\u015fitli kaynaklar\u0131n\u0131 takip etmek i\u00e7in konuyu ampirik bir yakla\u015f\u0131mla ele al\u0131yor; altyap\u0131ya yat\u0131r\u0131m\u0131n, kapasitenin kontrol\u00fcn\u00fc nas\u0131l y\u00f6nlendirece\u011fini \u00f6rneklemekle devam ediyor; yap\u0131sal d\u00f6n\u00fc\u015f\u00fcm ve kapsay\u0131c\u0131 kalk\u0131nma yakla\u015f\u0131m\u0131yla sosyal koruma kavram\u0131n\u0131 yeniden yorumluyor. Son olarak \u00fc\u00e7\u00fcnc\u00fcs\u00fc ise a\u00e7\u0131k ekonomiler i\u00e7in iki-\u00fclke makroekonomi modelini geli\u015ftirerek ve uygulayarak e\u015fitsizlik kavram\u0131n\u0131, gelirin fonksiyonel da\u011f\u0131l\u0131m\u0131ndaki trendleri inceleyerek bunlar\u0131n olas\u0131 makroekonomik sonu\u00e7lar\u0131n\u0131 ele al\u0131yor. \u00c7al\u0131\u015fma, ABD\u2019de artan y\u00fcksek faizli mortgage krizini ve t\u0131rmanan hanehalk\u0131 bor\u00e7lar\u0131n\u0131 anlamada b\u00fcy\u00fcyen e\u015fitsizlik kadar dura\u011fan reel gelirlerin g\u00f6z ard\u0131 edildi\u011fini fakat \u00f6nem arz etti\u011fi g\u00f6r\u00fc\u015f\u00fcn\u00fc savunan ve kar\u015f\u0131 \u00e7\u0131kan kan\u0131tlar\u0131 ele alarak sonu\u00e7lan\u0131yor. Bu kitap, ekonomistlere, politika yap\u0131c\u0131lara ve kapsay\u0131c\u0131 ekonomik kalk\u0131nma ile ilgilenenlere de\u011ferli bir kaynak sunuyor. <\/p>\n","protected":false},"excerpt":{"rendered":"<p>Merak uyand\u0131ran bu kitap geleneksel \u00e7er\u00e7evedeki makroekonomik istikrar\u0131n s\u0131n\u0131rl\u0131 kavramsalla\u015ft\u0131rmas\u0131n\u0131n \u00f6tesine ge\u00e7iyor; yap\u0131sal d\u00f6n\u00fc\u015f\u00fcm ve kapsay\u0131c\u0131 kalk\u0131nma aras\u0131ndaki ba\u011f\u0131 ortaya koyuyor. \u00c7al\u0131\u015fma, \u00fc\u00e7 temel konuyu inceliyor:<span class=\"excerpt-hellip\"> [\u2026]<\/span><\/p>\n","protected":false},"featured_media":0,"template":"","meta":{"_monsterinsights_skip_tracking":false,"_monsterinsights_sitenote_active":false,"_monsterinsights_sitenote_note":"","_monsterinsights_sitenote_category":0},"product_brand":[],"product_cat":[13043,17647],"product_tag":[],"class_list":{"0":"post-713930","1":"product","2":"type-product","3":"status-publish","5":"product_cat-ekonomi","6":"product_cat-is-dunyasi","7":"pa_cilt-ciltsiz","8":"pa_tur-kitap","9":"pa_yayinevi-efil-yayinevi","10":"pa_yazar-david-kucera-iyanatul-islam","12":"first","13":"instock","14":"sale","15":"shipping-taxable","16":"purchasable","17":"product-type-simple"},"_links":{"self":[{"href":"https:\/\/roveyayinevi.com.tr\/index.php\/wp-json\/wp\/v2\/product\/713930","targetHints":{"allow":["GET"]}}],"collection":[{"href":"https:\/\/roveyayinevi.com.tr\/index.php\/wp-json\/wp\/v2\/product"}],"about":[{"href":"https:\/\/roveyayinevi.com.tr\/index.php\/wp-json\/wp\/v2\/types\/product"}],"wp:attachment":[{"href":"https:\/\/roveyayinevi.com.tr\/index.php\/wp-json\/wp\/v2\/media?parent=713930"}],"wp:term":[{"taxonomy":"product_brand","embeddable":true,"href":"https:\/\/roveyayinevi.com.tr\/index.php\/wp-json\/wp\/v2\/product_brand?post=713930"},{"taxonomy":"product_cat","embeddable":true,"href":"https:\/\/roveyayinevi.com.tr\/index.php\/wp-json\/wp\/v2\/product_cat?post=713930"},{"taxonomy":"product_tag","embeddable":true,"href":"https:\/\/roveyayinevi.com.tr\/index.php\/wp-json\/wp\/v2\/product_tag?post=713930"}],"curies":[{"name":"wp","href":"https:\/\/api.w.org\/{rel}","templated":true}]}}