{"id":713928,"date":"2025-08-27T17:13:11","date_gmt":"2025-08-27T14:13:11","guid":{"rendered":"https:\/\/roveyayinevi.com.tr\/index.php\/urun\/okul-vakti-babisko\/"},"modified":"2026-04-16T02:22:23","modified_gmt":"2026-04-15T23:22:23","slug":"okul-vakti-babisko","status":"publish","type":"product","link":"https:\/\/roveyayinevi.com.tr\/index.php\/urun\/okul-vakti-babisko\/","title":{"rendered":"Okul Vakti Babi\u015fko"},"content":{"rendered":"<p>K\u00fc\u00e7\u00fck bir k\u0131z, \u00e7orab\u0131n\u0131n teki ortal\u0131kta yokken, servise de yeti\u015fmeleri gerekirken nas\u0131l babi\u015fkosunun haz\u0131rlan\u0131p okula gitmesini sa\u011flayabilir ki? Okula gitme haz\u0131rl\u0131\u011f\u0131 ser\u00fcvenini tersine \u00e7eviren ne\u015feli bir hik\u00e2ye. Dave Hackett bir sanat\u00e7\u0131, karikat\u00fcrist, yazar ve e\u011fitimsiz diskotek dans\u00e7\u0131s\u0131d\u0131r. Zaman\u0131n\u0131n bir k\u0131sm\u0131n\u0131 Sunshine Coast\u2019ta, di\u011fer k\u0131sm\u0131n\u0131 da Fransa\u2019n\u0131n g\u00fcneyinde d\u00fcnyan\u0131n en harika han\u0131mefendisiyle (yani e\u015fiyle) ge\u00e7irir. Bir \u00e2n\u0131 bir \u00e2n\u0131n\u0131 tutmayan bir kedinin insanlar\u0131ndan biri; can\u0131 pahas\u0131na bile olsa paten kaymay\u0131 beceremez ve ba\u015fka insanlar\u0131 bir \u015feyler yaparken izlemektense bizzat yapman\u0131n daha e\u011flenceli oldu\u011funu d\u00fc\u015f\u00fcnd\u00fc\u011f\u00fc i\u00e7in de evinde televizyon yok. <\/p>\n","protected":false},"excerpt":{"rendered":"<p>K\u00fc\u00e7\u00fck bir k\u0131z, \u00e7orab\u0131n\u0131n teki ortal\u0131kta yokken, servise de yeti\u015fmeleri gerekirken nas\u0131l babi\u015fkosunun haz\u0131rlan\u0131p okula gitmesini sa\u011flayabilir ki? Okula gitme haz\u0131rl\u0131\u011f\u0131 ser\u00fcvenini tersine \u00e7eviren ne\u015feli bir<span class=\"excerpt-hellip\"> [\u2026]<\/span><\/p>\n","protected":false},"featured_media":0,"template":"","meta":{"_monsterinsights_skip_tracking":false,"_monsterinsights_sitenote_active":false,"_monsterinsights_sitenote_note":"","_monsterinsights_sitenote_category":0},"product_brand":[],"product_cat":[12274,12518],"product_tag":[],"class_list":{"0":"post-713928","1":"product","2":"type-product","3":"status-publish","5":"product_cat-cocuk-ve-genclik-kitaplari","6":"product_cat-okul-oncesi-kitaplar","7":"pa_cilt-ciltsiz","8":"pa_tur-kitap","9":"pa_yayinevi-bilgi-yayinevi-cocuk","10":"pa_yazar-dave-hackett","12":"first","13":"instock","14":"sale","15":"shipping-taxable","16":"purchasable","17":"product-type-simple"},"_links":{"self":[{"href":"https:\/\/roveyayinevi.com.tr\/index.php\/wp-json\/wp\/v2\/product\/713928","targetHints":{"allow":["GET"]}}],"collection":[{"href":"https:\/\/roveyayinevi.com.tr\/index.php\/wp-json\/wp\/v2\/product"}],"about":[{"href":"https:\/\/roveyayinevi.com.tr\/index.php\/wp-json\/wp\/v2\/types\/product"}],"wp:attachment":[{"href":"https:\/\/roveyayinevi.com.tr\/index.php\/wp-json\/wp\/v2\/media?parent=713928"}],"wp:term":[{"taxonomy":"product_brand","embeddable":true,"href":"https:\/\/roveyayinevi.com.tr\/index.php\/wp-json\/wp\/v2\/product_brand?post=713928"},{"taxonomy":"product_cat","embeddable":true,"href":"https:\/\/roveyayinevi.com.tr\/index.php\/wp-json\/wp\/v2\/product_cat?post=713928"},{"taxonomy":"product_tag","embeddable":true,"href":"https:\/\/roveyayinevi.com.tr\/index.php\/wp-json\/wp\/v2\/product_tag?post=713928"}],"curies":[{"name":"wp","href":"https:\/\/api.w.org\/{rel}","templated":true}]}}