{"id":713926,"date":"2025-08-27T17:13:10","date_gmt":"2025-08-27T14:13:10","guid":{"rendered":"https:\/\/roveyayinevi.com.tr\/index.php\/urun\/d52-52-haftada-temel-davul-dersleri\/"},"modified":"2026-04-01T02:29:28","modified_gmt":"2026-03-31T23:29:28","slug":"d52-52-haftada-temel-davul-dersleri","status":"publish","type":"product","link":"https:\/\/roveyayinevi.com.tr\/index.php\/urun\/d52-52-haftada-temel-davul-dersleri\/","title":{"rendered":"D52 &#8211; 52 Haftada Temel Davul Dersleri"},"content":{"rendered":"<p>Davul \u00e7almak isteyen ve bunu kendi kendine ba\u015farmaya \u00e7al\u0131\u015fan herkesin ba\u015fl\u0131ca sorunu, yol g\u00f6sterici kaynaklar\u0131n say\u0131ca az olmas\u0131d\u0131r. G\u00fcn\u00fcm\u00fcz\u00fcn ileti\u015fim teknolojileri sayesinde davulla ilgili pek \u00e7ok bilgiye h\u0131zl\u0131ca ula\u015fmak olanakl\u0131ysa bile bunlar da da\u011f\u0131n\u0131k kalabilmektedir; davul \u00f6\u011frencisi de hangi \u00e7al\u0131\u015fman\u0131n kendisine ne kataca\u011f\u0131n\u0131, hangi egzersizi ne kadar s\u00fcre yineleyece\u011fini, bunlar\u0131 nas\u0131l bir s\u0131raya sokup hangi h\u0131zda ilerleyece\u011fini kestirmekte zorlan\u0131r. Ayr\u0131ca, egzersizlerden ba\u015fka nelerin \u00f6nemli oldu\u011fu, metodik \u00e7al\u0131\u015fma program\u0131n\u0131n haricinde nelere dikkat edilmesi gerekti\u011fi de belirsiz kal\u0131r. \u0130\u015fte D52\u2019nin amac\u0131, bir yandan davul \u00f6\u011frencisine metodik bir \u00e7al\u0131\u015fma plan\u0131 sunarken, bir yandan da a\u00e7\u0131klama ve y\u00f6nlendirmeleri ile bu belirsizlikleri gidermektir.Temel m\u00fczik ve davul bilgileri52 haftal\u0131k \u00e7al\u0131\u015fma takvimi i\u00e7inde yap\u0131land\u0131r\u0131lm\u0131\u015f davul egzersiz program\u0131Her hafta a\u00e7\u0131klay\u0131c\u0131 ek bilgiler ve y\u00f6nlendirmelerRitim, baget kontrol, koordinasyon ve ritmik solfej ana ba\u015fl\u0131klar\u0131yla \u00e7ok y\u00f6nl\u00fc \u00e7al\u0131\u015fma d\u00fczeniHer bir ana ba\u015fl\u0131\u011f\u0131n alt\u0131nda 300\u2019\u00fcn \u00fczerinde egzersiz ve varyasyon40 rudimentin tan\u0131m\u0131 ve baget kontrol, koordinasyon ve alan \u00e7al\u0131\u015fmalar\u0131 kapsam\u0131nda uygulamalar\u0131Belli ba\u015fl\u0131 m\u00fczik t\u00fcrlerinden farkl\u0131 tarzlarda ritim \u00f6rnekleriwww.d52davulmetodu.com adresinde destekleyici ses dosyalar\u0131. <\/p>\n","protected":false},"excerpt":{"rendered":"<p>Davul \u00e7almak isteyen ve bunu kendi kendine ba\u015farmaya \u00e7al\u0131\u015fan herkesin ba\u015fl\u0131ca sorunu, yol g\u00f6sterici kaynaklar\u0131n say\u0131ca az olmas\u0131d\u0131r. G\u00fcn\u00fcm\u00fcz\u00fcn ileti\u015fim teknolojileri sayesinde davulla ilgili pek \u00e7ok<span class=\"excerpt-hellip\"> [\u2026]<\/span><\/p>\n","protected":false},"featured_media":0,"template":"","meta":{"_monsterinsights_skip_tracking":false,"_monsterinsights_sitenote_active":false,"_monsterinsights_sitenote_note":"","_monsterinsights_sitenote_category":0},"product_brand":[],"product_cat":[14556,20810],"product_tag":[],"class_list":{"0":"post-713926","1":"product","2":"type-product","3":"status-publish","5":"product_cat-muzik","6":"product_cat-ogrenim-kitaplari","7":"pa_cilt-ciltsiz","8":"pa_tur-kitap","9":"pa_yayinevi-gorunmez-adam-yayincilik","10":"pa_yazar-gercek-dorman","12":"first","13":"instock","14":"sale","15":"shipping-taxable","16":"purchasable","17":"product-type-simple"},"_links":{"self":[{"href":"https:\/\/roveyayinevi.com.tr\/index.php\/wp-json\/wp\/v2\/product\/713926","targetHints":{"allow":["GET"]}}],"collection":[{"href":"https:\/\/roveyayinevi.com.tr\/index.php\/wp-json\/wp\/v2\/product"}],"about":[{"href":"https:\/\/roveyayinevi.com.tr\/index.php\/wp-json\/wp\/v2\/types\/product"}],"wp:attachment":[{"href":"https:\/\/roveyayinevi.com.tr\/index.php\/wp-json\/wp\/v2\/media?parent=713926"}],"wp:term":[{"taxonomy":"product_brand","embeddable":true,"href":"https:\/\/roveyayinevi.com.tr\/index.php\/wp-json\/wp\/v2\/product_brand?post=713926"},{"taxonomy":"product_cat","embeddable":true,"href":"https:\/\/roveyayinevi.com.tr\/index.php\/wp-json\/wp\/v2\/product_cat?post=713926"},{"taxonomy":"product_tag","embeddable":true,"href":"https:\/\/roveyayinevi.com.tr\/index.php\/wp-json\/wp\/v2\/product_tag?post=713926"}],"curies":[{"name":"wp","href":"https:\/\/api.w.org\/{rel}","templated":true}]}}