{"id":713925,"date":"2025-08-27T17:13:09","date_gmt":"2025-08-27T14:13:09","guid":{"rendered":"https:\/\/roveyayinevi.com.tr\/index.php\/urun\/yayincilikta-ses-teknolojisi-ve-mikrofonlar\/"},"modified":"2026-04-16T02:22:23","modified_gmt":"2026-04-15T23:22:23","slug":"yayincilikta-ses-teknolojisi-ve-mikrofonlar","status":"publish","type":"product","link":"https:\/\/roveyayinevi.com.tr\/index.php\/urun\/yayincilikta-ses-teknolojisi-ve-mikrofonlar\/","title":{"rendered":"Yay\u0131nc\u0131l\u0131kta Ses Teknolojisi ve Mikrofonlar"},"content":{"rendered":"<p>Yay\u0131nc\u0131l\u0131k dendi\u011finde \u00e7o\u011fu ki\u015finin akl\u0131na ilk gelen yaln\u0131zca g\u00f6r\u00fcnt\u00fc yay\u0131n\u0131d\u0131r. Ama radyo yay\u0131nc\u0131l\u0131\u011f\u0131n\u0131 asla ikinci plana atmamak, g\u00f6r\u00fcnt\u00fcl\u00fc yap\u0131mlarda ise g\u00f6r\u00fcnt\u00fcn\u00fcn ses ile tamamland\u0131\u011f\u0131n\u0131 unutmamak gereklidir. Cihan I\u015f\u0131khan da i\u015fte bu kitab\u0131nda yay\u0131nc\u0131l\u0131kta b\u00fcy\u00fck \u00f6nem ta\u015f\u0131yan sese ve onun \u00e7evresinde olu\u015fan bilimler ile teknolojilere yay\u0131n uygulamalar\u0131 \u00e7ercevesinde \u0131\u015f\u0131k tutuyor. Kitap yay\u0131nc\u0131l\u0131\u011f\u0131 hedefleyen gen\u00e7 ileti\u015fimcilerin en \u00e7ok merak ettikleri konulara a\u00e7\u0131klamalar getirmeye y\u00f6nelmekle birlikte profesyonel yay\u0131nc\u0131l\u0131k ortamlar\u0131ndaki g\u00fcncel uygulamalardan yans\u0131yan p\u00fcf noktalar\u0131 da okura a\u00e7arak ses teknolojisini uygulamalar\u0131ndakullanacak herkes i\u00e7in k\u0131lavuz olma niteli\u011fi kazan\u0131yor. Sesin nas\u0131l olu\u015ftu\u011fundan dijital ortama nas\u0131l aktar\u0131ld\u0131\u011f\u0131na ; sa\u011fl\u0131kl\u0131 bir sinyal ak\u0131\u015f\u0131 sa\u011flamak i\u00e7in kullan\u0131lan donan\u0131m ve bunlar\u0131n ba\u011flant\u0131lar\u0131ndan s\u00fcrekli geli\u015fen It sistemlere, dijital kurgunun ilkelerinden ileri y\u00fczey yaz\u0131l\u0131m ve i\u015flemcilerin kullan\u0131malar\u0131na dek pek \u00e7ok konuyu ayr\u0131nt\u0131l\u0131 bi\u00e7imde ele alan bu kitap son b\u00f6l\u00fcm\u00fcn\u00fc de b\u00fct\u00fcn\u00fcyle mikrafona ay\u0131r\u0131yor. Bu donan\u0131mlar\u0131n tarihteki de\u011fi\u015fim ve d\u00f6n\u00fc\u015f\u00fcmleri dijital teknoloji i\u00e7ine nas\u0131l entegre olduklar\u0131 ve geli\u015ftirilen yeni tekniklerle kullan\u0131m alanlar\u0131n\u0131 ve bi\u00e7imlerini nas\u0131l \u00e7e\u015fitlendirdikleri t\u00fcm gerekli ayr\u0131nt\u0131larla ve ses teknolojisine yabanc\u0131 olan birinin bile kolayca, anlayabilece\u011fi bir dille, pratik noktalar da vurgulanarak aktar\u0131l\u0131yor. <\/p>\n","protected":false},"excerpt":{"rendered":"<p>Yay\u0131nc\u0131l\u0131k dendi\u011finde \u00e7o\u011fu ki\u015finin akl\u0131na ilk gelen yaln\u0131zca g\u00f6r\u00fcnt\u00fc yay\u0131n\u0131d\u0131r. Ama radyo yay\u0131nc\u0131l\u0131\u011f\u0131n\u0131 asla ikinci plana atmamak, g\u00f6r\u00fcnt\u00fcl\u00fc yap\u0131mlarda ise g\u00f6r\u00fcnt\u00fcn\u00fcn ses ile tamamland\u0131\u011f\u0131n\u0131 unutmamak gereklidir.<span class=\"excerpt-hellip\"> [\u2026]<\/span><\/p>\n","protected":false},"featured_media":0,"template":"","meta":{"_monsterinsights_skip_tracking":false,"_monsterinsights_sitenote_active":false,"_monsterinsights_sitenote_note":"","_monsterinsights_sitenote_category":0},"product_brand":[],"product_cat":[14556,20810],"product_tag":[],"class_list":{"0":"post-713925","1":"product","2":"type-product","3":"status-publish","5":"product_cat-muzik","6":"product_cat-ogrenim-kitaplari","7":"pa_cilt-ciltsiz","8":"pa_tur-kitap","9":"pa_yayinevi-gorunmez-adam-yayincilik","10":"pa_yazar-cihan-isikhan","12":"first","13":"instock","14":"sale","15":"shipping-taxable","16":"purchasable","17":"product-type-simple"},"_links":{"self":[{"href":"https:\/\/roveyayinevi.com.tr\/index.php\/wp-json\/wp\/v2\/product\/713925","targetHints":{"allow":["GET"]}}],"collection":[{"href":"https:\/\/roveyayinevi.com.tr\/index.php\/wp-json\/wp\/v2\/product"}],"about":[{"href":"https:\/\/roveyayinevi.com.tr\/index.php\/wp-json\/wp\/v2\/types\/product"}],"wp:attachment":[{"href":"https:\/\/roveyayinevi.com.tr\/index.php\/wp-json\/wp\/v2\/media?parent=713925"}],"wp:term":[{"taxonomy":"product_brand","embeddable":true,"href":"https:\/\/roveyayinevi.com.tr\/index.php\/wp-json\/wp\/v2\/product_brand?post=713925"},{"taxonomy":"product_cat","embeddable":true,"href":"https:\/\/roveyayinevi.com.tr\/index.php\/wp-json\/wp\/v2\/product_cat?post=713925"},{"taxonomy":"product_tag","embeddable":true,"href":"https:\/\/roveyayinevi.com.tr\/index.php\/wp-json\/wp\/v2\/product_tag?post=713925"}],"curies":[{"name":"wp","href":"https:\/\/api.w.org\/{rel}","templated":true}]}}