{"id":713923,"date":"2025-08-27T17:13:08","date_gmt":"2025-08-27T14:13:08","guid":{"rendered":"https:\/\/roveyayinevi.com.tr\/index.php\/urun\/duygusal-zekasi-yuksek-cocuklar-yetistirmek\/"},"modified":"2025-11-09T04:46:29","modified_gmt":"2025-11-09T01:46:29","slug":"duygusal-zekasi-yuksek-cocuklar-yetistirmek","status":"publish","type":"product","link":"https:\/\/roveyayinevi.com.tr\/index.php\/urun\/duygusal-zekasi-yuksek-cocuklar-yetistirmek\/","title":{"rendered":"Duygusal Zekas\u0131 Y\u00fcksek \u00c7ocuklar Yeti\u015ftirmek"},"content":{"rendered":"<p>Zek\u00e2 geli\u015fimi \u00e7o\u011fu ebeveyn ve e\u011fitimci i\u00e7in birinci \u00f6nceliktir. Ama \u00e7ocu\u011fun duygular\u0131 y\u00f6netmekte ustala\u015fmas\u0131 da en az zek\u00e2 kadar \u00f6nemlidir. Duygusal Zek\u00e2s\u0131 Y\u00fcksek \u00c7ocuklar Yeti\u015ftirmek, \u00e7ocuklar\u0131n duygular \u00e2lemini anlamas\u0131n\u0131 ve duyguyu dengeleyip d\u00fczenlemesini sa\u011flamaya y\u00f6nelik bir rehberdir. Duygusal zek\u00e2s\u0131n\u0131 geli\u015ftiren \u00e7ocuk daha y\u00fcksek \u00f6zg\u00fcvenle hareket etmekte, daha sa\u011fl\u0131kl\u0131 olmakta, okulda (sonras\u0131nda da i\u015f d\u00fcnyas\u0131nda) daha y\u00fcksek performans g\u00f6stermekte, daha derin ahlaki muhakemelerde bulunmakta ve daha sa\u011flam sosyal ili\u015fkiler kurmaktad\u0131r.Kitapta anlat\u0131lan \u201cduygu ko\u00e7lu\u011fu\u201d ad\u0131mlar\u0131 sayesinde ebeveynler:\u2022 \u00c7ocuk duygular\u0131n\u0131 daha iyi anlayacak,\u2022 Bu duygular\u0131 yak\u0131nl\u0131k kurma ve \u00f6\u011fretme f\u0131rsat\u0131 olarak g\u00f6recek,\u2022 Empati kurarak dinleyecek,\u2022 Duyguyu \u00e7ocu\u011fun anlayabilece\u011fi bi\u00e7imde tan\u0131mlay\u0131p adland\u0131racak,\u2022 \u00c7ocu\u011fa sorun \u00e7\u00f6zmekte veya duygular\u0131 alt\u00fcst eden durumlar\u0131 gidermekte etkili yard\u0131mlarda bulunacakt\u0131r.Duygusal Zek\u00e2s\u0131 Y\u00fcksek \u00c7ocuklar Yeti\u015ftirmek, yaln\u0131zca annelere de\u011fil, babalara da seslenmekte, baban\u0131n \u00e7ocuk ya\u015fam\u0131ndaki rol\u00fcn\u00fc ve \u00f6nemini ortaya koymaktad\u0131r. Dahas\u0131, e\u015fler aras\u0131 \u00e7at\u0131\u015fman\u0131n, ayr\u0131lman\u0131n ve bo\u015fanman\u0131n etkilerine kar\u015f\u0131 \u00e7ocuklar\u0131 nas\u0131l koruyaca\u011f\u0131m\u0131za dair yal\u0131n bir kavray\u0131\u015f ve pratik y\u00f6ntemler sunmaktad\u0131r.Her ya\u015ftan \u00e7ocu\u011fun ebeveynlerine hitap eden bu kitap, ebeveyn-\u00e7ocuk ba\u011f\u0131n\u0131 g\u00fc\u00e7lendirmekle kalmayacak, duygusal a\u00e7\u0131dan sa\u011fl\u0131kl\u0131 bireylerden olu\u015fan topluluklar\u0131n kurulmas\u0131na da imk\u00e2n tan\u0131yacakt\u0131r. <\/p>\n","protected":false},"excerpt":{"rendered":"<p>Zek\u00e2 geli\u015fimi \u00e7o\u011fu ebeveyn ve e\u011fitimci i\u00e7in birinci \u00f6nceliktir. Ama \u00e7ocu\u011fun duygular\u0131 y\u00f6netmekte ustala\u015fmas\u0131 da en az zek\u00e2 kadar \u00f6nemlidir. Duygusal Zek\u00e2s\u0131 Y\u00fcksek \u00c7ocuklar Yeti\u015ftirmek, \u00e7ocuklar\u0131n<span class=\"excerpt-hellip\"> [\u2026]<\/span><\/p>\n","protected":false},"featured_media":0,"template":"","meta":{"_monsterinsights_skip_tracking":false,"_monsterinsights_sitenote_active":false,"_monsterinsights_sitenote_note":"","_monsterinsights_sitenote_category":0},"product_brand":[],"product_cat":[13835],"product_tag":[],"class_list":{"0":"post-713923","1":"product","2":"type-product","3":"status-publish","5":"product_cat-cok-satanlar","6":"pa_cilt-ciltsiz","7":"pa_tur-kitap","8":"pa_yayinevi-gorunmez-adam-yayincilik","9":"pa_yazar-john-gottman-joan-declaire","11":"first","12":"instock","13":"sale","14":"shipping-taxable","15":"purchasable","16":"product-type-simple"},"_links":{"self":[{"href":"https:\/\/roveyayinevi.com.tr\/index.php\/wp-json\/wp\/v2\/product\/713923","targetHints":{"allow":["GET"]}}],"collection":[{"href":"https:\/\/roveyayinevi.com.tr\/index.php\/wp-json\/wp\/v2\/product"}],"about":[{"href":"https:\/\/roveyayinevi.com.tr\/index.php\/wp-json\/wp\/v2\/types\/product"}],"wp:attachment":[{"href":"https:\/\/roveyayinevi.com.tr\/index.php\/wp-json\/wp\/v2\/media?parent=713923"}],"wp:term":[{"taxonomy":"product_brand","embeddable":true,"href":"https:\/\/roveyayinevi.com.tr\/index.php\/wp-json\/wp\/v2\/product_brand?post=713923"},{"taxonomy":"product_cat","embeddable":true,"href":"https:\/\/roveyayinevi.com.tr\/index.php\/wp-json\/wp\/v2\/product_cat?post=713923"},{"taxonomy":"product_tag","embeddable":true,"href":"https:\/\/roveyayinevi.com.tr\/index.php\/wp-json\/wp\/v2\/product_tag?post=713923"}],"curies":[{"name":"wp","href":"https:\/\/api.w.org\/{rel}","templated":true}]}}