{"id":713920,"date":"2025-08-27T17:13:07","date_gmt":"2025-08-27T14:13:07","guid":{"rendered":"https:\/\/roveyayinevi.com.tr\/index.php\/urun\/varolus-felsefesi-hareket-felsefesi\/"},"modified":"2025-09-25T04:50:48","modified_gmt":"2025-09-25T01:50:48","slug":"varolus-felsefesi-hareket-felsefesi","status":"publish","type":"product","link":"https:\/\/roveyayinevi.com.tr\/index.php\/urun\/varolus-felsefesi-hareket-felsefesi\/","title":{"rendered":"Varolu\u015f Felsefesi Hareket Felsefesi"},"content":{"rendered":"<p>Asr\u0131m\u0131zda tesirlerini b\u00fct\u00fcn felsefe alemine hatta alemine hatta b\u00fct\u00fcn d\u00fc\u015f\u00fcnce d\u00fcnyas\u0131na yayarak geni\u015fleten varolu\u015f felsefesinin do\u011fu\u015fu ge\u00e7en asr\u0131n ba\u015flar\u0131ndad\u0131r. Hatta onun haz\u0131rl\u0131klar\u0131n\u0131 Pascal\u2019da bulmak kabil oluyor. II. Cihan Harbi\u2019nden sonra pek acayip anlay\u0131\u015flara yol a\u00e7an bu felsefenin esas\u0131 \u015fudur: Eski Yunan\u2019dan beri felsefe, hakikat olarak e\u015fyan\u0131n \u00f6z\u00fcn\u00fc ara\u015ft\u0131r\u0131yordu. \u00d6z, duyularla tan\u0131nmayan, bir olan, hi\u00e7bir zaman de\u011fi\u015fmedi\u011fi halde, de\u011fi\u015fen ve duyularla tan\u0131nan b\u00fct\u00fcn varl\u0131klar\u0131n esas\u0131 olan ve onlar\u0131 var k\u0131lan \u015feydir. Filozoflar, gaye olan bu me\u00e7hul\u00fc ara\u015ft\u0131rmakla i\u015fe ba\u015fl\u0131yorlard\u0131. Enzistansiyalistler, akl\u0131 karanl\u0131klarda kaybedici olan bu hareketin tersine olarak var olandan, bilinenden ve duyularla tan\u0131nandan i\u015fe ba\u015flad\u0131lar. Bu yoldan giderek g\u00f6zlemle tahlilin g\u00f6t\u00fcrebildi\u011fi yere kadar ilerlemeyi d\u00fc\u015f\u00fcnd\u00fcler. B\u00f6ylelikle hakikati tan\u0131maya \u00e7al\u0131\u015fmak varolu\u015f felsefesinin temelini te\u015fkil ediyor. Varolu\u015f\u00e7ular, hakikat \u015fudur veya budur demiyorlar. Bu yolda bir hipotez de ileri s\u00fcrm\u00fcyorlar. Bunlarda hakikatin sezgisi yoluyla bir anda yakalanacak \u00f6z de mevcut de\u011fildir. Ger\u00e7ek varolu\u015fu yakalayarak onda ad\u0131m ad\u0131m derinle\u015fmemize yarayan tan\u0131y\u0131\u015f bu felsefenin metodudur. \ufffcTan\u0131t\u0131m Metni<\/p>\n","protected":false},"excerpt":{"rendered":"<p>Asr\u0131m\u0131zda tesirlerini b\u00fct\u00fcn felsefe alemine hatta alemine hatta b\u00fct\u00fcn d\u00fc\u015f\u00fcnce d\u00fcnyas\u0131na yayarak geni\u015fleten varolu\u015f felsefesinin do\u011fu\u015fu ge\u00e7en asr\u0131n ba\u015flar\u0131ndad\u0131r. Hatta onun haz\u0131rl\u0131klar\u0131n\u0131 Pascal\u2019da bulmak kabil oluyor.<span class=\"excerpt-hellip\"> [\u2026]<\/span><\/p>\n","protected":false},"featured_media":0,"template":"","meta":{"_monsterinsights_skip_tracking":false,"_monsterinsights_sitenote_active":false,"_monsterinsights_sitenote_note":"","_monsterinsights_sitenote_category":0},"product_brand":[],"product_cat":[12567,12566],"product_tag":[],"class_list":{"0":"post-713920","1":"product","2":"type-product","3":"status-publish","5":"product_cat-diger-egitim","6":"product_cat-egitim","7":"pa_cilt-ciltsiz","8":"pa_tur-kitap","9":"pa_yayinevi-dergah-yayinlari","10":"pa_yazar-nurettin-topcu","12":"first","13":"instock","14":"sale","15":"shipping-taxable","16":"purchasable","17":"product-type-simple"},"_links":{"self":[{"href":"https:\/\/roveyayinevi.com.tr\/index.php\/wp-json\/wp\/v2\/product\/713920","targetHints":{"allow":["GET"]}}],"collection":[{"href":"https:\/\/roveyayinevi.com.tr\/index.php\/wp-json\/wp\/v2\/product"}],"about":[{"href":"https:\/\/roveyayinevi.com.tr\/index.php\/wp-json\/wp\/v2\/types\/product"}],"wp:attachment":[{"href":"https:\/\/roveyayinevi.com.tr\/index.php\/wp-json\/wp\/v2\/media?parent=713920"}],"wp:term":[{"taxonomy":"product_brand","embeddable":true,"href":"https:\/\/roveyayinevi.com.tr\/index.php\/wp-json\/wp\/v2\/product_brand?post=713920"},{"taxonomy":"product_cat","embeddable":true,"href":"https:\/\/roveyayinevi.com.tr\/index.php\/wp-json\/wp\/v2\/product_cat?post=713920"},{"taxonomy":"product_tag","embeddable":true,"href":"https:\/\/roveyayinevi.com.tr\/index.php\/wp-json\/wp\/v2\/product_tag?post=713920"}],"curies":[{"name":"wp","href":"https:\/\/api.w.org\/{rel}","templated":true}]}}