{"id":713917,"date":"2025-08-27T17:13:05","date_gmt":"2025-08-27T14:13:05","guid":{"rendered":"https:\/\/roveyayinevi.com.tr\/index.php\/urun\/seyyid-nesimi\/"},"modified":"2026-04-16T02:22:23","modified_gmt":"2026-04-15T23:22:23","slug":"seyyid-nesimi","status":"publish","type":"product","link":"https:\/\/roveyayinevi.com.tr\/index.php\/urun\/seyyid-nesimi\/","title":{"rendered":"Seyyid Nesimi"},"content":{"rendered":"<p>Nesim\u00ee, klasik edebiyat\u0131n en g\u00fc\u00e7l\u00fc \u015fairlerinden birisi olarak \u00e7a\u011flar\u0131 a\u015fan mesaj\u0131yla b\u00fct\u00fcn insanl\u0131\u011f\u0131 kucaklayan bir m\u00fctefekkirdir. O, \u015fiirde ortaya koydu\u011fu benzersiz \u00fcslubuyla ya\u015fad\u0131\u011f\u0131 d\u00f6nemden g\u00fcn\u00fcm\u00fcze de\u011fin bir\u00e7ok \u015fairi etkisi alt\u0131na alm\u0131\u015f sufi bir \u015fairdir. S\u00f6z\u00fcn tesirinden ald\u0131\u011f\u0131 g\u00fc\u00e7le fikirlerini \u015fiir diliyle ifade eder. Bu y\u00fczden o, T\u00fcrk tasavvuf edebiyat\u0131n\u0131n da merkez isimlerinden biri olarak ad\u0131 zamana ve mek\u00e2na s\u0131\u011fmayan bir g\u00f6n\u00fcl eridir. Anadolu\u2019da daha \u00f6nce Yunus Emre, \u00c2\u015f\u0131k Pa\u015fa gibi \u015fairlerin ba\u015flatt\u0131\u011f\u0131 T\u00fcrk\u00e7e \u015fiir yazma gelene\u011fine, \u015fiirleriyle devaml\u0131l\u0131k sa\u011flayan m\u00fcstesna bir isimdir.Ayk\u0131r\u0131 d\u00fc\u015f\u00fcncelerinden \u00e7ok, kamu vicdan\u0131n\u0131 yaralayan \u00f6ld\u00fcr\u00fclme hadisesinin tesiriyle o, \u015fehitlik zirvesinin fatihi olarak g\u00f6r\u00fclm\u00fc\u015f ve ad\u0131 ebediyete kadar \u00f6l\u00fcms\u00fczle\u015fen isimler aras\u0131na girmi\u015ftir. <\/p>\n","protected":false},"excerpt":{"rendered":"<p>Nesim\u00ee, klasik edebiyat\u0131n en g\u00fc\u00e7l\u00fc \u015fairlerinden birisi olarak \u00e7a\u011flar\u0131 a\u015fan mesaj\u0131yla b\u00fct\u00fcn insanl\u0131\u011f\u0131 kucaklayan bir m\u00fctefekkirdir. O, \u015fiirde ortaya koydu\u011fu benzersiz \u00fcslubuyla ya\u015fad\u0131\u011f\u0131 d\u00f6nemden g\u00fcn\u00fcm\u00fcze de\u011fin<span class=\"excerpt-hellip\"> [\u2026]<\/span><\/p>\n","protected":false},"featured_media":0,"template":"","meta":{"_monsterinsights_skip_tracking":false,"_monsterinsights_sitenote_active":false,"_monsterinsights_sitenote_note":"","_monsterinsights_sitenote_category":0},"product_brand":[],"product_cat":[13072,12291],"product_tag":[],"class_list":{"0":"post-713917","1":"product","2":"type-product","3":"status-publish","5":"product_cat-arastirma-inceleme-referans","6":"product_cat-edebiyat","7":"pa_cilt-ciltsiz","8":"pa_tur-kitap","9":"pa_yayinevi-ketebe-yayinlari","10":"pa_yazar-yusuf-yildirim","12":"first","13":"instock","14":"sale","15":"shipping-taxable","16":"purchasable","17":"product-type-simple"},"_links":{"self":[{"href":"https:\/\/roveyayinevi.com.tr\/index.php\/wp-json\/wp\/v2\/product\/713917","targetHints":{"allow":["GET"]}}],"collection":[{"href":"https:\/\/roveyayinevi.com.tr\/index.php\/wp-json\/wp\/v2\/product"}],"about":[{"href":"https:\/\/roveyayinevi.com.tr\/index.php\/wp-json\/wp\/v2\/types\/product"}],"wp:attachment":[{"href":"https:\/\/roveyayinevi.com.tr\/index.php\/wp-json\/wp\/v2\/media?parent=713917"}],"wp:term":[{"taxonomy":"product_brand","embeddable":true,"href":"https:\/\/roveyayinevi.com.tr\/index.php\/wp-json\/wp\/v2\/product_brand?post=713917"},{"taxonomy":"product_cat","embeddable":true,"href":"https:\/\/roveyayinevi.com.tr\/index.php\/wp-json\/wp\/v2\/product_cat?post=713917"},{"taxonomy":"product_tag","embeddable":true,"href":"https:\/\/roveyayinevi.com.tr\/index.php\/wp-json\/wp\/v2\/product_tag?post=713917"}],"curies":[{"name":"wp","href":"https:\/\/api.w.org\/{rel}","templated":true}]}}