{"id":713916,"date":"2025-08-27T17:13:04","date_gmt":"2025-08-27T14:13:04","guid":{"rendered":"https:\/\/roveyayinevi.com.tr\/index.php\/urun\/tuhfe-i-bahriyye-tevhid-ve-sirlar-denizi\/"},"modified":"2026-04-16T02:22:23","modified_gmt":"2026-04-15T23:22:23","slug":"tuhfe-i-bahriyye-tevhid-ve-sirlar-denizi","status":"publish","type":"product","link":"https:\/\/roveyayinevi.com.tr\/index.php\/urun\/tuhfe-i-bahriyye-tevhid-ve-sirlar-denizi\/","title":{"rendered":"Tuhfe-i Bahriyye Tevhid ve S\u0131rlar Denizi"},"content":{"rendered":"<p>Celvetiyye tarikat\u0131n\u0131n Anadolu\u2019daki en \u00f6nemli temsilcilerinden \u0130smail Hakk\u0131 Bursev\u00ee 100\u2019den fazla eser sahibi hezarfen bir \u00e2lim, \u015farih, m\u00fcfessir, \u015fair ve bestek\u00e2rd\u0131r. Bursev\u00ee hazretleri tefsir, hadis, tasavvuf ve meani gibi bir\u00e7ok ilim dal\u0131nda eser kaleme alm\u0131\u015ft\u0131r ve tasavvufi ne\u015fve, \u00f6zellikle Ekberi renk, eserlerinin neredeyse tamam\u0131nda merkezi bir rol oynar. Bursev\u00ee\u2019nin metinlerine bakt\u0131\u011f\u0131m\u0131zda Mevlana Celaleddin Rum\u00ee, Sadreddin Konev\u00ee, \u00dcft\u00e2de ve Aziz Mahmud H\u00fcday\u00ee gibi bir\u00e7ok \u015feyhin yan\u0131 s\u0131ra onu en \u00e7ok etkileyen ismin \u0130bn\u00fc\u2019l- Arabi oldu\u011fu a\u00e7\u0131k\u00e7a g\u00f6r\u00fcl\u00fcr.Tuhfe-i Bahriyye\u2019nin telif sebebi, \u00dcsk\u00fcdar\u2019da Bursev\u00ee hazretlerinin sohbet meclisine kat\u0131lan Has Bah\u00e7e M\u00fcfetti\u015fi Bahr\u00ee H\u00fcseyin Efendi\u2019nin kendisinden k\u0131ymetli bir hediye istemesidir. Bursev\u00ee hazretleri bu istek \u00fczerine Tuhfe-i Bahriyye\u2019yi yazar. Eserde \u201cH\u00fb\u201d ismine, tevhid laf\u0131zlar\u0131na ve Bahr\u00ee isminin b\u00e2t\u0131ni anlam\u0131na dair s\u0131rlardan bahsedilmektedir. Bursev\u00ee hazretleri okuyucudan eserdeki hakikatleri iyi anlamas\u0131n\u0131 ve kitab\u0131 m\u00fcmk\u00fcn olan her yerde yan\u0131nda ta\u015f\u0131mas\u0131n\u0131 istemektedir. <\/p>\n","protected":false},"excerpt":{"rendered":"<p>Celvetiyye tarikat\u0131n\u0131n Anadolu\u2019daki en \u00f6nemli temsilcilerinden \u0130smail Hakk\u0131 Bursev\u00ee 100\u2019den fazla eser sahibi hezarfen bir \u00e2lim, \u015farih, m\u00fcfessir, \u015fair ve bestek\u00e2rd\u0131r. Bursev\u00ee hazretleri tefsir, hadis, tasavvuf<span class=\"excerpt-hellip\"> [\u2026]<\/span><\/p>\n","protected":false},"featured_media":0,"template":"","meta":{"_monsterinsights_skip_tracking":false,"_monsterinsights_sitenote_active":false,"_monsterinsights_sitenote_note":"","_monsterinsights_sitenote_category":0},"product_brand":[],"product_cat":[13072,12291],"product_tag":[],"class_list":{"0":"post-713916","1":"product","2":"type-product","3":"status-publish","5":"product_cat-arastirma-inceleme-referans","6":"product_cat-edebiyat","7":"pa_cilt-ciltsiz","8":"pa_tur-kitap","9":"pa_yayinevi-ketebe-yayinlari","10":"pa_yazar-ismail-hakki-bursevi","12":"first","13":"instock","14":"sale","15":"shipping-taxable","16":"purchasable","17":"product-type-simple"},"_links":{"self":[{"href":"https:\/\/roveyayinevi.com.tr\/index.php\/wp-json\/wp\/v2\/product\/713916","targetHints":{"allow":["GET"]}}],"collection":[{"href":"https:\/\/roveyayinevi.com.tr\/index.php\/wp-json\/wp\/v2\/product"}],"about":[{"href":"https:\/\/roveyayinevi.com.tr\/index.php\/wp-json\/wp\/v2\/types\/product"}],"wp:attachment":[{"href":"https:\/\/roveyayinevi.com.tr\/index.php\/wp-json\/wp\/v2\/media?parent=713916"}],"wp:term":[{"taxonomy":"product_brand","embeddable":true,"href":"https:\/\/roveyayinevi.com.tr\/index.php\/wp-json\/wp\/v2\/product_brand?post=713916"},{"taxonomy":"product_cat","embeddable":true,"href":"https:\/\/roveyayinevi.com.tr\/index.php\/wp-json\/wp\/v2\/product_cat?post=713916"},{"taxonomy":"product_tag","embeddable":true,"href":"https:\/\/roveyayinevi.com.tr\/index.php\/wp-json\/wp\/v2\/product_tag?post=713916"}],"curies":[{"name":"wp","href":"https:\/\/api.w.org\/{rel}","templated":true}]}}