{"id":713915,"date":"2025-08-27T17:13:03","date_gmt":"2025-08-27T14:13:03","guid":{"rendered":"https:\/\/roveyayinevi.com.tr\/index.php\/urun\/erzurumlu-bilge-imam-muhammed-lutfi-efendi\/"},"modified":"2026-04-16T02:22:23","modified_gmt":"2026-04-15T23:22:23","slug":"erzurumlu-bilge-imam-muhammed-lutfi-efendi","status":"publish","type":"product","link":"https:\/\/roveyayinevi.com.tr\/index.php\/urun\/erzurumlu-bilge-imam-muhammed-lutfi-efendi\/","title":{"rendered":"Erzurumlu Bilge \u0130mam Muhammed Lutfi Efendi"},"content":{"rendered":"<p>Muhammed Lutf\u00ee Efendi, nam\u0131di\u011fer Alvarl\u0131 Efe, do\u011fdu\u011fu, ya\u015fad\u0131\u011f\u0131 ve eserler verdi\u011fi \u015fehir Erzurum\u2019un ilm\u00ee, ahlak\u00ee ve edeb\u00ee gelene\u011fine \u00f6nemli \u00f6l\u00e7\u00fcde tesir etmi\u015f bir g\u00f6n\u00fcl eridir. O hem Alvar K\u00f6y\u00fc\u2019n\u00fc ilim, irfan ve sanat merkezine d\u00f6n\u00fc\u015ft\u00fcr\u00fcp burada geleneksel esaslara ba\u011fl\u0131 kalarak \u00f6\u011frenci yeti\u015ftiren bir m\u00fcderris; hem halk\u0131 ir\u015fat ederek g\u00f6n\u00fcller fetheden bir m\u00fcr\u015fit, hem de unutulmaya mahk\u00fbm edilen \u015fiir dilini ihya eden bir hakikat \u015fairidir. M\u00fcderris, m\u00fcr\u015fit ve\u015fair olmas\u0131n\u0131n yan\u0131 s\u0131ra Alvarl\u0131 Efe bir yan\u0131yla da halk\u0131na \u00f6nder bir imamd\u0131r. \u0130\u015fgal ve zul\u00fcmle dolu zamanlarda kurdu\u011fu m\u00fcfreze ile d\u00fc\u015fmana kar\u015f\u0131 en \u00f6n saflarda m\u00fccadele etmi\u015ftir.Muhammed Lutf\u00ee Efendi, imaml\u0131k makam\u0131n\u0131n ilmi, irfan\u0131 ve vatanperverli\u011fiyle hakk\u0131n\u0131 vermi\u015f, Peygamber miras\u0131 bu makam\u0131 \u015f\u00e2d etmesi nedeniyle de ruhlarda ve zihinlerde derin izler b\u0131rakm\u0131\u015ft\u0131r. <\/p>\n","protected":false},"excerpt":{"rendered":"<p>Muhammed Lutf\u00ee Efendi, nam\u0131di\u011fer Alvarl\u0131 Efe, do\u011fdu\u011fu, ya\u015fad\u0131\u011f\u0131 ve eserler verdi\u011fi \u015fehir Erzurum\u2019un ilm\u00ee, ahlak\u00ee ve edeb\u00ee gelene\u011fine \u00f6nemli \u00f6l\u00e7\u00fcde tesir etmi\u015f bir g\u00f6n\u00fcl eridir. O<span class=\"excerpt-hellip\"> [\u2026]<\/span><\/p>\n","protected":false},"featured_media":0,"template":"","meta":{"_monsterinsights_skip_tracking":false,"_monsterinsights_sitenote_active":false,"_monsterinsights_sitenote_note":"","_monsterinsights_sitenote_category":0},"product_brand":[],"product_cat":[13072,12291],"product_tag":[],"class_list":{"0":"post-713915","1":"product","2":"type-product","3":"status-publish","5":"product_cat-arastirma-inceleme-referans","6":"product_cat-edebiyat","7":"pa_cilt-ciltsiz","8":"pa_tur-kitap","9":"pa_yayinevi-ketebe-yayinlari","10":"pa_yazar-bilal-kemikli","12":"first","13":"instock","14":"sale","15":"shipping-taxable","16":"purchasable","17":"product-type-simple"},"_links":{"self":[{"href":"https:\/\/roveyayinevi.com.tr\/index.php\/wp-json\/wp\/v2\/product\/713915","targetHints":{"allow":["GET"]}}],"collection":[{"href":"https:\/\/roveyayinevi.com.tr\/index.php\/wp-json\/wp\/v2\/product"}],"about":[{"href":"https:\/\/roveyayinevi.com.tr\/index.php\/wp-json\/wp\/v2\/types\/product"}],"wp:attachment":[{"href":"https:\/\/roveyayinevi.com.tr\/index.php\/wp-json\/wp\/v2\/media?parent=713915"}],"wp:term":[{"taxonomy":"product_brand","embeddable":true,"href":"https:\/\/roveyayinevi.com.tr\/index.php\/wp-json\/wp\/v2\/product_brand?post=713915"},{"taxonomy":"product_cat","embeddable":true,"href":"https:\/\/roveyayinevi.com.tr\/index.php\/wp-json\/wp\/v2\/product_cat?post=713915"},{"taxonomy":"product_tag","embeddable":true,"href":"https:\/\/roveyayinevi.com.tr\/index.php\/wp-json\/wp\/v2\/product_tag?post=713915"}],"curies":[{"name":"wp","href":"https:\/\/api.w.org\/{rel}","templated":true}]}}