{"id":713912,"date":"2025-08-27T17:13:01","date_gmt":"2025-08-27T14:13:01","guid":{"rendered":"https:\/\/roveyayinevi.com.tr\/index.php\/urun\/gelecek-ve-diger-meseleler\/"},"modified":"2026-04-16T02:22:23","modified_gmt":"2026-04-15T23:22:23","slug":"gelecek-ve-diger-meseleler","status":"publish","type":"product","link":"https:\/\/roveyayinevi.com.tr\/index.php\/urun\/gelecek-ve-diger-meseleler\/","title":{"rendered":"Gelecek ve Di\u011fer Meseleler"},"content":{"rendered":"<p>Bu \u015fiiri \u00e7ok turuncu halk otob\u00fcs\u00fcnden, halkla yan yana, halk\u0131mlaSon xanaxtan \u00fc\u00e7 saat sonra, bir saat kala s\u0131radaki line\u2019a, s\u0131radakiHalklar\u0131n neyiydi tam olarak savundu\u011fumuz, yumru\u011fun hangi bi\u00e7imiydiBu \u015fiiri ihtiyarlar park\u0131ndan, ge\u00e7mi\u015flik hissinden, durmadan konu\u015fmaktanBu \u015fiiri bug\u00fcn yazarsam okkal\u0131 bi \u00e7\u0131\u011fl\u0131k atar\u0131m, kusura bakmaBu \u015fiiri \u00e7ok geni\u015f plaza asans\u00f6r\u00fcnden, ton bal\u0131kl\u0131 \u00f6\u011fle salatalar\u0131ndan, salataK\u0131rm\u0131z\u0131l\u0131 k\u0131zlara ka\u00e7amak bak\u0131\u015flardan, iskambil fal\u0131ndanFaiz hesaplar\u0131ndan, tatil planlar\u0131ndan, makyaj tazelemelerdenBu \u015fiiri kimsesizler mezarl\u0131\u011f\u0131ndan, unutulmu\u015f kahvelerden, dalg\u0131nl\u0131ktanBu \u015fiiri bug\u00fcn yazarsam a\u011fz\u0131n\u0131 burnunu k\u0131rar\u0131m, kusura bakma <\/p>\n","protected":false},"excerpt":{"rendered":"<p>Bu \u015fiiri \u00e7ok turuncu halk otob\u00fcs\u00fcnden, halkla yan yana, halk\u0131mlaSon xanaxtan \u00fc\u00e7 saat sonra, bir saat kala s\u0131radaki line\u2019a, s\u0131radakiHalklar\u0131n neyiydi tam olarak savundu\u011fumuz, yumru\u011fun hangi<span class=\"excerpt-hellip\"> [\u2026]<\/span><\/p>\n","protected":false},"featured_media":0,"template":"","meta":{"_monsterinsights_skip_tracking":false,"_monsterinsights_sitenote_active":false,"_monsterinsights_sitenote_note":"","_monsterinsights_sitenote_category":0},"product_brand":[],"product_cat":[12291,12509],"product_tag":[],"class_list":{"0":"post-713912","1":"product","2":"type-product","3":"status-publish","5":"product_cat-edebiyat","6":"product_cat-siir","7":"pa_cilt-ciltsiz","8":"pa_tur-kitap","9":"pa_yayinevi-ketebe-yayinlari","10":"pa_yazar-ismail-kilicarslan","12":"first","13":"instock","14":"sale","15":"shipping-taxable","16":"purchasable","17":"product-type-simple"},"_links":{"self":[{"href":"https:\/\/roveyayinevi.com.tr\/index.php\/wp-json\/wp\/v2\/product\/713912","targetHints":{"allow":["GET"]}}],"collection":[{"href":"https:\/\/roveyayinevi.com.tr\/index.php\/wp-json\/wp\/v2\/product"}],"about":[{"href":"https:\/\/roveyayinevi.com.tr\/index.php\/wp-json\/wp\/v2\/types\/product"}],"wp:attachment":[{"href":"https:\/\/roveyayinevi.com.tr\/index.php\/wp-json\/wp\/v2\/media?parent=713912"}],"wp:term":[{"taxonomy":"product_brand","embeddable":true,"href":"https:\/\/roveyayinevi.com.tr\/index.php\/wp-json\/wp\/v2\/product_brand?post=713912"},{"taxonomy":"product_cat","embeddable":true,"href":"https:\/\/roveyayinevi.com.tr\/index.php\/wp-json\/wp\/v2\/product_cat?post=713912"},{"taxonomy":"product_tag","embeddable":true,"href":"https:\/\/roveyayinevi.com.tr\/index.php\/wp-json\/wp\/v2\/product_tag?post=713912"}],"curies":[{"name":"wp","href":"https:\/\/api.w.org\/{rel}","templated":true}]}}