{"id":713909,"date":"2025-08-27T17:12:59","date_gmt":"2025-08-27T14:12:59","guid":{"rendered":"https:\/\/roveyayinevi.com.tr\/index.php\/urun\/kirisikliklar\/"},"modified":"2026-04-16T02:22:23","modified_gmt":"2026-04-15T23:22:23","slug":"kirisikliklar","status":"publish","type":"product","link":"https:\/\/roveyayinevi.com.tr\/index.php\/urun\/kirisikliklar\/","title":{"rendered":"K\u0131r\u0131\u015f\u0131kl\u0131klar"},"content":{"rendered":"<p>Ak\u0131p giden zamana inat akl\u0131n\u0131zdaki k\u0131r\u0131\u015f\u0131kl\u0131klara meydan okumak&#8230;  \u0130spanyol ill\u00fcstrat\u00f6r, yazar Paco Roca\u2019dan, 2008 Uluslararas\u0131 Barcelona \u00c7izgi Roman Festivali\u2019nde \u201cEn \u0130yi \u00c7izgi Roman \u00d6d\u00fcl\u00fc\u201dn\u00fc alan etkileyici bir grafik roman: K\u0131r\u0131\u015f\u0131kl\u0131klarK\u0131r\u0131\u015f\u0131kl\u0131klar, ya\u015fl\u0131lar\u0131n d\u00fcnyas\u0131na i\u00e7tenlikle e\u011filerek, yaln\u0131zl\u0131k, sadakat, hayaller, \u00f6zlem ve \u00e7aresizlik gibi kavramlar\u0131 ele alan samimi bir hik\u00e2ye anlat\u0131yor.Animasyon t\u00fcr\u00fcnde beyazperdeye de uyarlanan ve ba\u015fta Goya \u00d6d\u00fclleri olmak \u00fczere pek \u00e7ok \u00f6d\u00fcle de\u011fer g\u00f6r\u00fclen K\u0131r\u0131\u015f\u0131kl\u0131klar, rahats\u0131zl\u0131klar\u0131 y\u00fcz\u00fcnden geriye kalan \u00f6m\u00fcrlerini bak\u0131mevinde ge\u00e7irmek zorunda kalan bir grup ya\u015fl\u0131 insan\u0131n g\u00fcnl\u00fck hayat\u0131ndan kesitler sunuyor.20 y\u0131l\u0131 a\u015fan banka m\u00fcd\u00fcrl\u00fc\u011f\u00fc g\u00f6revinin ard\u0131ndan Emilio, Alzheimer oldu\u011fu gerek\u00e7esiyle \u00e7ocuklar\u0131 taraf\u0131ndan bir bak\u0131m evine g\u00f6nderilir. Zihninin karanl\u0131k dehlizlerinde \u015fimdiki zamanla ge\u00e7mi\u015f zaman aras\u0131nda gelgitler ya\u015fayan ya\u015fl\u0131 adam, bir yandan yeni hayat\u0131na al\u0131\u015fmaya, bir yandan da hastal\u0131\u011f\u0131n\u0131 kabullenmeye \u00e7al\u0131\u015fmaktad\u0131r. Neyse ki oda arkada\u015f\u0131 Miguel vard\u0131r da g\u00fcndelik ya\u015fam\u0131 bir nebze olsun renk kazan\u0131r.   Bak\u0131mevleri kimilerine g\u00f6re uzun ve yorucu bir yolun sonu, kimilerine g\u00f6reyse yeni bir hayat\u0131n ba\u015flang\u0131c\u0131 say\u0131l\u0131r. Paco Roca, g\u00fcn\u00fcm\u00fcz gen\u00e7lerinin ebeveynlerine kar\u015f\u0131 tahamm\u00fcls\u00fczl\u00fc\u011f\u00fcn\u00fc ele\u015ftirdi\u011fiK\u0131r\u0131\u015f\u0131kl\u0131klar\u2019da, \u00e7ocuklar\u0131 taraf\u0131ndan bak\u0131mevlerine yollanarak yaln\u0131zl\u0131\u011fa teslim edilen \u00e7aresiz ya\u015fl\u0131lar\u0131n kimselerin konu\u015fmaya, yazmaya, anlatmaya cesaret edemedi\u011fi ya\u015fam m\u00fccadelelerine ayna tutuyor. \u00d6yle ki, her g\u00fcn ba\u015fka bir oyunla bak\u0131mevini birbirine katan Miguel\u2019in, Do\u011fu Ekspresi\u2019yle \u0130stanbul&#8217;a seyahat etti\u011fini zanneden Rosario\u2019nun ya da Marsl\u0131lar taraf\u0131ndan ka\u00e7\u0131r\u0131lmaktan korktu\u011fu i\u00e7in hi\u00e7bir yere yaln\u0131z ba\u015f\u0131na gidemeyen Carmen\u2019in hem \u201ctan\u0131d\u0131k\u201d hem de \u201cbizden\u201d hik\u00e2yeleri okurlar\u0131 k\u00e2h g\u00fcld\u00fcr\u00fcyor k\u00e2h h\u00fcz\u00fcnlendiriyor. <\/p>\n","protected":false},"excerpt":{"rendered":"<p>Ak\u0131p giden zamana inat akl\u0131n\u0131zdaki k\u0131r\u0131\u015f\u0131kl\u0131klara meydan okumak&#8230; \u0130spanyol ill\u00fcstrat\u00f6r, yazar Paco Roca\u2019dan, 2008 Uluslararas\u0131 Barcelona \u00c7izgi Roman Festivali\u2019nde \u201cEn \u0130yi \u00c7izgi Roman \u00d6d\u00fcl\u00fc\u201dn\u00fc alan etkileyici<span class=\"excerpt-hellip\"> [\u2026]<\/span><\/p>\n","protected":false},"featured_media":0,"template":"","meta":{"_monsterinsights_skip_tracking":false,"_monsterinsights_sitenote_active":false,"_monsterinsights_sitenote_note":"","_monsterinsights_sitenote_category":0},"product_brand":[],"product_cat":[12416,12291],"product_tag":[],"class_list":{"0":"post-713909","1":"product","2":"type-product","3":"status-publish","5":"product_cat-cizgi-roman","6":"product_cat-edebiyat","7":"pa_cilt-ciltsiz","8":"pa_tur-kitap","9":"pa_yayinevi-desen-yayinlari","10":"pa_yazar-paco-roca","12":"first","13":"instock","14":"sale","15":"shipping-taxable","16":"purchasable","17":"product-type-simple"},"_links":{"self":[{"href":"https:\/\/roveyayinevi.com.tr\/index.php\/wp-json\/wp\/v2\/product\/713909","targetHints":{"allow":["GET"]}}],"collection":[{"href":"https:\/\/roveyayinevi.com.tr\/index.php\/wp-json\/wp\/v2\/product"}],"about":[{"href":"https:\/\/roveyayinevi.com.tr\/index.php\/wp-json\/wp\/v2\/types\/product"}],"wp:attachment":[{"href":"https:\/\/roveyayinevi.com.tr\/index.php\/wp-json\/wp\/v2\/media?parent=713909"}],"wp:term":[{"taxonomy":"product_brand","embeddable":true,"href":"https:\/\/roveyayinevi.com.tr\/index.php\/wp-json\/wp\/v2\/product_brand?post=713909"},{"taxonomy":"product_cat","embeddable":true,"href":"https:\/\/roveyayinevi.com.tr\/index.php\/wp-json\/wp\/v2\/product_cat?post=713909"},{"taxonomy":"product_tag","embeddable":true,"href":"https:\/\/roveyayinevi.com.tr\/index.php\/wp-json\/wp\/v2\/product_tag?post=713909"}],"curies":[{"name":"wp","href":"https:\/\/api.w.org\/{rel}","templated":true}]}}