{"id":713905,"date":"2025-08-27T17:12:57","date_gmt":"2025-08-27T14:12:57","guid":{"rendered":"https:\/\/roveyayinevi.com.tr\/index.php\/urun\/yargi-surecinin-dogasi\/"},"modified":"2026-04-16T02:22:23","modified_gmt":"2026-04-15T23:22:23","slug":"yargi-surecinin-dogasi","status":"publish","type":"product","link":"https:\/\/roveyayinevi.com.tr\/index.php\/urun\/yargi-surecinin-dogasi\/","title":{"rendered":"Yarg\u0131 S\u00fcrecinin Do\u011fas\u0131"},"content":{"rendered":"<p>\u201cYarg\u0131\u00e7l\u0131k k\u00fcrs\u00fcs\u00fcnde ge\u00e7irdi\u011fim ilk y\u0131llarda, at\u0131ld\u0131\u011f\u0131m bu deryada nas\u0131l yol bulaca\u011f\u0131mdan, ruhen \u00e7ok fazla s\u0131k\u0131nt\u0131 duydum. Hukukta kesinli\u011fi bulmak i\u00e7in \u00e7abalad\u0131m. Onu araman\u0131n nafile oldu\u011funu g\u00f6rd\u00fc\u011f\u00fcmde, \u00e7aresiz kald\u0131m ve bunald\u0131m. Karaya varmaya \u00e7al\u0131\u015f\u0131yordum, yerle\u015fik ve sabit kurallar\u0131n oldu\u011fu sa\u011flam karaya, karars\u0131z zihnimin ve vicdan\u0131m\u0131n solgunlu\u011fu ve zay\u0131f \u0131\u015f\u0131\u011f\u0131na k\u0131yasla kendisini daha sade ve daha emredici i\u015faretlerle bildirecek bir adalet cennetine. \u201cGer\u00e7ek cennetin her zaman varolanlar\u0131n \u00f6tesinde oldu\u011fu Browning\u2019in \u2018Paracelsus\u2019undaki seyyahlarla\u201d buldum kendimi. Y\u0131llar ge\u00e7tik\u00e7e ve yarg\u0131lama s\u00fcrecinin do\u011fas\u0131na daha \u00e7ok kafa yorduk\u00e7a hukuktaki belirsizlik ile daha bir uzla\u015f\u0131r oldum, \u00e7\u00fcnk\u00fc bunun ka\u00e7\u0131n\u0131lmaz bir \u015fey oldu\u011funu g\u00f6recek kadar olgunla\u015ft\u0131m. Hukuk\u00ee muhakeme s\u00fcrecinde en y\u00fcksek noktalara eri\u015fimin bir ke\u015fif de\u011fil, yarat\u0131m meselesi oldu\u011funu; ku\u015fku ve kuruntular\u0131n, umut ve endi\u015felerin, do\u011fum sanc\u0131s\u0131 ve \u00f6l\u00fcm s\u0131z\u0131s\u0131 gibi nihayetleri gelene dek hizmet veren ve bu nihayetle beraber yenileri husule gelen prensiplerin bir tak\u0131m zihin sanc\u0131lar\u0131 oldu\u011funu g\u00f6rme y\u00f6n\u00fcnde olgunla\u015ft\u0131m.\u2026.\u201d Benjamin N. Cardozo \u201cKitap, hukuki pragmatizmin a\u00e7\u0131k, manal\u0131 ve \u00f6zl\u00fc bir manifestosu, ayr\u0131ca realist hareketin bir m\u00fcjdeleyicisi olmas\u0131 bak\u0131m\u0131ndan \u00f6nemli ve de\u011ferlidir.\u201d Richard A. Posner <\/p>\n","protected":false},"excerpt":{"rendered":"<p>\u201cYarg\u0131\u00e7l\u0131k k\u00fcrs\u00fcs\u00fcnde ge\u00e7irdi\u011fim ilk y\u0131llarda, at\u0131ld\u0131\u011f\u0131m bu deryada nas\u0131l yol bulaca\u011f\u0131mdan, ruhen \u00e7ok fazla s\u0131k\u0131nt\u0131 duydum. Hukukta kesinli\u011fi bulmak i\u00e7in \u00e7abalad\u0131m. Onu araman\u0131n nafile oldu\u011funu g\u00f6rd\u00fc\u011f\u00fcmde,<span class=\"excerpt-hellip\"> [\u2026]<\/span><\/p>\n","protected":false},"featured_media":0,"template":"","meta":{"_monsterinsights_skip_tracking":false,"_monsterinsights_sitenote_active":false,"_monsterinsights_sitenote_note":"","_monsterinsights_sitenote_category":0},"product_brand":[],"product_cat":[15350,17602],"product_tag":[],"class_list":{"0":"post-713905","1":"product","2":"type-product","3":"status-publish","5":"product_cat-hukuk","6":"product_cat-hukuk-uzerine","7":"pa_cilt-ciltsiz","8":"pa_tur-kitap","9":"pa_yayinevi-tekin-yayinevi","10":"pa_yazar-benjamin-n-cardozo","12":"first","13":"instock","14":"sale","15":"shipping-taxable","16":"purchasable","17":"product-type-simple"},"_links":{"self":[{"href":"https:\/\/roveyayinevi.com.tr\/index.php\/wp-json\/wp\/v2\/product\/713905","targetHints":{"allow":["GET"]}}],"collection":[{"href":"https:\/\/roveyayinevi.com.tr\/index.php\/wp-json\/wp\/v2\/product"}],"about":[{"href":"https:\/\/roveyayinevi.com.tr\/index.php\/wp-json\/wp\/v2\/types\/product"}],"wp:attachment":[{"href":"https:\/\/roveyayinevi.com.tr\/index.php\/wp-json\/wp\/v2\/media?parent=713905"}],"wp:term":[{"taxonomy":"product_brand","embeddable":true,"href":"https:\/\/roveyayinevi.com.tr\/index.php\/wp-json\/wp\/v2\/product_brand?post=713905"},{"taxonomy":"product_cat","embeddable":true,"href":"https:\/\/roveyayinevi.com.tr\/index.php\/wp-json\/wp\/v2\/product_cat?post=713905"},{"taxonomy":"product_tag","embeddable":true,"href":"https:\/\/roveyayinevi.com.tr\/index.php\/wp-json\/wp\/v2\/product_tag?post=713905"}],"curies":[{"name":"wp","href":"https:\/\/api.w.org\/{rel}","templated":true}]}}