{"id":713904,"date":"2025-08-27T17:12:57","date_gmt":"2025-08-27T14:12:57","guid":{"rendered":"https:\/\/roveyayinevi.com.tr\/index.php\/urun\/ve-oyle-de-oldu\/"},"modified":"2026-04-16T02:22:23","modified_gmt":"2026-04-15T23:22:23","slug":"ve-oyle-de-oldu","status":"publish","type":"product","link":"https:\/\/roveyayinevi.com.tr\/index.php\/urun\/ve-oyle-de-oldu\/","title":{"rendered":"Ve \u00d6yle de Oldu"},"content":{"rendered":"<p>G\u00f6kten \u00fc\u00e7 elma d\u00fc\u015ft\u00fc! Bana, bana ve yine bana&#8230; \u00d6nce ak\u0131l sustu. Sonra kalp kabul etti. Sonunda ruh teslim oldu. \u00d6z\u2019e yolculu\u011fum b\u00f6ylece ba\u015flam\u0131\u015f oldu. \u201cVe \u00d6yle De Oldu!\u201d ak\u0131l-kalp-ruh \u00fc\u00e7geninin her bir a\u00e7\u0131s\u0131ndaki BEN\u2019e ad\u0131m ad\u0131m ilerleyi\u015fin haritas\u0131d\u0131r. Pusulan\u0131z\u0131n \u00d6z\u2019\u00fcn\u00fc bulmas\u0131na haz\u0131r m\u0131s\u0131n\u0131z? <\/p>\n","protected":false},"excerpt":{"rendered":"<p>G\u00f6kten \u00fc\u00e7 elma d\u00fc\u015ft\u00fc! Bana, bana ve yine bana&#8230; \u00d6nce ak\u0131l sustu. Sonra kalp kabul etti. Sonunda ruh teslim oldu. \u00d6z\u2019e yolculu\u011fum b\u00f6ylece ba\u015flam\u0131\u015f oldu. \u201cVe<span class=\"excerpt-hellip\"> [\u2026]<\/span><\/p>\n","protected":false},"featured_media":0,"template":"","meta":{"_monsterinsights_skip_tracking":false,"_monsterinsights_sitenote_active":false,"_monsterinsights_sitenote_note":"","_monsterinsights_sitenote_category":0},"product_brand":[],"product_cat":[12364,12376],"product_tag":[],"class_list":{"0":"post-713904","1":"product","2":"type-product","3":"status-publish","5":"product_cat-genel-konular","6":"product_cat-kisisel-gelisim","7":"pa_cilt-ciltsiz","8":"pa_tur-kitap","9":"pa_yayinevi-muptela-yayinevi","10":"pa_yazar-can-perimcek","12":"first","13":"instock","14":"sale","15":"shipping-taxable","16":"purchasable","17":"product-type-simple"},"_links":{"self":[{"href":"https:\/\/roveyayinevi.com.tr\/index.php\/wp-json\/wp\/v2\/product\/713904","targetHints":{"allow":["GET"]}}],"collection":[{"href":"https:\/\/roveyayinevi.com.tr\/index.php\/wp-json\/wp\/v2\/product"}],"about":[{"href":"https:\/\/roveyayinevi.com.tr\/index.php\/wp-json\/wp\/v2\/types\/product"}],"wp:attachment":[{"href":"https:\/\/roveyayinevi.com.tr\/index.php\/wp-json\/wp\/v2\/media?parent=713904"}],"wp:term":[{"taxonomy":"product_brand","embeddable":true,"href":"https:\/\/roveyayinevi.com.tr\/index.php\/wp-json\/wp\/v2\/product_brand?post=713904"},{"taxonomy":"product_cat","embeddable":true,"href":"https:\/\/roveyayinevi.com.tr\/index.php\/wp-json\/wp\/v2\/product_cat?post=713904"},{"taxonomy":"product_tag","embeddable":true,"href":"https:\/\/roveyayinevi.com.tr\/index.php\/wp-json\/wp\/v2\/product_tag?post=713904"}],"curies":[{"name":"wp","href":"https:\/\/api.w.org\/{rel}","templated":true}]}}