{"id":713903,"date":"2025-08-27T17:12:56","date_gmt":"2025-08-27T14:12:56","guid":{"rendered":"https:\/\/roveyayinevi.com.tr\/index.php\/urun\/iste-insan\/"},"modified":"2026-04-14T02:28:36","modified_gmt":"2026-04-13T23:28:36","slug":"iste-insan","status":"publish","type":"product","link":"https:\/\/roveyayinevi.com.tr\/index.php\/urun\/iste-insan\/","title":{"rendered":"\u0130\u015fte \u0130nsan"},"content":{"rendered":"<p>\u201cWells\u2019in hi\u00e7bir zaman hayal edemeyece\u011fi Zaman Makinesi\u2019nin ta kendisi.\u201d \u2013Brian Aldiss Nebula En \u0130yi K\u0131sa Roman \u00d6d\u00fcl\u00fc \u201cKORKU OLMADAN D\u0130N HAYATTA KALAMAZ.\u201d Tolkien sonras\u0131 fantastik edebiyat\u0131n \u00f6nc\u00fc ve en \u00f6nemli yazarlar\u0131ndan olan Michael Moorcock yaln\u0131zca yaratt\u0131\u011f\u0131 efsanevi karakteri Elric\u2019le de\u011fil, Yeni Dalga ak\u0131m\u0131n\u0131n y\u00fckselmesine sebep olan edit\u00f6rl\u00fc\u011f\u00fcyle de t\u00fcr\u00fcn kaderini do\u011frudan etkilemi\u015f ender yazarlardan. Moorcock\u2019\u0131n kendi s\u0131n\u0131rlar\u0131n\u0131 bile zorlay\u0131p tabular\u0131 yerle bir etti\u011fi bilimkurgu kitab\u0131 \u0130\u015fte \u0130nsan ise Jungcu psikoloji temel al\u0131narak yaz\u0131lm\u0131\u015f en c\u00fcretk\u00e2r zaman yolculu\u011fu romanlar\u0131ndan biri. Kafas\u0131 sorularla dolu, problemli bir gen\u00e7 olan Karl Glogauer, \u0130sa Peygamber\u2019in son aylar\u0131na tan\u0131kl\u0131k etmek i\u00e7in zaman makinesiyle 1970 y\u0131l\u0131ndan M.S. 29 y\u0131l\u0131na yolculuk eder. Kutsal Topraklar\u2019da Vaftizci Yahya ile kar\u015f\u0131la\u015fan Glogauer, bu mucizelerle dolu b\u00f6lgede Nas\u0131ra\u2019ya ula\u015fmak ve \u0130sa\u2019y\u0131 bulmak i\u00e7in yola \u00e7\u0131kar. \u0130sa\u2019y\u0131 buldu\u011funda ise hik\u00e2ye olduk\u00e7a \u00e7etrefilli bir hal al\u0131r zira bu tarihi fig\u00fcr, Nas\u0131ra\u2019da bir marangoz d\u00fckk\u00e2n\u0131n\u0131n g\u00f6lgelerinde saklanan ve de\u011fil peygamber olmak, hayatta kalmak i\u00e7in bile ba\u015fkalar\u0131na ihtiya\u00e7 duyan bir insand\u0131r. Gelecekte vuku bulmu\u015f ge\u00e7mi\u015finin pe\u015fini b\u0131rakmayan hayaletleriyle, insanl\u0131k tarihinin olmas\u0131 gerekti\u011fi gibi ya\u015fanmas\u0131n\u0131 sa\u011flamak i\u00e7in harekete ge\u00e7en Glogauer, hem yolculu\u011fun sonuna hem de sorular\u0131n\u0131n yan\u0131tlar\u0131na ad\u0131m ad\u0131m yakla\u015f\u0131r. Tarih de\u011fi\u015fmesin diye tarihe m\u00fcdahale etmenin bedeli nedir? Fikir mi ger\u00e7ekli\u011fin sebebidir yoksa ger\u00e7eklik mi fikrin? \u0130\u015fte \u0130nsan, yanl\u0131\u015f sorulara verilen do\u011fru bir cevap.<\/p>\n","protected":false},"excerpt":{"rendered":"<p>\u201cWells\u2019in hi\u00e7bir zaman hayal edemeyece\u011fi Zaman Makinesi\u2019nin ta kendisi.\u201d \u2013Brian Aldiss Nebula En \u0130yi K\u0131sa Roman \u00d6d\u00fcl\u00fc \u201cKORKU OLMADAN D\u0130N HAYATTA KALAMAZ.\u201d Tolkien sonras\u0131 fantastik edebiyat\u0131n<span class=\"excerpt-hellip\"> [\u2026]<\/span><\/p>\n","protected":false},"featured_media":0,"template":"","meta":{"_monsterinsights_skip_tracking":false,"_monsterinsights_sitenote_active":false,"_monsterinsights_sitenote_note":"","_monsterinsights_sitenote_category":0},"product_brand":[],"product_cat":[12540,12291],"product_tag":[],"class_list":{"0":"post-713903","1":"product","2":"type-product","3":"status-publish","5":"product_cat-bilim-kurgu","6":"product_cat-edebiyat","7":"pa_cilt-ciltsiz","8":"pa_tur-kitap","9":"pa_yayinevi-ithaki-yayinlari","10":"pa_yazar-michael-moorcock","12":"first","13":"instock","14":"sale","15":"shipping-taxable","16":"purchasable","17":"product-type-simple"},"_links":{"self":[{"href":"https:\/\/roveyayinevi.com.tr\/index.php\/wp-json\/wp\/v2\/product\/713903","targetHints":{"allow":["GET"]}}],"collection":[{"href":"https:\/\/roveyayinevi.com.tr\/index.php\/wp-json\/wp\/v2\/product"}],"about":[{"href":"https:\/\/roveyayinevi.com.tr\/index.php\/wp-json\/wp\/v2\/types\/product"}],"wp:attachment":[{"href":"https:\/\/roveyayinevi.com.tr\/index.php\/wp-json\/wp\/v2\/media?parent=713903"}],"wp:term":[{"taxonomy":"product_brand","embeddable":true,"href":"https:\/\/roveyayinevi.com.tr\/index.php\/wp-json\/wp\/v2\/product_brand?post=713903"},{"taxonomy":"product_cat","embeddable":true,"href":"https:\/\/roveyayinevi.com.tr\/index.php\/wp-json\/wp\/v2\/product_cat?post=713903"},{"taxonomy":"product_tag","embeddable":true,"href":"https:\/\/roveyayinevi.com.tr\/index.php\/wp-json\/wp\/v2\/product_tag?post=713903"}],"curies":[{"name":"wp","href":"https:\/\/api.w.org\/{rel}","templated":true}]}}