{"id":713901,"date":"2025-08-27T17:12:55","date_gmt":"2025-08-27T14:12:55","guid":{"rendered":"https:\/\/roveyayinevi.com.tr\/index.php\/urun\/gel-beraber-yaratici-oyunlar-oynayalim\/"},"modified":"2026-04-16T02:22:23","modified_gmt":"2026-04-15T23:22:23","slug":"gel-beraber-yaratici-oyunlar-oynayalim","status":"publish","type":"product","link":"https:\/\/roveyayinevi.com.tr\/index.php\/urun\/gel-beraber-yaratici-oyunlar-oynayalim\/","title":{"rendered":"Gel Beraber Yarat\u0131c\u0131 Oyunlar Oynayal\u0131m"},"content":{"rendered":"<p>Kendine \u00f6zg\u00fc tarz\u0131yla d\u00fcnya \u00e7ap\u0131nda tan\u0131nan ill\u00fcstrat\u00f6r Marion Deuchars\u2019\u0131n haz\u0131rlad\u0131\u011f\u0131 Gel Beraber Yarat\u0131c\u0131 Oyunlar Oynayal\u0131m, okurun resim konusunda kendi ke\u015fiflerini yapmas\u0131n\u0131 sa\u011flayan \u00e7izim, aktivite ve yarat\u0131c\u0131 fikirlerle dolu. Marion Deuchars, bir\u00e7ok uluslararas\u0131 tasar\u0131m ve ill\u00fcstrasyon \u00f6d\u00fc-l\u00fcne lay\u0131k g\u00f6r\u00fclm\u00fc\u015ft\u00fcr. Kitap i\u00e7indeki sanat\u00e7\u0131y\u0131 ortaya \u00e7\u0131karmak isteyen 6 ya\u015f \u00fcst\u00fc herkese hitap ediyor. Ben Bir K\u00fc\u00e7\u00fck Sanat\u00e7\u0131y\u0131m dizisinin Gel Beraber Resim Yapal\u0131m, Gel Beraber Parmak Bask\u0131 Yapal\u0131m kitaplar\u0131 daha \u00f6nce yay\u0131mlanm\u0131\u015ft\u0131. <\/p>\n","protected":false},"excerpt":{"rendered":"<p>Kendine \u00f6zg\u00fc tarz\u0131yla d\u00fcnya \u00e7ap\u0131nda tan\u0131nan ill\u00fcstrat\u00f6r Marion Deuchars\u2019\u0131n haz\u0131rlad\u0131\u011f\u0131 Gel Beraber Yarat\u0131c\u0131 Oyunlar Oynayal\u0131m, okurun resim konusunda kendi ke\u015fiflerini yapmas\u0131n\u0131 sa\u011flayan \u00e7izim, aktivite ve yarat\u0131c\u0131<span class=\"excerpt-hellip\"> [\u2026]<\/span><\/p>\n","protected":false},"featured_media":0,"template":"","meta":{"_monsterinsights_skip_tracking":false,"_monsterinsights_sitenote_active":false,"_monsterinsights_sitenote_note":"","_monsterinsights_sitenote_category":0},"product_brand":[],"product_cat":[12275,12274],"product_tag":[],"class_list":{"0":"post-713901","1":"product","2":"type-product","3":"status-publish","5":"product_cat-6-12-yas-kitaplari","6":"product_cat-cocuk-ve-genclik-kitaplari","7":"pa_cilt-ciltsiz","8":"pa_tur-kitap","9":"pa_yayinevi-hep-kitap","10":"pa_yazar-marion-deuchars","12":"first","13":"instock","14":"sale","15":"shipping-taxable","16":"purchasable","17":"product-type-simple"},"_links":{"self":[{"href":"https:\/\/roveyayinevi.com.tr\/index.php\/wp-json\/wp\/v2\/product\/713901","targetHints":{"allow":["GET"]}}],"collection":[{"href":"https:\/\/roveyayinevi.com.tr\/index.php\/wp-json\/wp\/v2\/product"}],"about":[{"href":"https:\/\/roveyayinevi.com.tr\/index.php\/wp-json\/wp\/v2\/types\/product"}],"wp:attachment":[{"href":"https:\/\/roveyayinevi.com.tr\/index.php\/wp-json\/wp\/v2\/media?parent=713901"}],"wp:term":[{"taxonomy":"product_brand","embeddable":true,"href":"https:\/\/roveyayinevi.com.tr\/index.php\/wp-json\/wp\/v2\/product_brand?post=713901"},{"taxonomy":"product_cat","embeddable":true,"href":"https:\/\/roveyayinevi.com.tr\/index.php\/wp-json\/wp\/v2\/product_cat?post=713901"},{"taxonomy":"product_tag","embeddable":true,"href":"https:\/\/roveyayinevi.com.tr\/index.php\/wp-json\/wp\/v2\/product_tag?post=713901"}],"curies":[{"name":"wp","href":"https:\/\/api.w.org\/{rel}","templated":true}]}}