{"id":713896,"date":"2025-08-27T17:12:52","date_gmt":"2025-08-27T14:12:52","guid":{"rendered":"https:\/\/roveyayinevi.com.tr\/index.php\/urun\/mor-yelekli-mucize\/"},"modified":"2026-04-16T02:22:22","modified_gmt":"2026-04-15T23:22:22","slug":"mor-yelekli-mucize","status":"publish","type":"product","link":"https:\/\/roveyayinevi.com.tr\/index.php\/urun\/mor-yelekli-mucize\/","title":{"rendered":"Mor Yelekli Mucize"},"content":{"rendered":"<p>Bahar\u0131n son demlerinde \u0130zmir\u2019in deniz kokulu sokaklar\u0131nday\u0131z. Sandaletler ortaya \u00e7\u0131km\u0131\u015f, bah\u00e7e sefalar\u0131 ba\u015flam\u0131\u015f \u015fehirde. Okullar da kapanmak \u00fczere. Herkeste bir tela\u015f, bir tela\u015f. Kahramanlar\u0131m\u0131z \u00c7i\u00e7ek, \u00c7etin ve arkada\u015flar\u0131 da oradan oraya ko\u015fturuyorlar. Yaz tatili ba\u015flamadan okul gezisi yap\u0131lacak, onun heyecan\u0131 sarm\u0131\u015f hepsini. \u00dcstelik bir sorunlar\u0131 var ve \u00e7\u00f6zmek i\u00e7in kafa kafaya verip bir plan haz\u0131rlamal\u0131lar. Peki, onlara kim yard\u0131m edecek? Mor yelekli bir mucize&#8230; \u0130lk hayal k\u0131r\u0131kl\u0131klar\u0131 ve heyecanlar\u0131n, mutlu anlar\u0131n ya\u015fand\u0131\u011f\u0131 bir hik\u00e2ye anlat\u0131yoruz Mor Yelekli Mucize\u2019yle. \u0130\u00e7inizi \u0131s\u0131tacak, sizi \u015fa\u015f\u0131rtacak bir s\u00fcrprize de haz\u0131rl\u0131kl\u0131 olun. <\/p>\n","protected":false},"excerpt":{"rendered":"<p>Bahar\u0131n son demlerinde \u0130zmir\u2019in deniz kokulu sokaklar\u0131nday\u0131z. Sandaletler ortaya \u00e7\u0131km\u0131\u015f, bah\u00e7e sefalar\u0131 ba\u015flam\u0131\u015f \u015fehirde. Okullar da kapanmak \u00fczere. Herkeste bir tela\u015f, bir tela\u015f. Kahramanlar\u0131m\u0131z \u00c7i\u00e7ek, \u00c7etin<span class=\"excerpt-hellip\"> [\u2026]<\/span><\/p>\n","protected":false},"featured_media":0,"template":"","meta":{"_monsterinsights_skip_tracking":false,"_monsterinsights_sitenote_active":false,"_monsterinsights_sitenote_note":"","_monsterinsights_sitenote_category":0},"product_brand":[],"product_cat":[12275,12274],"product_tag":[],"class_list":{"0":"post-713896","1":"product","2":"type-product","3":"status-publish","5":"product_cat-6-12-yas-kitaplari","6":"product_cat-cocuk-ve-genclik-kitaplari","7":"pa_cilt-ciltsiz","8":"pa_tur-kitap","9":"pa_yayinevi-elma-cocuk","10":"pa_yazar-nehir-yarar","12":"first","13":"instock","14":"sale","15":"shipping-taxable","16":"purchasable","17":"product-type-simple"},"_links":{"self":[{"href":"https:\/\/roveyayinevi.com.tr\/index.php\/wp-json\/wp\/v2\/product\/713896","targetHints":{"allow":["GET"]}}],"collection":[{"href":"https:\/\/roveyayinevi.com.tr\/index.php\/wp-json\/wp\/v2\/product"}],"about":[{"href":"https:\/\/roveyayinevi.com.tr\/index.php\/wp-json\/wp\/v2\/types\/product"}],"wp:attachment":[{"href":"https:\/\/roveyayinevi.com.tr\/index.php\/wp-json\/wp\/v2\/media?parent=713896"}],"wp:term":[{"taxonomy":"product_brand","embeddable":true,"href":"https:\/\/roveyayinevi.com.tr\/index.php\/wp-json\/wp\/v2\/product_brand?post=713896"},{"taxonomy":"product_cat","embeddable":true,"href":"https:\/\/roveyayinevi.com.tr\/index.php\/wp-json\/wp\/v2\/product_cat?post=713896"},{"taxonomy":"product_tag","embeddable":true,"href":"https:\/\/roveyayinevi.com.tr\/index.php\/wp-json\/wp\/v2\/product_tag?post=713896"}],"curies":[{"name":"wp","href":"https:\/\/api.w.org\/{rel}","templated":true}]}}