{"id":713894,"date":"2025-08-27T17:12:50","date_gmt":"2025-08-27T14:12:50","guid":{"rendered":"https:\/\/roveyayinevi.com.tr\/index.php\/urun\/miskin-kerhanesi\/"},"modified":"2026-04-16T02:22:22","modified_gmt":"2026-04-15T23:22:22","slug":"miskin-kerhanesi","status":"publish","type":"product","link":"https:\/\/roveyayinevi.com.tr\/index.php\/urun\/miskin-kerhanesi\/","title":{"rendered":"Miskin Kerhanesi"},"content":{"rendered":"<p>Miskin kerhanesini Ve muazzam bir yoklu\u011fu Alt\u0131 g\u00fcnde yaratt\u0131 Ah\u2019\u0131m Yedinci miskindi Yoktu yani Onca yokluk i\u00e7inde bir yok Yarat\u0131lmam\u0131\u015ft\u0131 Yedinci yalan\u0131na ilk kendimiz inand\u0131k Bize bir miskin laz\u0131md\u0131 Ben miskin olamayacak kadar mecalsizim <\/p>\n","protected":false},"excerpt":{"rendered":"<p>Miskin kerhanesini Ve muazzam bir yoklu\u011fu Alt\u0131 g\u00fcnde yaratt\u0131 Ah\u2019\u0131m Yedinci miskindi Yoktu yani Onca yokluk i\u00e7inde bir yok Yarat\u0131lmam\u0131\u015ft\u0131 Yedinci yalan\u0131na ilk kendimiz inand\u0131k Bize<span class=\"excerpt-hellip\"> [\u2026]<\/span><\/p>\n","protected":false},"featured_media":0,"template":"","meta":{"_monsterinsights_skip_tracking":false,"_monsterinsights_sitenote_active":false,"_monsterinsights_sitenote_note":"","_monsterinsights_sitenote_category":0},"product_brand":[],"product_cat":[12291,12509],"product_tag":[],"class_list":{"0":"post-713894","1":"product","2":"type-product","3":"status-publish","5":"product_cat-edebiyat","6":"product_cat-siir","7":"pa_cilt-ciltsiz","8":"pa_tur-kitap","9":"pa_yayinevi-peron-kitap","10":"pa_yazar-altug-altintas","12":"first","13":"instock","14":"sale","15":"shipping-taxable","16":"purchasable","17":"product-type-simple"},"_links":{"self":[{"href":"https:\/\/roveyayinevi.com.tr\/index.php\/wp-json\/wp\/v2\/product\/713894","targetHints":{"allow":["GET"]}}],"collection":[{"href":"https:\/\/roveyayinevi.com.tr\/index.php\/wp-json\/wp\/v2\/product"}],"about":[{"href":"https:\/\/roveyayinevi.com.tr\/index.php\/wp-json\/wp\/v2\/types\/product"}],"wp:attachment":[{"href":"https:\/\/roveyayinevi.com.tr\/index.php\/wp-json\/wp\/v2\/media?parent=713894"}],"wp:term":[{"taxonomy":"product_brand","embeddable":true,"href":"https:\/\/roveyayinevi.com.tr\/index.php\/wp-json\/wp\/v2\/product_brand?post=713894"},{"taxonomy":"product_cat","embeddable":true,"href":"https:\/\/roveyayinevi.com.tr\/index.php\/wp-json\/wp\/v2\/product_cat?post=713894"},{"taxonomy":"product_tag","embeddable":true,"href":"https:\/\/roveyayinevi.com.tr\/index.php\/wp-json\/wp\/v2\/product_tag?post=713894"}],"curies":[{"name":"wp","href":"https:\/\/api.w.org\/{rel}","templated":true}]}}