{"id":713893,"date":"2025-08-27T17:12:50","date_gmt":"2025-08-27T14:12:50","guid":{"rendered":"https:\/\/roveyayinevi.com.tr\/index.php\/urun\/colden-hirka\/"},"modified":"2026-04-16T02:22:22","modified_gmt":"2026-04-15T23:22:22","slug":"colden-hirka","status":"publish","type":"product","link":"https:\/\/roveyayinevi.com.tr\/index.php\/urun\/colden-hirka\/","title":{"rendered":"\u00c7\u00f6lden H\u0131rka"},"content":{"rendered":"<p>Sana geldim Vazoma b\u0131rakt\u0131\u011f\u0131n mimozalar Uyanmas\u0131n diye g\u00fcy\u00fcnd\u00fc\u011f\u00fcm \u00e7\u00f6lden h\u0131rkam\u0131 \u0130liklemeden Parmak u\u00e7lar\u0131ma basarak \u0130ndim basamaklar\u0131 Bir Bir Sana geldim Kar\u015f\u0131 k\u0131y\u0131da yanan \u0131\u015f\u0131\u011f\u0131na ula\u015ft\u0131m Kat ettim denizi geceden ad\u0131mlar\u0131mla \u015eehrin kuytu sokaklar\u0131ndan \u00f6yle Senin i\u00e7in ge\u00e7tim Bir Bir <\/p>\n","protected":false},"excerpt":{"rendered":"<p>Sana geldim Vazoma b\u0131rakt\u0131\u011f\u0131n mimozalar Uyanmas\u0131n diye g\u00fcy\u00fcnd\u00fc\u011f\u00fcm \u00e7\u00f6lden h\u0131rkam\u0131 \u0130liklemeden Parmak u\u00e7lar\u0131ma basarak \u0130ndim basamaklar\u0131 Bir Bir Sana geldim Kar\u015f\u0131 k\u0131y\u0131da yanan \u0131\u015f\u0131\u011f\u0131na ula\u015ft\u0131m Kat<span class=\"excerpt-hellip\"> [\u2026]<\/span><\/p>\n","protected":false},"featured_media":0,"template":"","meta":{"_monsterinsights_skip_tracking":false,"_monsterinsights_sitenote_active":false,"_monsterinsights_sitenote_note":"","_monsterinsights_sitenote_category":0},"product_brand":[],"product_cat":[12291,12509],"product_tag":[],"class_list":{"0":"post-713893","1":"product","2":"type-product","3":"status-publish","5":"product_cat-edebiyat","6":"product_cat-siir","7":"pa_cilt-ciltsiz","8":"pa_tur-kitap","9":"pa_yayinevi-peron-kitap","10":"pa_yazar-metin-findikci","12":"first","13":"instock","14":"sale","15":"shipping-taxable","16":"purchasable","17":"product-type-simple"},"_links":{"self":[{"href":"https:\/\/roveyayinevi.com.tr\/index.php\/wp-json\/wp\/v2\/product\/713893","targetHints":{"allow":["GET"]}}],"collection":[{"href":"https:\/\/roveyayinevi.com.tr\/index.php\/wp-json\/wp\/v2\/product"}],"about":[{"href":"https:\/\/roveyayinevi.com.tr\/index.php\/wp-json\/wp\/v2\/types\/product"}],"wp:attachment":[{"href":"https:\/\/roveyayinevi.com.tr\/index.php\/wp-json\/wp\/v2\/media?parent=713893"}],"wp:term":[{"taxonomy":"product_brand","embeddable":true,"href":"https:\/\/roveyayinevi.com.tr\/index.php\/wp-json\/wp\/v2\/product_brand?post=713893"},{"taxonomy":"product_cat","embeddable":true,"href":"https:\/\/roveyayinevi.com.tr\/index.php\/wp-json\/wp\/v2\/product_cat?post=713893"},{"taxonomy":"product_tag","embeddable":true,"href":"https:\/\/roveyayinevi.com.tr\/index.php\/wp-json\/wp\/v2\/product_tag?post=713893"}],"curies":[{"name":"wp","href":"https:\/\/api.w.org\/{rel}","templated":true}]}}