{"id":713892,"date":"2025-08-27T17:12:49","date_gmt":"2025-08-27T14:12:49","guid":{"rendered":"https:\/\/roveyayinevi.com.tr\/index.php\/urun\/kucuk-dedektif-daniel-ayin-pili-bitmis\/"},"modified":"2026-04-16T02:22:22","modified_gmt":"2026-04-15T23:22:22","slug":"kucuk-dedektif-daniel-ayin-pili-bitmis","status":"publish","type":"product","link":"https:\/\/roveyayinevi.com.tr\/index.php\/urun\/kucuk-dedektif-daniel-ayin-pili-bitmis\/","title":{"rendered":"K\u00fc\u00e7\u00fck Dedektif Daniel &#8211; Ay&#8217;\u0131n Pili Bitmi\u015f"},"content":{"rendered":"<p>&#8220;Sence bal\u0131klar konu\u015fabilir mi?&#8221; diye sordu bana. Cevab\u0131m\u0131 beklemeden yeni sorularla devam etti: &#8220;Akdeniz&#8217;in rengi hep de\u011fi\u015fiyor, neden? Bal\u0131klar suyun dibinde nas\u0131l nefes al\u0131yorlar? Hi\u00e7 denizk\u0131z\u0131 g\u00f6rd\u00fcn m\u00fc sen? Nice&#8217;ten ba\u015fka \u015fehirlere de u\u011fruyor mu Akdeniz?&#8221; Belli ki kar\u015f\u0131mdaki Nice&#8217;de ya\u015fayan K\u00fc\u00e7\u00fck Dedektif Daniel&#8217;di. Her \u015feyi merak eden, hep daha \u00e7ok \u015fey tan\u0131mak ve \u00f6\u011frenmek isteyen Daniel. Yaln\u0131zca o, b\u00f6yle ard\u0131 ard\u0131na sorular sorar, b\u00fcy\u00fcklerin cevaplar\u0131yla yetinmez, d\u00fc\u015f\u00fcn\u00fcp kendine \u00f6zg\u00fc cevaplar bulurdu her soruya\u2026 Biz de K\u00fc\u00e7\u00fck Dedektif Daniel&#8217;in her s\u00f6z\u00fcne de\u011fer verdik. \u00c7\u00fcnk\u00fc d\u00fcnya ancak K\u00fc\u00e7\u00fck Dedektif Daniel gibi \u00e7ocuklar\u0131n kendilerine \u00f6zg\u00fc bak\u0131\u015flar\u0131yla g\u00fczelle\u015fir; \u00f6zel ve anlaml\u0131 bir yere d\u00f6n\u00fc\u015febilir. Daniel&#8217;i herkes &#8220;K\u00fc\u00e7\u00fck Dedektif&#8221; olarak tan\u0131yor. Ama K\u00fc\u00e7\u00fck Dedektif Daniel, herkesin bildi\u011fi dedektiflerden de\u011fil! O, &#8220;Ya\u015fam Dedektifi&#8221;!.. G\u00f6rd\u00fc\u011f\u00fc, ya\u015fad\u0131\u011f\u0131 her \u015feye dikkat ediyor, merak ediyor; akl\u0131na tak\u0131lan her \u015fey hakk\u0131nda d\u00fc\u015f\u00fcn\u00fcyor; soruyor, soru\u015fturuyor, yan\u0131tlar buluyor\u2026 Belki de bu nedenle, biz K\u00fc\u00e7\u00fck Dedektif Daniel&#8217;i \u00e7ok sevdik! Siz ne dersiniz?!.. <\/p>\n","protected":false},"excerpt":{"rendered":"<p>&#8220;Sence bal\u0131klar konu\u015fabilir mi?&#8221; diye sordu bana. Cevab\u0131m\u0131 beklemeden yeni sorularla devam etti: &#8220;Akdeniz&#8217;in rengi hep de\u011fi\u015fiyor, neden? Bal\u0131klar suyun dibinde nas\u0131l nefes al\u0131yorlar? Hi\u00e7 denizk\u0131z\u0131<span class=\"excerpt-hellip\"> [\u2026]<\/span><\/p>\n","protected":false},"featured_media":0,"template":"","meta":{"_monsterinsights_skip_tracking":false,"_monsterinsights_sitenote_active":false,"_monsterinsights_sitenote_note":"","_monsterinsights_sitenote_category":0},"product_brand":[],"product_cat":[12275,12274],"product_tag":[],"class_list":{"0":"post-713892","1":"product","2":"type-product","3":"status-publish","5":"product_cat-6-12-yas-kitaplari","6":"product_cat-cocuk-ve-genclik-kitaplari","7":"pa_cilt-ciltsiz","8":"pa_tur-kitap","9":"pa_yayinevi-kelime-yayinlari","10":"pa_yazar-sule-tankut-jobert","12":"first","13":"instock","14":"sale","15":"shipping-taxable","16":"purchasable","17":"product-type-simple"},"_links":{"self":[{"href":"https:\/\/roveyayinevi.com.tr\/index.php\/wp-json\/wp\/v2\/product\/713892","targetHints":{"allow":["GET"]}}],"collection":[{"href":"https:\/\/roveyayinevi.com.tr\/index.php\/wp-json\/wp\/v2\/product"}],"about":[{"href":"https:\/\/roveyayinevi.com.tr\/index.php\/wp-json\/wp\/v2\/types\/product"}],"wp:attachment":[{"href":"https:\/\/roveyayinevi.com.tr\/index.php\/wp-json\/wp\/v2\/media?parent=713892"}],"wp:term":[{"taxonomy":"product_brand","embeddable":true,"href":"https:\/\/roveyayinevi.com.tr\/index.php\/wp-json\/wp\/v2\/product_brand?post=713892"},{"taxonomy":"product_cat","embeddable":true,"href":"https:\/\/roveyayinevi.com.tr\/index.php\/wp-json\/wp\/v2\/product_cat?post=713892"},{"taxonomy":"product_tag","embeddable":true,"href":"https:\/\/roveyayinevi.com.tr\/index.php\/wp-json\/wp\/v2\/product_tag?post=713892"}],"curies":[{"name":"wp","href":"https:\/\/api.w.org\/{rel}","templated":true}]}}