{"id":713885,"date":"2025-08-27T17:12:44","date_gmt":"2025-08-27T14:12:44","guid":{"rendered":"https:\/\/roveyayinevi.com.tr\/index.php\/urun\/game-of-thrones-taht-oyunlari-9-kitap-set-ozel-kutulu\/"},"modified":"2026-04-16T02:22:22","modified_gmt":"2026-04-15T23:22:22","slug":"game-of-thrones-taht-oyunlari-9-kitap-set-ozel-kutulu","status":"publish","type":"product","link":"https:\/\/roveyayinevi.com.tr\/index.php\/urun\/game-of-thrones-taht-oyunlari-9-kitap-set-ozel-kutulu\/","title":{"rendered":"Game Of Thrones Taht Oyunlar\u0131 9 Kitap Set \u00d6zel Kutulu"},"content":{"rendered":"<p>Yazlar\u0131n on y\u0131llar, k\u0131\u015flar\u0131n bir insan \u00f6mr\u00fc s\u00fcrebildi\u011fi diyarda, deh\u015fetli ve so\u011fuk zamanlar yakla\u015f\u0131yor. K\u0131\u015fyar\u0131\u2019n\u0131n kuzeyindeki buzul topraklarda, Yedi Krall\u0131k\u2019\u0131 koruyan Sur\u2019un \u00f6tesinde tehditk\u00e2r do\u011fa\u00fcst\u00fc g\u00fc\u00e7ler toplan\u0131yor&#8230; Ac\u0131mas\u0131z so\u011fu\u011fun h\u00fck\u00fcm s\u00fcrd\u00fc\u011f\u00fc kuzeyden, uzak g\u00fcneydeki s\u0131cak zevk yurduna uzanan, leydiler, lordlar, sava\u015f\u00e7\u0131lar, b\u00fcy\u00fcc\u00fcler ve katillerle dolu \u00f6yk\u00fc, korkun\u00e7 kehanetlerin i\u015faret etti\u011fi bir devirde ba\u015flar. Komplo, trajedi, ihanet, zafer ve deh\u015fet dolu olaylar\u0131n ortas\u0131ndaStarklar\u2019\u0131n, dostlar\u0131n\u0131n ve d\u00fc\u015fmanlar\u0131n\u0131n kaderi b\u0131\u00e7ak s\u0131rt\u0131nda. Hedef, en \u00f6l\u00fcmc\u00fcl sava\u015f olan taht oyununda muzaffer olmak. George R. R. Martin t\u00fcr\u00fcn\u00fcn s\u0131n\u0131rlar\u0131n\u0131 zorlad\u0131\u011f\u0131 Taht Oyunlar\u0131 ile bir \u015faheser ortaya koyuyor. D\u00fcnyan\u0131n d\u00f6rt bir yan\u0131ndaki edebiyat okurlar\u0131n\u0131 kesinlikle memnun edecek destans\u0131 seride gizem, entrika, a\u015fk ve macera dolu hik\u00e2yelerle b\u00fcy\u00fcl\u00fcyor. <\/p>\n","protected":false},"excerpt":{"rendered":"<p>Yazlar\u0131n on y\u0131llar, k\u0131\u015flar\u0131n bir insan \u00f6mr\u00fc s\u00fcrebildi\u011fi diyarda, deh\u015fetli ve so\u011fuk zamanlar yakla\u015f\u0131yor. K\u0131\u015fyar\u0131\u2019n\u0131n kuzeyindeki buzul topraklarda, Yedi Krall\u0131k\u2019\u0131 koruyan Sur\u2019un \u00f6tesinde tehditk\u00e2r do\u011fa\u00fcst\u00fc g\u00fc\u00e7ler<span class=\"excerpt-hellip\"> [\u2026]<\/span><\/p>\n","protected":false},"featured_media":0,"template":"","meta":{"_monsterinsights_skip_tracking":false,"_monsterinsights_sitenote_active":false,"_monsterinsights_sitenote_note":"","_monsterinsights_sitenote_category":0},"product_brand":[],"product_cat":[12291,14777],"product_tag":[],"class_list":{"0":"post-713885","1":"product","2":"type-product","3":"status-publish","5":"product_cat-edebiyat","6":"product_cat-fantastik","7":"pa_cilt-set","8":"pa_tur-kitap","9":"pa_yayinevi-epsilon-yayinlari","10":"pa_yazar-george-r-r-martin","12":"first","13":"instock","14":"sale","15":"shipping-taxable","16":"purchasable","17":"product-type-simple"},"_links":{"self":[{"href":"https:\/\/roveyayinevi.com.tr\/index.php\/wp-json\/wp\/v2\/product\/713885","targetHints":{"allow":["GET"]}}],"collection":[{"href":"https:\/\/roveyayinevi.com.tr\/index.php\/wp-json\/wp\/v2\/product"}],"about":[{"href":"https:\/\/roveyayinevi.com.tr\/index.php\/wp-json\/wp\/v2\/types\/product"}],"wp:attachment":[{"href":"https:\/\/roveyayinevi.com.tr\/index.php\/wp-json\/wp\/v2\/media?parent=713885"}],"wp:term":[{"taxonomy":"product_brand","embeddable":true,"href":"https:\/\/roveyayinevi.com.tr\/index.php\/wp-json\/wp\/v2\/product_brand?post=713885"},{"taxonomy":"product_cat","embeddable":true,"href":"https:\/\/roveyayinevi.com.tr\/index.php\/wp-json\/wp\/v2\/product_cat?post=713885"},{"taxonomy":"product_tag","embeddable":true,"href":"https:\/\/roveyayinevi.com.tr\/index.php\/wp-json\/wp\/v2\/product_tag?post=713885"}],"curies":[{"name":"wp","href":"https:\/\/api.w.org\/{rel}","templated":true}]}}