{"id":713882,"date":"2025-08-27T17:12:43","date_gmt":"2025-08-27T14:12:43","guid":{"rendered":"https:\/\/roveyayinevi.com.tr\/index.php\/urun\/sanatci-andres-iniesta\/"},"modified":"2026-02-03T02:35:44","modified_gmt":"2026-02-02T23:35:44","slug":"sanatci-andres-iniesta","status":"publish","type":"product","link":"https:\/\/roveyayinevi.com.tr\/index.php\/urun\/sanatci-andres-iniesta\/","title":{"rendered":"Sanat\u00e7\u0131 : Andres Iniesta"},"content":{"rendered":"<p>\u201c\u0130nsanlar Google&#8217;a ismimi yaz\u0131yorlar ve beni tan\u0131d\u0131klar\u0131n\u0131 d\u00fc\u015f\u00fcn\u00fcyorlar. Ama asl\u0131nda hi\u00e7 tan\u0131m\u0131yorlar.\u201d Andr\u00e9s Iniesta, Barcelona&#8217;n\u0131n d\u00fcnyaca \u00fcnl\u00fc altyap\u0131 akademisi La Masia&#8217;n\u0131n g\u00f6zlemcilerinden davet ald\u0131\u011f\u0131nda hen\u00fcz 12 ya\u015f\u0131ndayd\u0131. Kul\u00fcbe girdikten k\u0131sa bir s\u00fcre sonra, Pep Guardiola onu \u015f\u00f6yle tan\u0131mlad\u0131: \u201cBu \u00e7ocuk hepimize j\u00fcbile yapt\u0131racak.\u201d H\u0131zl\u0131 bir bi\u00e7imde Bar\u00e7a orta sahas\u0131n\u0131n demirba\u015flar\u0131ndan birisi haline gelen Iniesta, sekiz La Liga ve d\u00f6rt \u015eampiyonlar Ligi \u015fampiyonlu\u011fu da dahil olmak \u00fczere, kul\u00fcb\u00fcn say\u0131s\u0131z kupa kazanmas\u0131ndaki itici g\u00fc\u00e7 oldu. Ayr\u0131ca \u00fclkesiyle iki defa Avrupa \u015fampiyonlu\u011fu elde etti ve 2010 D\u00fcnya Kupas\u0131 finalini kazand\u0131ran gol\u00fc kaydetti. Gerek muhte\u015fem titizlikteki paslar\u0131n ve hareketlenmelerin, gerekse de toplanan t\u00fcm o \u00f6vg\u00fclerin ve kupalar\u0131n arkas\u0131nda, zeki ve d\u00fc\u015f\u00fcnceli bir adam mevcut. Ve o adam \u015fimdiye dek, muazzam becerilere sahip olan ayaklar\u0131n\u0131 konu\u015fturdu. \u201cSanat\u00e7\u0131: Andr\u00e9s Iniesta\u201d isimli bu kitapta, \u0130spanyol maestro hem kendisinin hem de antren\u00f6rlerinin, tak\u0131m arkada\u015flar\u0131n\u0131n, rakiplerinin, dostlar\u0131n\u0131n ve ailesinin s\u00f6zleriyle kendi \u0131\u015f\u0131lt\u0131l\u0131 portresini \u00e7iziyor. Ortaya \u00e7\u0131kan sonu\u00e7 bir hayli ilgi \u00e7ekici. \u00c7\u00fcnk\u00fc Iniesta\u2019n\u0131n ve yak\u0131nlar\u0131n\u0131n bizzat katk\u0131lar\u0131, bu kitab\u0131 e\u015fsiz bir biyografiden \u00e7ok daha fazlas\u0131na d\u00f6n\u00fc\u015ft\u00fcr\u00fcyor. <\/p>\n","protected":false},"excerpt":{"rendered":"<p>\u201c\u0130nsanlar Google&#8217;a ismimi yaz\u0131yorlar ve beni tan\u0131d\u0131klar\u0131n\u0131 d\u00fc\u015f\u00fcn\u00fcyorlar. Ama asl\u0131nda hi\u00e7 tan\u0131m\u0131yorlar.\u201d Andr\u00e9s Iniesta, Barcelona&#8217;n\u0131n d\u00fcnyaca \u00fcnl\u00fc altyap\u0131 akademisi La Masia&#8217;n\u0131n g\u00f6zlemcilerinden davet ald\u0131\u011f\u0131nda hen\u00fcz 12<span class=\"excerpt-hellip\"> [\u2026]<\/span><\/p>\n","protected":false},"featured_media":0,"template":"","meta":{"_monsterinsights_skip_tracking":false,"_monsterinsights_sitenote_active":false,"_monsterinsights_sitenote_note":"","_monsterinsights_sitenote_category":0},"product_brand":[],"product_cat":[15563,15564],"product_tag":[],"class_list":{"0":"post-713882","1":"product","2":"type-product","3":"status-publish","5":"product_cat-hobi","6":"product_cat-spor","7":"pa_cilt-ciltsiz","8":"pa_tur-kitap","9":"pa_yayinevi-profil-kitap","10":"pa_yazar-ramon-besa-marco-lopez","12":"first","13":"instock","14":"sale","15":"shipping-taxable","16":"purchasable","17":"product-type-simple"},"_links":{"self":[{"href":"https:\/\/roveyayinevi.com.tr\/index.php\/wp-json\/wp\/v2\/product\/713882","targetHints":{"allow":["GET"]}}],"collection":[{"href":"https:\/\/roveyayinevi.com.tr\/index.php\/wp-json\/wp\/v2\/product"}],"about":[{"href":"https:\/\/roveyayinevi.com.tr\/index.php\/wp-json\/wp\/v2\/types\/product"}],"wp:attachment":[{"href":"https:\/\/roveyayinevi.com.tr\/index.php\/wp-json\/wp\/v2\/media?parent=713882"}],"wp:term":[{"taxonomy":"product_brand","embeddable":true,"href":"https:\/\/roveyayinevi.com.tr\/index.php\/wp-json\/wp\/v2\/product_brand?post=713882"},{"taxonomy":"product_cat","embeddable":true,"href":"https:\/\/roveyayinevi.com.tr\/index.php\/wp-json\/wp\/v2\/product_cat?post=713882"},{"taxonomy":"product_tag","embeddable":true,"href":"https:\/\/roveyayinevi.com.tr\/index.php\/wp-json\/wp\/v2\/product_tag?post=713882"}],"curies":[{"name":"wp","href":"https:\/\/api.w.org\/{rel}","templated":true}]}}