{"id":713880,"date":"2025-08-27T17:12:41","date_gmt":"2025-08-27T14:12:41","guid":{"rendered":"https:\/\/roveyayinevi.com.tr\/index.php\/urun\/golgeler-ciltli\/"},"modified":"2025-11-07T04:46:34","modified_gmt":"2025-11-07T01:46:34","slug":"golgeler-ciltli","status":"publish","type":"product","link":"https:\/\/roveyayinevi.com.tr\/index.php\/urun\/golgeler-ciltli\/","title":{"rendered":"G\u00f6lgeler (Ciltli)"},"content":{"rendered":"<p>Z\u00fclf\u00fc Livaneli\u2019den \u0130stanbul\u2019a ve onun yazarlar\u0131na, \u015fairlerine sayg\u0131 duru\u015fu: G\u00f6lgeler  Karanl\u0131\u011f\u0131n b\u00fct\u00fcn g\u00f6lgeleri yuttu\u011fu bir \u0130stanbul ak\u015fam\u0131. B\u00fct\u00fcn sesler susmu\u015f. Yaln\u0131zca gelip ge\u00e7enlerin g\u00f6rmedi\u011fi, duymad\u0131\u011f\u0131 G\u00f6lgeler\u2019in sesleri yank\u0131lan\u0131yor sokaklarda. Son bir kez s\u00f6ylenen \u015fark\u0131 gibi, son bir kez yaz\u0131lan \u015fiir gibi, \u201cson bak\u0131\u015fta a\u015fk\u201dta dile gelen sevda s\u00f6zleri gibi\u2026 G\u00f6lgeler konu\u015fuyorlar karanl\u0131kta\u2026  Fatih Sultan Mehmed, Mustafa Kemal Atat\u00fcrk, Halide Edip Ad\u0131var, Re\u015fat Nuri G\u00fcntekin, N\u00e2z\u0131m Hikmet, Yahya Kemal, Sabahattin Ali, Orhan Kemal, Ya\u015far Kemal, Kemal Tahir, Orhan Veli, \u00dclk\u00fc Tamer, Ece Ayhan, Cemal S\u00fcreya ve Attil\u00e2 \u0130lhan&#8217;\u0131n g\u00f6lgeleri&#8230;  \u015eiirin tap\u0131na\u011f\u0131 \u00f6n\u00fcnde vecd halinde bekliyor \u0130stanbul, ona yeniden hayat verecek  son kelimeyi\u2026 <\/p>\n","protected":false},"excerpt":{"rendered":"<p>Z\u00fclf\u00fc Livaneli\u2019den \u0130stanbul\u2019a ve onun yazarlar\u0131na, \u015fairlerine sayg\u0131 duru\u015fu: G\u00f6lgeler Karanl\u0131\u011f\u0131n b\u00fct\u00fcn g\u00f6lgeleri yuttu\u011fu bir \u0130stanbul ak\u015fam\u0131. B\u00fct\u00fcn sesler susmu\u015f. Yaln\u0131zca gelip ge\u00e7enlerin g\u00f6rmedi\u011fi, duymad\u0131\u011f\u0131 G\u00f6lgeler\u2019in<span class=\"excerpt-hellip\"> [\u2026]<\/span><\/p>\n","protected":false},"featured_media":0,"template":"","meta":{"_monsterinsights_skip_tracking":false,"_monsterinsights_sitenote_active":false,"_monsterinsights_sitenote_note":"","_monsterinsights_sitenote_category":0},"product_brand":[],"product_cat":[12291,12711],"product_tag":[],"class_list":{"0":"post-713880","1":"product","2":"type-product","3":"status-publish","5":"product_cat-edebiyat","6":"product_cat-roman-oyku","7":"pa_cilt-ciltli","8":"pa_tur-kitap","9":"pa_yayinevi-dogan-kitap","10":"pa_yazar-zulfu-livaneli","12":"first","13":"instock","14":"sale","15":"shipping-taxable","16":"purchasable","17":"product-type-simple"},"_links":{"self":[{"href":"https:\/\/roveyayinevi.com.tr\/index.php\/wp-json\/wp\/v2\/product\/713880","targetHints":{"allow":["GET"]}}],"collection":[{"href":"https:\/\/roveyayinevi.com.tr\/index.php\/wp-json\/wp\/v2\/product"}],"about":[{"href":"https:\/\/roveyayinevi.com.tr\/index.php\/wp-json\/wp\/v2\/types\/product"}],"wp:attachment":[{"href":"https:\/\/roveyayinevi.com.tr\/index.php\/wp-json\/wp\/v2\/media?parent=713880"}],"wp:term":[{"taxonomy":"product_brand","embeddable":true,"href":"https:\/\/roveyayinevi.com.tr\/index.php\/wp-json\/wp\/v2\/product_brand?post=713880"},{"taxonomy":"product_cat","embeddable":true,"href":"https:\/\/roveyayinevi.com.tr\/index.php\/wp-json\/wp\/v2\/product_cat?post=713880"},{"taxonomy":"product_tag","embeddable":true,"href":"https:\/\/roveyayinevi.com.tr\/index.php\/wp-json\/wp\/v2\/product_tag?post=713880"}],"curies":[{"name":"wp","href":"https:\/\/api.w.org\/{rel}","templated":true}]}}