{"id":713879,"date":"2025-08-27T17:12:41","date_gmt":"2025-08-27T14:12:41","guid":{"rendered":"https:\/\/roveyayinevi.com.tr\/index.php\/urun\/yaratici-dusunme-sanati\/"},"modified":"2026-04-16T02:22:22","modified_gmt":"2026-04-15T23:22:22","slug":"yaratici-dusunme-sanati","status":"publish","type":"product","link":"https:\/\/roveyayinevi.com.tr\/index.php\/urun\/yaratici-dusunme-sanati\/","title":{"rendered":"Yarat\u0131c\u0131 D\u00fc\u015f\u00fcnme Sanat\u0131"},"content":{"rendered":"<p>Bir t\u00fcpl\u00fc dal\u0131\u015f \u015firketi, k\u00f6pek bal\u0131klar\u0131 b\u00f6lgeyi istila etti\u011fi i\u00e7in iflas\u0131n e\u015fi\u011fine gelir. \u00c7\u00f6z\u00fcm ne mi? D\u00fcnyan\u0131n ilk ekstrem dal\u0131\u015f okulunu a\u00e7mak.Yarat\u0131c\u0131 D\u00fc\u015f\u00fcnme Sanat\u0131, insano\u011flunun yarat\u0131c\u0131l\u0131k y\u00f6n\u00fcn\u00fc daha iyi anlayarak kendimizi ve i\u015fimizi nas\u0131l geli\u015ftirebilece\u011fimizi, toplumu nas\u0131l d\u00f6n\u00fc\u015ft\u00fcrebilece\u011fimizi g\u00f6steriyor.D\u00fcnyaca \u00fcnl\u00fc St. Martin\u2019s Sanat Koleji\u2019nden Rod Judkins, toplumun her kesiminden tarihe ad\u0131n\u0131 yazd\u0131rm\u0131\u015f ba\u015far\u0131l\u0131 yarat\u0131c\u0131 d\u00fc\u015f\u00fcn\u00fcrleri ara\u015ft\u0131r\u0131yor. Dada Manifestosu\u2019ndan Nobel \u00f6d\u00fcll\u00fc ekonomistlere, Andy Warhol\u2019\u00fcn st\u00fcdyosundan Einstein\u2019\u0131n \u00e7al\u0131\u015fma masas\u0131na kadar \u00e7e\u015fitli ilham verici \u00f6rneklerden yararlanarak bir \u00f6m\u00fcrl\u00fck deneyimi \u00f6zetliyor ve daha yarat\u0131c\u0131 d\u00fc\u015f\u00fcnmenizi sa\u011flamak i\u00e7in t\u00fcm bunlar\u0131 k\u0131sa, \u00f6z ve \u015fa\u015f\u0131rt\u0131c\u0131 bir kitap haline getiriyor.Bu kitapla tren seferiniz iptal oldu\u011funda neden mutlu olman\u0131z gerekti\u011finin fark\u0131na varacak, e\u011fitim tarihinin \u2013her \u00f6\u011frencisi Nobel \u00d6d\u00fcl\u00fc kazanan\u2013 en ba\u015far\u0131l\u0131 s\u0131n\u0131f\u0131yla tan\u0131\u015facak, topluluk \u00f6n\u00fcnde konu\u015fma yaparken \u00e7\u0131plakl\u0131\u011f\u0131n neden hem dezavantajl\u0131 hem de \u015fa\u015f\u0131rt\u0131c\u0131 derecede ikna edici olabildi\u011fini ke\u015ffedecek, yirmi birinci y\u00fczy\u0131lda Michelangelo kadar iyi olman\u0131n neden teknik olarak yasa d\u0131\u015f\u0131 oldu\u011funu \u00f6\u011freneceksiniz.\u00d6d\u00fcn vermemekte inat\u00e7\u0131 olun.\u00c7ocuksu olacak kadar olgun olun.Kendinizle daha fazla \u00e7eli\u015fin.Yarat\u0131c\u0131 D\u00fc\u015f\u00fcnme Sanat\u0131\u2019n\u0131 ke\u015ffedin. <\/p>\n","protected":false},"excerpt":{"rendered":"<p>Bir t\u00fcpl\u00fc dal\u0131\u015f \u015firketi, k\u00f6pek bal\u0131klar\u0131 b\u00f6lgeyi istila etti\u011fi i\u00e7in iflas\u0131n e\u015fi\u011fine gelir. \u00c7\u00f6z\u00fcm ne mi? D\u00fcnyan\u0131n ilk ekstrem dal\u0131\u015f okulunu a\u00e7mak.Yarat\u0131c\u0131 D\u00fc\u015f\u00fcnme Sanat\u0131, insano\u011flunun yarat\u0131c\u0131l\u0131k<span class=\"excerpt-hellip\"> [\u2026]<\/span><\/p>\n","protected":false},"featured_media":0,"template":"","meta":{"_monsterinsights_skip_tracking":false,"_monsterinsights_sitenote_active":false,"_monsterinsights_sitenote_note":"","_monsterinsights_sitenote_category":0},"product_brand":[],"product_cat":[12364,12376],"product_tag":[],"class_list":{"0":"post-713879","1":"product","2":"type-product","3":"status-publish","5":"product_cat-genel-konular","6":"product_cat-kisisel-gelisim","7":"pa_cilt-ciltsiz","8":"pa_tur-kitap","9":"pa_yayinevi-pegasus-yayinlari","10":"pa_yazar-rod-judkins","12":"first","13":"instock","14":"sale","15":"shipping-taxable","16":"purchasable","17":"product-type-simple"},"_links":{"self":[{"href":"https:\/\/roveyayinevi.com.tr\/index.php\/wp-json\/wp\/v2\/product\/713879","targetHints":{"allow":["GET"]}}],"collection":[{"href":"https:\/\/roveyayinevi.com.tr\/index.php\/wp-json\/wp\/v2\/product"}],"about":[{"href":"https:\/\/roveyayinevi.com.tr\/index.php\/wp-json\/wp\/v2\/types\/product"}],"wp:attachment":[{"href":"https:\/\/roveyayinevi.com.tr\/index.php\/wp-json\/wp\/v2\/media?parent=713879"}],"wp:term":[{"taxonomy":"product_brand","embeddable":true,"href":"https:\/\/roveyayinevi.com.tr\/index.php\/wp-json\/wp\/v2\/product_brand?post=713879"},{"taxonomy":"product_cat","embeddable":true,"href":"https:\/\/roveyayinevi.com.tr\/index.php\/wp-json\/wp\/v2\/product_cat?post=713879"},{"taxonomy":"product_tag","embeddable":true,"href":"https:\/\/roveyayinevi.com.tr\/index.php\/wp-json\/wp\/v2\/product_tag?post=713879"}],"curies":[{"name":"wp","href":"https:\/\/api.w.org\/{rel}","templated":true}]}}