{"id":713878,"date":"2025-08-27T17:12:40","date_gmt":"2025-08-27T14:12:40","guid":{"rendered":"https:\/\/roveyayinevi.com.tr\/index.php\/urun\/olumden-sonra-ask\/"},"modified":"2026-04-16T02:22:22","modified_gmt":"2026-04-15T23:22:22","slug":"olumden-sonra-ask","status":"publish","type":"product","link":"https:\/\/roveyayinevi.com.tr\/index.php\/urun\/olumden-sonra-ask\/","title":{"rendered":"\u00d6l\u00fcmden Sonra A\u015fk"},"content":{"rendered":"<p>Umut, babadan kalan a\u011f\u0131r miras; e\u011fip b\u00fckmeden, k\u0131r\u0131p d\u00f6kmeden ta\u015f\u0131nacak. Gazi, Yenibosna, Berlin, Cohen, S\u0131rr\u0131 S\u00fcreyya, Berkin\u2026 Tarihin kald\u0131r\u0131m\u0131ndan yola f\u0131rlam\u0131\u015f ne kadar romantik, delikanl\u0131 \u00e7ocuk varsa, onlar\u0131n a\u015fk\u0131na umut ta\u015f\u0131nacak. \u00d6l\u00fcmden Sonra A\u015fk, ac\u0131s\u0131yla ve g\u00fczelli\u011fiyle yay\u0131lmac\u0131. Bar\u0131\u015f Pirhasan terk ediyor, \u00f6zl\u00fcyor, unuttuk\u00e7a hat\u0131rl\u0131yor, korkuyor, b\u0131k\u0131yor, kavu\u015fuyor ve insan\u0131 \u015fiir yazmaya \u00f6zendiren bir mana trafi\u011fine \u00e7\u0131kar\u0131yor. <\/p>\n","protected":false},"excerpt":{"rendered":"<p>Umut, babadan kalan a\u011f\u0131r miras; e\u011fip b\u00fckmeden, k\u0131r\u0131p d\u00f6kmeden ta\u015f\u0131nacak. Gazi, Yenibosna, Berlin, Cohen, S\u0131rr\u0131 S\u00fcreyya, Berkin\u2026 Tarihin kald\u0131r\u0131m\u0131ndan yola f\u0131rlam\u0131\u015f ne kadar romantik, delikanl\u0131 \u00e7ocuk<span class=\"excerpt-hellip\"> [\u2026]<\/span><\/p>\n","protected":false},"featured_media":0,"template":"","meta":{"_monsterinsights_skip_tracking":false,"_monsterinsights_sitenote_active":false,"_monsterinsights_sitenote_note":"","_monsterinsights_sitenote_category":0},"product_brand":[],"product_cat":[12291,12509],"product_tag":[],"class_list":{"0":"post-713878","1":"product","2":"type-product","3":"status-publish","5":"product_cat-edebiyat","6":"product_cat-siir","7":"pa_cilt-ciltsiz","8":"pa_tur-kitap","9":"pa_yayinevi-kara-karga-yayinlari","10":"pa_yazar-baris-pirhasan","12":"first","13":"instock","14":"sale","15":"shipping-taxable","16":"purchasable","17":"product-type-simple"},"_links":{"self":[{"href":"https:\/\/roveyayinevi.com.tr\/index.php\/wp-json\/wp\/v2\/product\/713878","targetHints":{"allow":["GET"]}}],"collection":[{"href":"https:\/\/roveyayinevi.com.tr\/index.php\/wp-json\/wp\/v2\/product"}],"about":[{"href":"https:\/\/roveyayinevi.com.tr\/index.php\/wp-json\/wp\/v2\/types\/product"}],"wp:attachment":[{"href":"https:\/\/roveyayinevi.com.tr\/index.php\/wp-json\/wp\/v2\/media?parent=713878"}],"wp:term":[{"taxonomy":"product_brand","embeddable":true,"href":"https:\/\/roveyayinevi.com.tr\/index.php\/wp-json\/wp\/v2\/product_brand?post=713878"},{"taxonomy":"product_cat","embeddable":true,"href":"https:\/\/roveyayinevi.com.tr\/index.php\/wp-json\/wp\/v2\/product_cat?post=713878"},{"taxonomy":"product_tag","embeddable":true,"href":"https:\/\/roveyayinevi.com.tr\/index.php\/wp-json\/wp\/v2\/product_tag?post=713878"}],"curies":[{"name":"wp","href":"https:\/\/api.w.org\/{rel}","templated":true}]}}