{"id":713877,"date":"2025-08-27T17:12:40","date_gmt":"2025-08-27T14:12:40","guid":{"rendered":"https:\/\/roveyayinevi.com.tr\/index.php\/urun\/babam-bir-caliya-donustugunde\/"},"modified":"2026-04-16T02:22:22","modified_gmt":"2026-04-15T23:22:22","slug":"babam-bir-caliya-donustugunde","status":"publish","type":"product","link":"https:\/\/roveyayinevi.com.tr\/index.php\/urun\/babam-bir-caliya-donustugunde\/","title":{"rendered":"Babam Bir \u00c7al\u0131ya D\u00f6n\u00fc\u015ft\u00fc\u011f\u00fcnde"},"content":{"rendered":"<p>Toda\u2019n\u0131n babas\u0131 bir \u00e7al\u0131ya d\u00f6n\u00fc\u015fmeden \u00f6nce pasta \u015fefidir. Yirmi \u00e7e\u015fit tartolet ve \u00fc\u00e7 \u00e7e\u015fit pasta yapmak i\u00e7in her sabah saat d\u00f6rtte kalkar. Ta ki g\u00fcneyde, birileri ile di\u011ferleri aras\u0131nda sava\u015f \u00e7\u0131kana kadar.\u00c7ok ge\u00e7meden askere al\u0131n\u0131r. Joke van Leeuwen, sava\u015f\u0131n getirdiklerini, \u00fclkesinden ayr\u0131lmak zorunda kalan insanlar\u0131n ya\u015fad\u0131klar\u0131n\u0131 benzersiz bir \u00fcslupla anlat\u0131yor. \u0130lgin\u00e7 karakterleriyle de bir kara komediye imza at\u0131yor. Unutulmaz bir ba\u015fyap\u0131t. <\/p>\n","protected":false},"excerpt":{"rendered":"<p>Toda\u2019n\u0131n babas\u0131 bir \u00e7al\u0131ya d\u00f6n\u00fc\u015fmeden \u00f6nce pasta \u015fefidir. Yirmi \u00e7e\u015fit tartolet ve \u00fc\u00e7 \u00e7e\u015fit pasta yapmak i\u00e7in her sabah saat d\u00f6rtte kalkar. Ta ki g\u00fcneyde, birileri<span class=\"excerpt-hellip\"> [\u2026]<\/span><\/p>\n","protected":false},"featured_media":0,"template":"","meta":{"_monsterinsights_skip_tracking":false,"_monsterinsights_sitenote_active":false,"_monsterinsights_sitenote_note":"","_monsterinsights_sitenote_category":0},"product_brand":[],"product_cat":[12275,12274],"product_tag":[],"class_list":{"0":"post-713877","1":"product","2":"type-product","3":"status-publish","5":"product_cat-6-12-yas-kitaplari","6":"product_cat-cocuk-ve-genclik-kitaplari","7":"pa_cilt-ciltsiz","8":"pa_tur-kitap","9":"pa_yayinevi-cinar-yayinlari","10":"pa_yazar-joke-van-leeuwen","12":"first","13":"instock","14":"sale","15":"shipping-taxable","16":"purchasable","17":"product-type-simple"},"_links":{"self":[{"href":"https:\/\/roveyayinevi.com.tr\/index.php\/wp-json\/wp\/v2\/product\/713877","targetHints":{"allow":["GET"]}}],"collection":[{"href":"https:\/\/roveyayinevi.com.tr\/index.php\/wp-json\/wp\/v2\/product"}],"about":[{"href":"https:\/\/roveyayinevi.com.tr\/index.php\/wp-json\/wp\/v2\/types\/product"}],"wp:attachment":[{"href":"https:\/\/roveyayinevi.com.tr\/index.php\/wp-json\/wp\/v2\/media?parent=713877"}],"wp:term":[{"taxonomy":"product_brand","embeddable":true,"href":"https:\/\/roveyayinevi.com.tr\/index.php\/wp-json\/wp\/v2\/product_brand?post=713877"},{"taxonomy":"product_cat","embeddable":true,"href":"https:\/\/roveyayinevi.com.tr\/index.php\/wp-json\/wp\/v2\/product_cat?post=713877"},{"taxonomy":"product_tag","embeddable":true,"href":"https:\/\/roveyayinevi.com.tr\/index.php\/wp-json\/wp\/v2\/product_tag?post=713877"}],"curies":[{"name":"wp","href":"https:\/\/api.w.org\/{rel}","templated":true}]}}