{"id":713876,"date":"2025-08-27T17:12:39","date_gmt":"2025-08-27T14:12:39","guid":{"rendered":"https:\/\/roveyayinevi.com.tr\/index.php\/urun\/ruzgara-yazilidir\/"},"modified":"2026-04-16T02:22:22","modified_gmt":"2026-04-15T23:22:22","slug":"ruzgara-yazilidir","status":"publish","type":"product","link":"https:\/\/roveyayinevi.com.tr\/index.php\/urun\/ruzgara-yazilidir\/","title":{"rendered":"R\u00fczgara Yaz\u0131l\u0131d\u0131r"},"content":{"rendered":"<p>\u201cSevgili ele\u015ftirmenimin yaz\u0131lar\u0131n\u0131 okurken, tek bir c\u00fcmlesi kimileyin apans\u0131z\u0131n durdurur, kavrayabilmek i\u00e7in b\u00fct\u00fcn yaz\u0131y\u0131 yeniden okumam gerekirdi. Yaz\u0131nsal eserleri \u00f6nemseyi\u015fi, k\u0131l\u0131 k\u0131rk yararak de\u011ferlendiri\u015fi, tart\u0131ya vuru\u015fu her zaman biricikti, u\u00e7suz bucaks\u0131z \u2018d\u00fczey\u2019 aray\u0131\u015f\u0131yla i\u00e7 i\u00e7e, birlikte,\u201d diyor F\u00fcsun Akatl\u0131 i\u00e7in Selim \u0130leri.F\u00fcsun Akatl\u0131 ele\u015ftiri\/denemelerini kaleme al\u0131rken felsefenin y\u00f6ntem ve tekniklerini kullan\u0131yor. \u201cFelsefe G\u00f6zl\u00fc\u011f\u00fcyle\u201d edebiyata bak\u0131yor. Duru, ak\u0131c\u0131 ve edebi bir dil kullanmas\u0131n\u0131n yan\u0131 s\u0131ra bilindik bak\u0131\u015f a\u00e7\u0131lar\u0131n\u0131n da d\u0131\u015f\u0131na \u00e7\u0131k\u0131yor.R\u00fczg\u00e2ra Yaz\u0131l\u0131d\u0131r F\u00fcsun Akatl\u0131\u2019n\u0131n k\u00fclliyat\u0131nda \u00f6yk\u00fcye y\u00f6nelik yaz\u0131lar\u0131n\u0131 birle\u015ftiriyor. Sadece kurgusal ve yap\u0131sal anlamda \u00f6yk\u00fcy\u00fc ele alan yaz\u0131lardan olu\u015fmakla da kalm\u0131yor. T\u00fcrk edebiyat tarihinde \u00f6yk\u00fcc\u00fcl\u00fc\u011f\u00fcm\u00fcz\u00fcn de izini s\u00fcr\u00fcyor. <\/p>\n","protected":false},"excerpt":{"rendered":"<p>\u201cSevgili ele\u015ftirmenimin yaz\u0131lar\u0131n\u0131 okurken, tek bir c\u00fcmlesi kimileyin apans\u0131z\u0131n durdurur, kavrayabilmek i\u00e7in b\u00fct\u00fcn yaz\u0131y\u0131 yeniden okumam gerekirdi. Yaz\u0131nsal eserleri \u00f6nemseyi\u015fi, k\u0131l\u0131 k\u0131rk yararak de\u011ferlendiri\u015fi, tart\u0131ya vuru\u015fu<span class=\"excerpt-hellip\"> [\u2026]<\/span><\/p>\n","protected":false},"featured_media":0,"template":"","meta":{"_monsterinsights_skip_tracking":false,"_monsterinsights_sitenote_active":false,"_monsterinsights_sitenote_note":"","_monsterinsights_sitenote_category":0},"product_brand":[],"product_cat":[12777,12291],"product_tag":[],"class_list":{"0":"post-713876","1":"product","2":"type-product","3":"status-publish","5":"product_cat-deneme","6":"product_cat-edebiyat","7":"pa_cilt-ciltsiz","8":"pa_tur-kitap","9":"pa_yayinevi-kirmizi-kedi-yayinevi","10":"pa_yazar-fusun-akatli","12":"first","13":"instock","14":"sale","15":"shipping-taxable","16":"purchasable","17":"product-type-simple"},"_links":{"self":[{"href":"https:\/\/roveyayinevi.com.tr\/index.php\/wp-json\/wp\/v2\/product\/713876","targetHints":{"allow":["GET"]}}],"collection":[{"href":"https:\/\/roveyayinevi.com.tr\/index.php\/wp-json\/wp\/v2\/product"}],"about":[{"href":"https:\/\/roveyayinevi.com.tr\/index.php\/wp-json\/wp\/v2\/types\/product"}],"wp:attachment":[{"href":"https:\/\/roveyayinevi.com.tr\/index.php\/wp-json\/wp\/v2\/media?parent=713876"}],"wp:term":[{"taxonomy":"product_brand","embeddable":true,"href":"https:\/\/roveyayinevi.com.tr\/index.php\/wp-json\/wp\/v2\/product_brand?post=713876"},{"taxonomy":"product_cat","embeddable":true,"href":"https:\/\/roveyayinevi.com.tr\/index.php\/wp-json\/wp\/v2\/product_cat?post=713876"},{"taxonomy":"product_tag","embeddable":true,"href":"https:\/\/roveyayinevi.com.tr\/index.php\/wp-json\/wp\/v2\/product_tag?post=713876"}],"curies":[{"name":"wp","href":"https:\/\/api.w.org\/{rel}","templated":true}]}}