{"id":713874,"date":"2025-08-27T17:12:38","date_gmt":"2025-08-27T14:12:38","guid":{"rendered":"https:\/\/roveyayinevi.com.tr\/index.php\/urun\/dorian-grayin-portresi-3\/"},"modified":"2026-04-16T02:22:22","modified_gmt":"2026-04-15T23:22:22","slug":"dorian-grayin-portresi-3","status":"publish","type":"product","link":"https:\/\/roveyayinevi.com.tr\/index.php\/urun\/dorian-grayin-portresi-3\/","title":{"rendered":"Dorian Gray&#8217;in Portresi"},"content":{"rendered":"<p>\u201cYapt\u0131\u011f\u0131na hayran olmad\u0131\u011f\u0131 s\u00fcrece, birinin yararl\u0131 \u015feyler yapmas\u0131n\u0131 ba\u011f\u0131\u015flayabiliriz. Yarars\u0131z \u015feyler yapman\u0131n tek ba\u011f\u0131\u015flanacak yan\u0131, yapan\u0131n ona k\u00f6r k\u00fct\u00fck hayran olmas\u0131d\u0131r\u201d diyen Oscar Wilde\u2019\u0131n bu eserinde, onun inand\u0131\u011f\u0131 fikir Dorian\u2019\u0131n portresini \u00e7izen bir ressam\u0131n sanat\u0131nda kendini g\u00f6sterir. Fakat bu \u015faheser say\u0131lacak portre, sadece e\u015fsiz g\u00fczellikteki Dorian\u2019in resmedilmesinden ve ona hayranl\u0131\u011f\u0131n\u0131 kalemiyle sonuna kadar ortaya koyan bir ressam\u0131n sanat\u0131ndan ibaret de\u011fildir. Dorian\u2019in bir dile\u011finin ger\u00e7ekle\u015fmesi neticesinde, hayran olunacak g\u00fczellikteki gen\u00e7 bir adam\u0131n, bir portre vesilesiyle ruhuyla y\u00fczle\u015fmesinin hik\u00e2yesidir bu. Ne demi\u015fti Dorian?:\u201cBen ya\u015flanaca\u011f\u0131m, ama portrem hep gen\u00e7 kalacak. Ke\u015fke hep gen\u00e7 kalacak olan ben olsayd\u0131m da portrem ya\u015flansayd\u0131! Bunun i\u00e7in her \u015feyimi verirdim!&#8221; Oscar Wilde\u2019\u0131n, \u201cbir ruhun hik\u00e2yesi\u201d dedi\u011fi bu eserinde, ruhunu \u00e2deta \u015feytana satm\u0131\u015f bir g\u00fczelli\u011fin deh\u015fet verici, enteresan ve bir o kadar da tesirli hik\u00e2yesi sakl\u0131\u2026  Portresinde kendi su\u00e7lar\u0131n\u0131 ve g\u00fcnahlar\u0131n\u0131 g\u00f6ren Dorian\u2019in hik\u00e2yesini okurken, belki ba\u015fkalar\u0131 da kendi g\u00fcnahlar\u0131yla y\u00fczle\u015fecektir, kim bilir! Yay\u0131mland\u0131\u011f\u0131 zaman hayli tepki \u00e7eken ve birtak\u0131m sans\u00fcrlere u\u011frayarak 1891\u2019de yeniden bas\u0131lan bu eser, Belma Aksun\u2019un terc\u00fcmesiyle ve 1890\u2019taki ilk bask\u0131s\u0131 esas al\u0131narak okuyuculara sunuldu\u2026 Ve m\u00fctercim bu tercihinin sebebini \u015fu s\u00f6zlerle ifade etti: \u201cEserin ilk bask\u0131s\u0131ndan haberdar olmak, her iyi okurun hakk\u0131d\u0131r\u201d. <\/p>\n","protected":false},"excerpt":{"rendered":"<p>\u201cYapt\u0131\u011f\u0131na hayran olmad\u0131\u011f\u0131 s\u00fcrece, birinin yararl\u0131 \u015feyler yapmas\u0131n\u0131 ba\u011f\u0131\u015flayabiliriz. Yarars\u0131z \u015feyler yapman\u0131n tek ba\u011f\u0131\u015flanacak yan\u0131, yapan\u0131n ona k\u00f6r k\u00fct\u00fck hayran olmas\u0131d\u0131r\u201d diyen Oscar Wilde\u2019\u0131n bu eserinde,<span class=\"excerpt-hellip\"> [\u2026]<\/span><\/p>\n","protected":false},"featured_media":0,"template":"","meta":{"_monsterinsights_skip_tracking":false,"_monsterinsights_sitenote_active":false,"_monsterinsights_sitenote_note":"","_monsterinsights_sitenote_category":0},"product_brand":[],"product_cat":[12291,13872],"product_tag":[],"class_list":{"0":"post-713874","1":"product","2":"type-product","3":"status-publish","5":"product_cat-edebiyat","6":"product_cat-klasikler","7":"pa_cilt-ciltli","8":"pa_tur-kitap","9":"pa_yayinevi-otuken-nesriyat","10":"pa_yazar-oscar-wilde","12":"first","13":"instock","14":"sale","15":"shipping-taxable","16":"purchasable","17":"product-type-simple"},"_links":{"self":[{"href":"https:\/\/roveyayinevi.com.tr\/index.php\/wp-json\/wp\/v2\/product\/713874","targetHints":{"allow":["GET"]}}],"collection":[{"href":"https:\/\/roveyayinevi.com.tr\/index.php\/wp-json\/wp\/v2\/product"}],"about":[{"href":"https:\/\/roveyayinevi.com.tr\/index.php\/wp-json\/wp\/v2\/types\/product"}],"wp:attachment":[{"href":"https:\/\/roveyayinevi.com.tr\/index.php\/wp-json\/wp\/v2\/media?parent=713874"}],"wp:term":[{"taxonomy":"product_brand","embeddable":true,"href":"https:\/\/roveyayinevi.com.tr\/index.php\/wp-json\/wp\/v2\/product_brand?post=713874"},{"taxonomy":"product_cat","embeddable":true,"href":"https:\/\/roveyayinevi.com.tr\/index.php\/wp-json\/wp\/v2\/product_cat?post=713874"},{"taxonomy":"product_tag","embeddable":true,"href":"https:\/\/roveyayinevi.com.tr\/index.php\/wp-json\/wp\/v2\/product_tag?post=713874"}],"curies":[{"name":"wp","href":"https:\/\/api.w.org\/{rel}","templated":true}]}}