{"id":713873,"date":"2025-08-27T17:12:37","date_gmt":"2025-08-27T14:12:37","guid":{"rendered":"https:\/\/roveyayinevi.com.tr\/index.php\/urun\/pinokyo-13\/"},"modified":"2026-04-16T02:22:22","modified_gmt":"2026-04-15T23:22:22","slug":"pinokyo-13","status":"publish","type":"product","link":"https:\/\/roveyayinevi.com.tr\/index.php\/urun\/pinokyo-13\/","title":{"rendered":"Pinokyo"},"content":{"rendered":"<p>On dokuzuncu y\u00fczy\u0131l\u0131n sonunda, peri masallar\u0131 \u00e7eviren bir \u0130talyan gazetecinin hayalh\u00e2nesinden \u00e7\u0131kan; her \u015feyi merak eden, okula gitmek yerine gezip tozmak ve oynamak isteyen, yalan s\u00f6yledi\u011finde burnu uzayan; evinden ayr\u0131l\u0131\u015f\u0131, erginle\u015fmesini sa\u011flayan ser\u00fcvenleri ve eve d\u00f6n\u00fc\u015f\u00fcyle, dahil oldu\u011fu evrensel kahraman mitosu arketipini yal\u0131n bir hik\u00e2ye i\u00e7inde ve ba\u015far\u0131yla temsil ederek modern klasikler aras\u0131na dahil olan Pinokyo, yaz\u0131l\u0131\u015f\u0131n\u0131n \u00fcst\u00fcnden yakla\u015f\u0131k  bir bu\u00e7uk as\u0131r ge\u00e7tikten sonra bile bizi hem \u00e7ocuklu\u011fumuza hem d\u00fcnyan\u0131n en b\u00fcy\u00fck ve eski yolculu\u011funa davet etme g\u00fcc\u00fcn\u00fc koruyor. <\/p>\n","protected":false},"excerpt":{"rendered":"<p>On dokuzuncu y\u00fczy\u0131l\u0131n sonunda, peri masallar\u0131 \u00e7eviren bir \u0130talyan gazetecinin hayalh\u00e2nesinden \u00e7\u0131kan; her \u015feyi merak eden, okula gitmek yerine gezip tozmak ve oynamak isteyen, yalan s\u00f6yledi\u011finde<span class=\"excerpt-hellip\"> [\u2026]<\/span><\/p>\n","protected":false},"featured_media":0,"template":"","meta":{"_monsterinsights_skip_tracking":false,"_monsterinsights_sitenote_active":false,"_monsterinsights_sitenote_note":"","_monsterinsights_sitenote_category":0},"product_brand":[],"product_cat":[12274,12467],"product_tag":[],"class_list":{"0":"post-713873","1":"product","2":"type-product","3":"status-publish","5":"product_cat-cocuk-ve-genclik-kitaplari","6":"product_cat-dunya-klasikleri","7":"pa_cilt-ciltli","8":"pa_tur-kitap","9":"pa_yayinevi-otuken-nesriyat","10":"pa_yazar-carlo-collodi","12":"first","13":"instock","14":"sale","15":"shipping-taxable","16":"purchasable","17":"product-type-simple"},"_links":{"self":[{"href":"https:\/\/roveyayinevi.com.tr\/index.php\/wp-json\/wp\/v2\/product\/713873","targetHints":{"allow":["GET"]}}],"collection":[{"href":"https:\/\/roveyayinevi.com.tr\/index.php\/wp-json\/wp\/v2\/product"}],"about":[{"href":"https:\/\/roveyayinevi.com.tr\/index.php\/wp-json\/wp\/v2\/types\/product"}],"wp:attachment":[{"href":"https:\/\/roveyayinevi.com.tr\/index.php\/wp-json\/wp\/v2\/media?parent=713873"}],"wp:term":[{"taxonomy":"product_brand","embeddable":true,"href":"https:\/\/roveyayinevi.com.tr\/index.php\/wp-json\/wp\/v2\/product_brand?post=713873"},{"taxonomy":"product_cat","embeddable":true,"href":"https:\/\/roveyayinevi.com.tr\/index.php\/wp-json\/wp\/v2\/product_cat?post=713873"},{"taxonomy":"product_tag","embeddable":true,"href":"https:\/\/roveyayinevi.com.tr\/index.php\/wp-json\/wp\/v2\/product_tag?post=713873"}],"curies":[{"name":"wp","href":"https:\/\/api.w.org\/{rel}","templated":true}]}}