{"id":713871,"date":"2025-08-27T17:12:36","date_gmt":"2025-08-27T14:12:36","guid":{"rendered":"https:\/\/roveyayinevi.com.tr\/index.php\/urun\/100-satolu-cocuk\/"},"modified":"2026-04-16T02:22:22","modified_gmt":"2026-04-15T23:22:22","slug":"100-satolu-cocuk","status":"publish","type":"product","link":"https:\/\/roveyayinevi.com.tr\/index.php\/urun\/100-satolu-cocuk\/","title":{"rendered":"100 \u015eatolu \u00c7ocuk"},"content":{"rendered":"<p>Bazen bir resim defterinde sakl\u0131d\u0131r sevgi&#8230;\u0130talyan edebiyat\u0131n\u0131n Hans Christian Andersen \u00d6d\u00fcll\u00fc yazar\u0131 Angela Nanetti&#8217;den \u00e7ocuklar i\u00e7in b\u00fcy\u00fcl\u00fc bir roman daha. Dedem Bir Kiraz A\u011fac\u0131 ve D\u00fc\u015fler Sirki kitaplar\u0131yla \u00e7ok sevilen yazar, okurlar\u0131n\u0131 bu kez, yetimhanede b\u00fcy\u00fcyen bir \u00e7ocu\u011fun reng\u00e2renk hayallerine ortak ediyor. Sanat\u0131n sa\u011falt\u0131c\u0131 g\u00fcc\u00fcnden d\u0131\u015f g\u00f6r\u00fcn\u00fc\u015fe, toplumsal y\u0131k\u0131mlardan bellek mek\u00e2nlar\u0131na bir\u00e7ok \u00f6nemli temay\u0131 ustaca i\u015fleyen roman, zengin alt okumalar\u0131yla dikkati \u00e7ekiyor. Yal\u0131n ve etkili anlat\u0131m\u0131yla yaln\u0131z bir \u00e7ocu\u011fun \u00f6zlemlerini duyumsatan yazar, s\u0131ms\u0131cak bir dostluk hik\u00e2yesine davet ediyor.Viola&#8217;n\u0131n gu\u0308nleri yetimhanede ge\u00e7mektedir. Tav\u015fanduda\u011f\u0131ndan dolay\u0131 alay konusu olan Viola, yaln\u0131z ve arkada\u015fs\u0131zd\u0131r. Hi\u00e7bir &#8220;pazar annesi&#8221; de onu evine davet etmemektedir. Ku\u0308\u00e7u\u0308k k\u0131z\u0131n tek mutlulu\u011fu, \u015fato resimleri yapmakt\u0131r. Haylazl\u0131\u011f\u0131 yu\u0308zu\u0308nden verilen cezadan ka\u00e7t\u0131\u011f\u0131 bir gu\u0308n yak\u0131ndaki Hayaletli Ev&#8217;de, tuhaf bir ya\u015fl\u0131 adama rastlar. Bir yarasa ile &#8220;ku\u0308f&#8221;\u00fcn de ya\u015fad\u0131\u011f\u0131 bu ev Viola&#8217;n\u0131n hayat\u0131n\u0131 beklenmedik \u015fekilde de\u011fi\u015ftirecektir&#8230; <\/p>\n","protected":false},"excerpt":{"rendered":"<p>Bazen bir resim defterinde sakl\u0131d\u0131r sevgi&#8230;\u0130talyan edebiyat\u0131n\u0131n Hans Christian Andersen \u00d6d\u00fcll\u00fc yazar\u0131 Angela Nanetti&#8217;den \u00e7ocuklar i\u00e7in b\u00fcy\u00fcl\u00fc bir roman daha. Dedem Bir Kiraz A\u011fac\u0131 ve D\u00fc\u015fler<span class=\"excerpt-hellip\"> [\u2026]<\/span><\/p>\n","protected":false},"featured_media":0,"template":"","meta":{"_monsterinsights_skip_tracking":false,"_monsterinsights_sitenote_active":false,"_monsterinsights_sitenote_note":"","_monsterinsights_sitenote_category":0},"product_brand":[],"product_cat":[12274,12284],"product_tag":[],"class_list":{"0":"post-713871","1":"product","2":"type-product","3":"status-publish","5":"product_cat-cocuk-ve-genclik-kitaplari","6":"product_cat-hikayeler","7":"pa_cilt-ciltsiz","8":"pa_tur-kitap","9":"pa_yayinevi-gunisigi-kitapligi","10":"pa_yazar-angela-nanetti","12":"first","13":"instock","14":"sale","15":"shipping-taxable","16":"purchasable","17":"product-type-simple"},"_links":{"self":[{"href":"https:\/\/roveyayinevi.com.tr\/index.php\/wp-json\/wp\/v2\/product\/713871","targetHints":{"allow":["GET"]}}],"collection":[{"href":"https:\/\/roveyayinevi.com.tr\/index.php\/wp-json\/wp\/v2\/product"}],"about":[{"href":"https:\/\/roveyayinevi.com.tr\/index.php\/wp-json\/wp\/v2\/types\/product"}],"wp:attachment":[{"href":"https:\/\/roveyayinevi.com.tr\/index.php\/wp-json\/wp\/v2\/media?parent=713871"}],"wp:term":[{"taxonomy":"product_brand","embeddable":true,"href":"https:\/\/roveyayinevi.com.tr\/index.php\/wp-json\/wp\/v2\/product_brand?post=713871"},{"taxonomy":"product_cat","embeddable":true,"href":"https:\/\/roveyayinevi.com.tr\/index.php\/wp-json\/wp\/v2\/product_cat?post=713871"},{"taxonomy":"product_tag","embeddable":true,"href":"https:\/\/roveyayinevi.com.tr\/index.php\/wp-json\/wp\/v2\/product_tag?post=713871"}],"curies":[{"name":"wp","href":"https:\/\/api.w.org\/{rel}","templated":true}]}}