{"id":713869,"date":"2025-08-27T17:12:35","date_gmt":"2025-08-27T14:12:35","guid":{"rendered":"https:\/\/roveyayinevi.com.tr\/index.php\/urun\/hastaliklar-ve-rahatsizliklar-ansiklopedisi\/"},"modified":"2025-11-13T04:43:44","modified_gmt":"2025-11-13T01:43:44","slug":"hastaliklar-ve-rahatsizliklar-ansiklopedisi","status":"publish","type":"product","link":"https:\/\/roveyayinevi.com.tr\/index.php\/urun\/hastaliklar-ve-rahatsizliklar-ansiklopedisi\/","title":{"rendered":"Hastal\u0131klar ve Rahats\u0131zl\u0131klar Ansiklopedisi"},"content":{"rendered":"<p>Hastal\u0131klar\u0131n esiri olmak zorunda de\u011filsiniz!\u00c7\u00f6z\u00fcm asl\u0131nda duygular\u0131n\u0131zda gizli. Sa\u011fl\u0131k, dengemizi bulmam\u0131z ve mutlu olmam\u0131z i\u00e7in olmazsa olmazd\u0131r. Elinizde tuttu\u011funuz kitap hastal\u0131k ve rahats\u0131zl\u0131klar\u0131n metafizik y\u00f6nlerini inceleyen e\u015fsiz bir yap\u0131t. V\u00fccudun her b\u00f6lgesini etkileyen sekiz y\u00fczden fazla hastal\u0131\u011f\u0131 inceleyen Jacques Martel bu hastal\u0131klar\u0131n d\u00fc\u015f\u00fcnce ve duygularla ba\u011flant\u0131s\u0131n\u0131 ortaya koyuyor. Bir rehber niteli\u011findeki bu kitap fark\u0131ndal\u0131\u011fa var\u0131p kendinizi ve sevdiklerinizi tan\u0131maya ba\u015flaman\u0131z i\u00e7in yaz\u0131ld\u0131 ve t\u00fcm okuyuculara iyile\u015fme s\u00fcrecinde baz\u0131 \u015feylerin fark\u0131na varma, ara\u015ft\u0131rma ve de\u011fi\u015ftirme konular\u0131nda yard\u0131m etmek i\u00e7in haz\u0131rland\u0131. Bu kitab\u0131n amac\u0131 hastal\u0131k ve rahats\u0131zl\u0131klara do\u011frudan bir \u00e7\u00f6z\u00fcm bulmak de\u011fil, ya\u015fad\u0131\u011f\u0131m\u0131z hastal\u0131\u011f\u0131n d\u00fc\u015f\u00fcncelerimizden ve duygular\u0131m\u0131zdan kaynakland\u0131\u011f\u0131n\u0131n fark\u0131na varmak ve hayat\u0131m\u0131zda de\u011fi\u015fiklikler yapabilmek, b\u00f6ylece de iyile\u015fmek i\u00e7in ne gibi yollar izlememiz gerekti\u011fini a\u00e7\u0131klamakt\u0131r. \u00c7\u00fcnk\u00fc as\u0131l g\u00fc\u00e7 i\u00e7imizden gelen g\u00fc\u00e7t\u00fcr; asl\u0131nda hepimiz kendi hayat\u0131m\u0131z\u0131n yarat\u0131c\u0131s\u0131y\u0131z. Ve ne kadar fark\u0131ndal\u0131\u011fa ula\u015f\u0131rsak o kadar de\u011fi\u015febiliriz. Kitapta verilen olumlamalar, Jacques Martel\u2019in yaratt\u0131\u011f\u0131 b\u00fct\u00fcnle\u015ftirme tekni\u011fiyle birlikte okundu\u011funda okuyucunun tav\u0131r, inan\u00e7 ve d\u00fc\u015f\u00fcncelerini de\u011fi\u015ftirecek ve hastal\u0131\u011f\u0131n\u0131n k\u00f6kenindeki bilin\u00e7li ya da bilin\u00e7d\u0131\u015f\u0131ndan gelen \u00e7at\u0131\u015fmay\u0131 ortadan kald\u0131racakt\u0131r. Bundan sonra iyile\u015fme s\u00fcreci ba\u015flayacak ve okuyucu sa\u011fl\u0131\u011f\u0131n\u0131, mutlulu\u011funu ve ya\u015fam sevincini yeniden kazanacakt\u0131r. Jacques Martel, 1978 y\u0131l\u0131ndan beri psikoterapi alan\u0131nda dersler ve konferanslar vermekte, 1988 y\u0131l\u0131ndan beri de ki\u015fisel geli\u015fim seminerleri d\u00fczenlemektedir. Geli\u015ftirdi\u011fi fark\u0131ndal\u0131k i\u00e7inde nefes alma tekni\u011fi ile psikoterapi alan\u0131ndaki deneyimi birle\u015ftirerek, at\u00f6lyelerine ve konferanslar\u0131na kat\u0131lan, kendisine dan\u0131\u015fan ya da kitaplar\u0131n\u0131 okuyan insanlara yeni kap\u0131lar a\u00e7maktad\u0131r. \u00c7al\u0131\u015fmalar\u0131na Kanada ve Avrupa\u2019da devam eden Martel, Atma Ki\u015fisel Geli\u015fim Merkezi ve Atma Yay\u0131nlar\u0131\u2019n\u0131n da kurucusudur. <\/p>\n","protected":false},"excerpt":{"rendered":"<p>Hastal\u0131klar\u0131n esiri olmak zorunda de\u011filsiniz!\u00c7\u00f6z\u00fcm asl\u0131nda duygular\u0131n\u0131zda gizli. Sa\u011fl\u0131k, dengemizi bulmam\u0131z ve mutlu olmam\u0131z i\u00e7in olmazsa olmazd\u0131r. Elinizde tuttu\u011funuz kitap hastal\u0131k ve rahats\u0131zl\u0131klar\u0131n metafizik y\u00f6nlerini inceleyen<span class=\"excerpt-hellip\"> [\u2026]<\/span><\/p>\n","protected":false},"featured_media":0,"template":"","meta":{"_monsterinsights_skip_tracking":false,"_monsterinsights_sitenote_active":false,"_monsterinsights_sitenote_note":"","_monsterinsights_sitenote_category":0},"product_brand":[],"product_cat":[12364,12376],"product_tag":[],"class_list":{"0":"post-713869","1":"product","2":"type-product","3":"status-publish","5":"product_cat-genel-konular","6":"product_cat-kisisel-gelisim","7":"pa_cilt-ciltsiz","8":"pa_tur-kitap","9":"pa_yayinevi-pegasus-yayinlari","10":"pa_yazar-jacques-martel","12":"first","13":"instock","14":"sale","15":"shipping-taxable","16":"purchasable","17":"product-type-simple"},"_links":{"self":[{"href":"https:\/\/roveyayinevi.com.tr\/index.php\/wp-json\/wp\/v2\/product\/713869","targetHints":{"allow":["GET"]}}],"collection":[{"href":"https:\/\/roveyayinevi.com.tr\/index.php\/wp-json\/wp\/v2\/product"}],"about":[{"href":"https:\/\/roveyayinevi.com.tr\/index.php\/wp-json\/wp\/v2\/types\/product"}],"wp:attachment":[{"href":"https:\/\/roveyayinevi.com.tr\/index.php\/wp-json\/wp\/v2\/media?parent=713869"}],"wp:term":[{"taxonomy":"product_brand","embeddable":true,"href":"https:\/\/roveyayinevi.com.tr\/index.php\/wp-json\/wp\/v2\/product_brand?post=713869"},{"taxonomy":"product_cat","embeddable":true,"href":"https:\/\/roveyayinevi.com.tr\/index.php\/wp-json\/wp\/v2\/product_cat?post=713869"},{"taxonomy":"product_tag","embeddable":true,"href":"https:\/\/roveyayinevi.com.tr\/index.php\/wp-json\/wp\/v2\/product_tag?post=713869"}],"curies":[{"name":"wp","href":"https:\/\/api.w.org\/{rel}","templated":true}]}}