{"id":713868,"date":"2025-08-27T17:12:34","date_gmt":"2025-08-27T14:12:34","guid":{"rendered":"https:\/\/roveyayinevi.com.tr\/index.php\/urun\/islamda-devlet-yonetimi-lider-yoneticiler-hz-muhammed-hz-ebubekir-hz-omer-hz-osman-hz-ali\/"},"modified":"2026-04-16T02:22:22","modified_gmt":"2026-04-15T23:22:22","slug":"islamda-devlet-yonetimi-lider-yoneticiler-hz-muhammed-hz-ebubekir-hz-omer-hz-osman-hz-ali","status":"publish","type":"product","link":"https:\/\/roveyayinevi.com.tr\/index.php\/urun\/islamda-devlet-yonetimi-lider-yoneticiler-hz-muhammed-hz-ebubekir-hz-omer-hz-osman-hz-ali\/","title":{"rendered":"\u0130slam&#8217;da Devlet Y\u00f6netimi Lider Y\u00f6neticiler &#8211; Hz. Muhammed &#8211; Hz. Ebubekir &#8211; Hz. \u00d6mer &#8211; Hz. Osman &#8211; Hz. Ali"},"content":{"rendered":"<p>\u0130slam dini, \u00fclkede ya\u015fayan M\u00fcsl\u00fcmanlar\u0131n ve t\u00fcm yurtta\u015flar\u0131n bar\u0131\u015f, dostluk ve karde\u015flik, huzur ve g\u00fcvenlik, refah ve mutluluk i\u00e7inde ya\u015famalar\u0131n\u0131 sa\u011flamak \u00fczere; evrensel olarak \u015fura ve me\u015fveret, hukuka ba\u011fl\u0131l\u0131k adalet ve hakkaniyet ehliyet ve liyakat ilkelerini getirmi\u015f; devletin ve toplumun bu esaslara g\u00f6re y\u00f6netilmesini emretmi\u015ftir. Bu ilkeleri ger\u00e7ekle\u015ftirmek \u00fczere \u0130slam&#8217;da \u00f6ng\u00f6r\u00fclen y\u00f6netim sistemi ilkece devlet ba\u015fkan\u0131n\u0131n se\u00e7imle i\u015fba\u015f\u0131na geldi\u011fi; parlementoya, hukukun \u00fcst\u00fcnl\u00fc\u011f\u00fcne ve insan haklar\u0131na dayanan demokratik cumhuri sistemdir. \ufffcTan\u0131t\u0131m Metni<\/p>\n","protected":false},"excerpt":{"rendered":"<p>\u0130slam dini, \u00fclkede ya\u015fayan M\u00fcsl\u00fcmanlar\u0131n ve t\u00fcm yurtta\u015flar\u0131n bar\u0131\u015f, dostluk ve karde\u015flik, huzur ve g\u00fcvenlik, refah ve mutluluk i\u00e7inde ya\u015famalar\u0131n\u0131 sa\u011flamak \u00fczere; evrensel olarak \u015fura ve<span class=\"excerpt-hellip\"> [\u2026]<\/span><\/p>\n","protected":false},"featured_media":0,"template":"","meta":{"_monsterinsights_skip_tracking":false,"_monsterinsights_sitenote_active":false,"_monsterinsights_sitenote_note":"","_monsterinsights_sitenote_category":0},"product_brand":[],"product_cat":[12718,12719],"product_tag":[],"class_list":{"0":"post-713868","1":"product","2":"type-product","3":"status-publish","5":"product_cat-din","6":"product_cat-islam","7":"pa_cilt-ciltsiz","8":"pa_tur-kitap","9":"pa_yayinevi-astana-yayinlari","10":"pa_yazar-nihat-ayturk","12":"first","13":"instock","14":"sale","15":"shipping-taxable","16":"purchasable","17":"product-type-simple"},"_links":{"self":[{"href":"https:\/\/roveyayinevi.com.tr\/index.php\/wp-json\/wp\/v2\/product\/713868","targetHints":{"allow":["GET"]}}],"collection":[{"href":"https:\/\/roveyayinevi.com.tr\/index.php\/wp-json\/wp\/v2\/product"}],"about":[{"href":"https:\/\/roveyayinevi.com.tr\/index.php\/wp-json\/wp\/v2\/types\/product"}],"wp:attachment":[{"href":"https:\/\/roveyayinevi.com.tr\/index.php\/wp-json\/wp\/v2\/media?parent=713868"}],"wp:term":[{"taxonomy":"product_brand","embeddable":true,"href":"https:\/\/roveyayinevi.com.tr\/index.php\/wp-json\/wp\/v2\/product_brand?post=713868"},{"taxonomy":"product_cat","embeddable":true,"href":"https:\/\/roveyayinevi.com.tr\/index.php\/wp-json\/wp\/v2\/product_cat?post=713868"},{"taxonomy":"product_tag","embeddable":true,"href":"https:\/\/roveyayinevi.com.tr\/index.php\/wp-json\/wp\/v2\/product_tag?post=713868"}],"curies":[{"name":"wp","href":"https:\/\/api.w.org\/{rel}","templated":true}]}}