{"id":713867,"date":"2025-08-27T17:12:34","date_gmt":"2025-08-27T14:12:34","guid":{"rendered":"https:\/\/roveyayinevi.com.tr\/index.php\/urun\/ortadoguda-otoriter-siyasal-rejimler\/"},"modified":"2026-04-16T02:22:22","modified_gmt":"2026-04-15T23:22:22","slug":"ortadoguda-otoriter-siyasal-rejimler","status":"publish","type":"product","link":"https:\/\/roveyayinevi.com.tr\/index.php\/urun\/ortadoguda-otoriter-siyasal-rejimler\/","title":{"rendered":"Ortado\u011fu&#8217;da Otoriter Siyasal Rejimler"},"content":{"rendered":"<p>Ortado\u011fudaki siyasi y\u00f6netimlerde hukukun \u00fcst\u00fcnl\u00fc\u011f\u00fc sa\u011flanmad\u0131k\u00e7a kendi dinamikleriyle i\u015fleyen bir toplumsal yap\u0131n\u0131n ve istikrarl\u0131 bir rejim in\u015fas\u0131n\u0131n m\u00fcmk\u00fcn olmad\u0131\u011f\u0131 ger\u00e7e\u011fi kendisini her zaman hissettirecektir. \ufffcTan\u0131t\u0131m Metni<\/p>\n","protected":false},"excerpt":{"rendered":"<p>Ortado\u011fudaki siyasi y\u00f6netimlerde hukukun \u00fcst\u00fcnl\u00fc\u011f\u00fc sa\u011flanmad\u0131k\u00e7a kendi dinamikleriyle i\u015fleyen bir toplumsal yap\u0131n\u0131n ve istikrarl\u0131 bir rejim in\u015fas\u0131n\u0131n m\u00fcmk\u00fcn olmad\u0131\u011f\u0131 ger\u00e7e\u011fi kendisini her zaman hissettirecektir. \ufffcTan\u0131t\u0131m Metni<\/p>\n","protected":false},"featured_media":0,"template":"","meta":{"_monsterinsights_skip_tracking":false,"_monsterinsights_sitenote_active":false,"_monsterinsights_sitenote_note":"","_monsterinsights_sitenote_category":0},"product_brand":[],"product_cat":[13590,12337],"product_tag":[],"class_list":{"0":"post-713867","1":"product","2":"type-product","3":"status-publish","5":"product_cat-arastirma-inceleme-politika-siyaset","6":"product_cat-politika-siyaset","7":"pa_cilt-ciltsiz","8":"pa_tur-kitap","9":"pa_yayinevi-astana-yayinlari","10":"pa_yazar-gulden-camurcuoglu","12":"first","13":"instock","14":"sale","15":"shipping-taxable","16":"purchasable","17":"product-type-simple"},"_links":{"self":[{"href":"https:\/\/roveyayinevi.com.tr\/index.php\/wp-json\/wp\/v2\/product\/713867","targetHints":{"allow":["GET"]}}],"collection":[{"href":"https:\/\/roveyayinevi.com.tr\/index.php\/wp-json\/wp\/v2\/product"}],"about":[{"href":"https:\/\/roveyayinevi.com.tr\/index.php\/wp-json\/wp\/v2\/types\/product"}],"wp:attachment":[{"href":"https:\/\/roveyayinevi.com.tr\/index.php\/wp-json\/wp\/v2\/media?parent=713867"}],"wp:term":[{"taxonomy":"product_brand","embeddable":true,"href":"https:\/\/roveyayinevi.com.tr\/index.php\/wp-json\/wp\/v2\/product_brand?post=713867"},{"taxonomy":"product_cat","embeddable":true,"href":"https:\/\/roveyayinevi.com.tr\/index.php\/wp-json\/wp\/v2\/product_cat?post=713867"},{"taxonomy":"product_tag","embeddable":true,"href":"https:\/\/roveyayinevi.com.tr\/index.php\/wp-json\/wp\/v2\/product_tag?post=713867"}],"curies":[{"name":"wp","href":"https:\/\/api.w.org\/{rel}","templated":true}]}}