{"id":713863,"date":"2025-08-27T17:12:31","date_gmt":"2025-08-27T14:12:31","guid":{"rendered":"https:\/\/roveyayinevi.com.tr\/index.php\/urun\/benim-garip-hikayem\/"},"modified":"2026-04-16T02:22:22","modified_gmt":"2026-04-15T23:22:22","slug":"benim-garip-hikayem","status":"publish","type":"product","link":"https:\/\/roveyayinevi.com.tr\/index.php\/urun\/benim-garip-hikayem\/","title":{"rendered":"Benim Garip Hikayem"},"content":{"rendered":"<p>Bir ak\u015fam vaktiydi&#8230; Hayat\u0131m\u0131n o anda de\u011fi\u015fece\u011fini nereden bilebilirdim ki? Bir anda b\u00fct\u00fcn planlar\u0131m\u0131n tekrar tepetaklak olmas\u0131 ve bamba\u015fka bir yola s\u00fcr\u00fcklenmem&#8230; B\u00fcy\u00fck bir belirsizlik vard\u0131. Bu da beni \u00e7ok korkutuyordu. Nas\u0131l oldu bilmiyorum ama bir \u015fekilde sanki bir anda bir d\u00fc\u011fmeye bas\u0131lm\u0131\u015f ve ben se\u00e7ilmi\u015ftim. Hani f ilmlerde &#8216;se\u00e7ilmi\u015f&#8217; ki\u015filer \u015fehirlerini bir canavardan kurtar\u0131rlar,u\u00e7arlar, ka\u00e7arlar ya, ama ben sanki insanlar\u0131 g\u00fcld\u00fcrmek i\u00e7in a\u011flamas\u0131 gereken &#8216;se\u00e7ilmi\u015f ki\u015fi&#8217; idim&#8230; Ba\u015f\u0131ma gelenleri bundan ba\u015fka bir \u015fey a\u00e7\u0131klayam\u0131yorum. Peki, \u015fik\u00e2yet\u00e7i miydim? Yoo. Sen g\u00fcl\u00fcyorsun, ben g\u00fcl\u00fcyorum, \u00e2lem g\u00fcl\u00fcyor. Belki a\u011flanacak halimize g\u00fcl\u00fcyoruz ama en az\u0131ndan g\u00fcl\u00fcyoruz. Mutsuzluktan nefret ederim \u00e7\u00fcnk\u00fc. \u0130nsanlar\u0131n somurtmas\u0131ndan, hele bir de y\u00fcz\u00fcme kar\u015f\u0131. Dayanamam. Ondan dolay\u0131 vars\u0131n g\u00fcls\u00fcnler. Benimle dalga m\u0131 ge\u00e7mek istiyorsun? Tamam ge\u00e7 birader, m\u00fchim de\u011fil. Ammaaa&#8230; \u0130nand\u0131\u011f\u0131m ve u\u011fruna ya\u015fad\u0131\u011f\u0131m \u015feyle dalga ge\u00e7emezsin!! Ge\u00e7irtmem! \u015eimdi sen bu s\u00f6ylediklerimden hi\u00e7bir \u015fey anlamad\u0131n de\u011fil mi? Biliyorum. Dur \u00f6yleyse, en iyisi sana her \u015feyi en ba\u015f\u0131ndan anlatay\u0131m&#8230; Ba\u015f\u0131na gelen ilgin\u00e7 olaylarla ya\u015fad\u0131\u011f\u0131 b\u00fcy\u00fck d\u00f6n\u00fc\u015f\u00fcm\u00fcn ard\u0131ndan Mert,bu kez kendi mahallesinde bir iyilik hareketi ba\u015flat\u0131yor. Farkl\u0131 insanlarla tan\u0131\u015f\u0131yor, s\u00fcrpriz olaylar ya\u015f\u0131yor, beklenmedik tepkilerle kar\u015f\u0131la\u015f\u0131yor&#8230; Acaba Mert, ya\u015fad\u0131\u011f\u0131 zorluklara ra\u011fmen amac\u0131na ula\u015fabilecek mi? \u0130nand\u0131\u011f\u0131 \u015fey u\u011fruna en de\u011fer verdi\u011fi ki\u015fiden ayr\u0131lmay\u0131 g\u00f6ze alabilecek mi? S\u0131radan gibi g\u00f6r\u00fcnen insanlar\u0131n ne kadar zengin d\u00fcnyalar\u0131 olabilece\u011fini g\u00f6rd\u00fc\u011f\u00fcnde sen de \u00e7ok \u015fa\u015f\u0131racaks\u0131n. Mert&#8217;le birlikte yeni bir maceraya at\u0131lmaya var m\u0131s\u0131n? <\/p>\n","protected":false},"excerpt":{"rendered":"<p>Bir ak\u015fam vaktiydi&#8230; Hayat\u0131m\u0131n o anda de\u011fi\u015fece\u011fini nereden bilebilirdim ki? Bir anda b\u00fct\u00fcn planlar\u0131m\u0131n tekrar tepetaklak olmas\u0131 ve bamba\u015fka bir yola s\u00fcr\u00fcklenmem&#8230; B\u00fcy\u00fck bir belirsizlik vard\u0131.<span class=\"excerpt-hellip\"> [\u2026]<\/span><\/p>\n","protected":false},"featured_media":0,"template":"","meta":{"_monsterinsights_skip_tracking":false,"_monsterinsights_sitenote_active":false,"_monsterinsights_sitenote_note":"","_monsterinsights_sitenote_category":0},"product_brand":[],"product_cat":[12291,15117],"product_tag":[],"class_list":{"0":"post-713863","1":"product","2":"type-product","3":"status-publish","5":"product_cat-edebiyat","6":"product_cat-genclik-edebiyati","7":"pa_cilt-ciltsiz","8":"pa_tur-kitap","9":"pa_yayinevi-carpe-diem-kitaplari","10":"pa_yazar-yusuf-efe-gocer","12":"first","13":"instock","14":"sale","15":"shipping-taxable","16":"purchasable","17":"product-type-simple"},"_links":{"self":[{"href":"https:\/\/roveyayinevi.com.tr\/index.php\/wp-json\/wp\/v2\/product\/713863","targetHints":{"allow":["GET"]}}],"collection":[{"href":"https:\/\/roveyayinevi.com.tr\/index.php\/wp-json\/wp\/v2\/product"}],"about":[{"href":"https:\/\/roveyayinevi.com.tr\/index.php\/wp-json\/wp\/v2\/types\/product"}],"wp:attachment":[{"href":"https:\/\/roveyayinevi.com.tr\/index.php\/wp-json\/wp\/v2\/media?parent=713863"}],"wp:term":[{"taxonomy":"product_brand","embeddable":true,"href":"https:\/\/roveyayinevi.com.tr\/index.php\/wp-json\/wp\/v2\/product_brand?post=713863"},{"taxonomy":"product_cat","embeddable":true,"href":"https:\/\/roveyayinevi.com.tr\/index.php\/wp-json\/wp\/v2\/product_cat?post=713863"},{"taxonomy":"product_tag","embeddable":true,"href":"https:\/\/roveyayinevi.com.tr\/index.php\/wp-json\/wp\/v2\/product_tag?post=713863"}],"curies":[{"name":"wp","href":"https:\/\/api.w.org\/{rel}","templated":true}]}}